{"id":27026,"date":"2025-07-10T12:09:47","date_gmt":"2025-07-10T10:09:47","guid":{"rendered":"https:\/\/mes-pochoirs.com\/?post_type=product&#038;p=27026"},"modified":"2026-02-02T14:05:25","modified_gmt":"2026-02-02T13:05:25","slug":"schablone-heroine-manga-mgs015","status":"publish","type":"product","link":"https:\/\/mes-pochoirs.com\/de\/produit\/pochoir-heroine-manga-mgs015","title":{"rendered":"Manga Schablone - Sh\u014djo Heldin - MGS015"},"content":{"rendered":"<h2>Schablone Manga-Heldin<\/h2>\n<p>Diese Silhouette taucht wie aus einem unterbrochenen Mangafeld auf, eingefroren in einem Moment der Spannung und Bewegung. Sie ist leicht, aber entschlossen und verk\u00f6rpert die Energie, die japanischen Heldinnen eigen ist: weder Kriegerin noch zerbrechlich, einfach frei. Ihr K\u00f6rper ist geneigt, dynamisch, als w\u00fcrde sie sich trotz des Gegenwinds einer Welt, die man nicht sieht, aber um sie herum erahnt, vorw\u00e4rts bewegen.<\/p>\n<p>Ihr Aussehen erinnert an die Sh\u014djo-Welt in ihrer grafischsten und ausdrucksst\u00e4rksten Form: selbstbewusste Haltung, stilisierte Kleidungsvorschriften, eine Mischung aus Alltag und Fiktion. Man wei\u00df nicht, ob sie irgendwohin geht, ob sie flieht oder sucht - aber sie geht hindurch. Sie durchschneidet die Szenerie, wie ein Splitter der visuellen Erz\u00e4hlung, der auf eine ges\u00e4ttigte Wand gelegt wird.<\/p>\n<p>Der pr\u00e4zise Strich dieser Schablone erm\u00f6glicht ein klares und unmittelbares Lesen. Doch hinter dieser Klarheit verbirgt sich eine komplexe, fast schwer fassbare Figur. Man sp\u00fcrt eine Geschichte, aber sie wird nicht erz\u00e4hlt. Sie l\u00e4sst sich nur erahnen. Diese <strong>Schablone Manga-Heldin<\/strong> ist genau daf\u00fcr gemacht: andeuten, ohne einzuschlie\u00dfen, enth\u00fcllen, ohne zu benennen. Es l\u00e4sst dem Betrachter die Freiheit, zu interpretieren und sich vorzustellen, was diese junge Heldin auf ihrem Weg mit sich tr\u00e4gt.<\/p>\n<p>Gedacht f\u00fcr Liebhaber der japanischen Kultur, der urbanen Kunst und des stillen Erz\u00e4hlens, ist dieses Modell von <strong>Schablone Manga-Heldin<\/strong>passt sich jedem Untergrund an: Wand, Leinwand, M\u00f6bel, Dekor. So wird es mehr als ein Motiv: Es wird zu einer Pr\u00e4senz. Eine Br\u00fccke zwischen der Zeichnung und der Stadt, zwischen der Ikone und dem Anonymen. Eine Figur, die nicht gesehen werden will, sondern der man begegnen m\u00f6chte.<\/p>","protected":false},"excerpt":{"rendered":"<p><strong>Schablone Manga-Heldin<\/strong>Diese Farbe ist perfekt f\u00fcr k\u00fcnstlerische Dekorationen oder Streetart-Bilder. Wiederverwendbar, pr\u00e4zise, mehrere Gr\u00f6\u00dfen und einfach anzuwenden.<\/p>","protected":false},"featured_media":26912,"comment_status":"open","ping_status":"closed","template":"","meta":{"bwfblock_default_font":"","_kad_blocks_custom_css":"","_kad_blocks_head_custom_js":"","_kad_blocks_body_custom_js":"","_kad_blocks_footer_custom_js":"","_kadence_starter_templates_imported_post":false,"_kad_post_transparent":"default","_kad_post_title":"","_kad_post_layout":"default","_kad_post_sidebar_id":"","_kad_post_content_style":"default","_kad_post_vertical_padding":"default","_kad_post_feature":"","_kad_post_feature_position":"","_kad_post_header":false,"_kad_post_footer":false,"_kad_post_classname":""},"product_brand":[1415],"product_cat":[1522,481,1434,1433,328],"product_tag":[1438,1441,523,822,586,528,1614,1440,994,1439,1526,1436,703,1442,1437],"class_list":{"0":"post-27026","1":"product","2":"type-product","3":"status-publish","4":"has-post-thumbnail","6":"product_brand-mes-pochoirs","7":"product_cat-manga-sutenshiru","8":"product_cat-collections","9":"product_cat-pochoirs-manga","10":"product_cat-pochoirs-manga-univers-japonais","11":"product_cat-pochoirs-street-art","12":"product_tag-art-japonais","13":"product_tag-asiatique","14":"product_tag-bd","15":"product_tag-dessin","16":"product_tag-dessin-anime","17":"product_tag-fille","18":"product_tag-heroine","19":"product_tag-inspiration-asiatique","20":"product_tag-japon","21":"product_tag-japonais","22":"product_tag-japonaise","23":"product_tag-manga","24":"product_tag-personnage","25":"product_tag-shojo","26":"product_tag-sutenshiru","28":"first","29":"instock","30":"taxable","31":"shipping-taxable","32":"purchasable","33":"product-type-variable","34":"entry","35":"content-bg","36":"loop-entry"},"taxonomy_info":{"product_brand":[{"value":1415,"label":"Mes Pochoirs"}],"product_cat":[{"value":1522,"label":"Manga Sutenshiru"},{"value":481,"label":"Collections"},{"value":1434,"label":"Manga"},{"value":1433,"label":"Manga &amp; Univers Japonais"},{"value":328,"label":"Street Art"}],"product_tag":[{"value":1438,"label":"art japonais"},{"value":1441,"label":"asiatique"},{"value":523,"label":"BD"},{"value":822,"label":"dessin"},{"value":586,"label":"dessin anim\u00e9"},{"value":528,"label":"fille"},{"value":1614,"label":"h\u00e9roine"},{"value":1440,"label":"inspiration asiatique"},{"value":994,"label":"japon"},{"value":1439,"label":"Japonais"},{"value":1526,"label":"japonaise"},{"value":1436,"label":"manga"},{"value":703,"label":"personnage"},{"value":1442,"label":"sh\u014djo \""},{"value":1437,"label":"sutenshiru"}]},"featured_image_src_large":["https:\/\/mes-pochoirs.com\/wp-content\/uploads\/2025\/06\/MGS015-pochoir-collection-manga-sutenshiru-copyright-mes-pochoirs-858x1030.jpg",858,1030,true],"author_info":[],"comment_info":4,"_links":{"self":[{"href":"https:\/\/mes-pochoirs.com\/de\/wp-json\/wp\/v2\/product\/27026","targetHints":{"allow":["GET"]}}],"collection":[{"href":"https:\/\/mes-pochoirs.com\/de\/wp-json\/wp\/v2\/product"}],"about":[{"href":"https:\/\/mes-pochoirs.com\/de\/wp-json\/wp\/v2\/types\/product"}],"replies":[{"embeddable":true,"href":"https:\/\/mes-pochoirs.com\/de\/wp-json\/wp\/v2\/comments?post=27026"}],"wp:featuredmedia":[{"embeddable":true,"href":"https:\/\/mes-pochoirs.com\/de\/wp-json\/wp\/v2\/media\/26912"}],"wp:attachment":[{"href":"https:\/\/mes-pochoirs.com\/de\/wp-json\/wp\/v2\/media?parent=27026"}],"wp:term":[{"taxonomy":"product_brand","embeddable":true,"href":"https:\/\/mes-pochoirs.com\/de\/wp-json\/wp\/v2\/product_brand?post=27026"},{"taxonomy":"product_cat","embeddable":true,"href":"https:\/\/mes-pochoirs.com\/de\/wp-json\/wp\/v2\/product_cat?post=27026"},{"taxonomy":"product_tag","embeddable":true,"href":"https:\/\/mes-pochoirs.com\/de\/wp-json\/wp\/v2\/product_tag?post=27026"}],"curies":[{"name":"wp","href":"https:\/\/api.w.org\/{rel}","templated":true}]}}