{"id":27157,"date":"2025-06-19T09:53:54","date_gmt":"2025-06-19T07:53:54","guid":{"rendered":"https:\/\/mes-pochoirs.com\/?post_type=product&#038;p=27157"},"modified":"2025-10-31T12:40:20","modified_gmt":"2025-10-31T11:40:20","slug":"schablone-panel-no-missiles-u0015","status":"publish","type":"product","link":"https:\/\/mes-pochoirs.com\/de\/produit\/pochoir-panneau-no-missiles-u0015","title":{"rendered":"Schablone Panel \"No Missiles\" - U0015"},"content":{"rendered":"<h2>\ud83d\ude80 Schablone Schild \"No Missiles\"<\/h2>\n<p><strong>Schablone No Missiles Panel<\/strong>\u00a0- Dieses eindringliche Motiv verk\u00f6rpert eine klare, kraftvolle und universelle Botschaft: die des Friedens und der Abr\u00fcstung. Die grafische Darstellung eines durchgestrichenen Projektils in einem Kreis, die an Verbotsschilder erinnert, beschw\u00f6rt eindringlich das Ende bewaffneter Konflikte herauf. Mit wenigen Handgriffen verwandelt dieses visuelle Symbol jede Oberfl\u00e4che in ein Medium des engagierten Ausdrucks. Ob Sie sie auf eine Stadtmauer, ein zeitgen\u00f6ssisches Gem\u00e4lde, ein zweckentfremdetes M\u00f6belst\u00fcck oder ein individuell gestaltetes Kleidungsst\u00fcck anbringen, die Schablone wird zu einem visuellen Kommunikationsmittel, das niemanden gleichg\u00fcltig l\u00e4sst. Sie regt die Vorstellungskraft an, l\u00e4dt zum Dialog ein und projiziert Ihre Kreationen in eine \u00e4sthetische und zugleich militante Dimension.<\/p>\n<p>Sein Design ist von der universellen Sprache der Beschilderung und der visuellen Wirkung der Street Art inspiriert. Seine klaren Linien, die unmittelbare grafische Gestaltung und die formale Effizienz machen ihn zum idealen Modell f\u00fcr Maler, DIY-K\u00fcnstler, Dekorateure oder Liebhaber von Urban Art. Dank ihrer klaren Linienf\u00fchrung garantiert sie ein einfaches und pr\u00e4zises Auftragen, egal ob mit der Spr\u00fchdose, dem Pinsel oder der Rolle. Diese Schablone eignet sich hervorragend f\u00fcr Wandmalereien, Gem\u00e4lde, dekorative Objekte oder engagierte Kunstinstallationen.<\/p>\n<p>Mit dem <strong>Schablone No Missiles Panel<\/strong>Wenn Sie eine Grafik erstellen, schaffen Sie nicht nur ein Bild, sondern vermitteln auch eine Botschaft. Verleihen Sie Ihren Werken einen starken, engagierten und entschieden zeitgem\u00e4\u00dfen Charakter und profitieren Sie dabei von einem einfachen, nachhaltigen und inspirierenden grafischen Werkzeug.<\/p>","protected":false},"excerpt":{"rendered":"<p><strong>Schablone Panel \"No Missiles\" (Keine Raketen)<\/strong> boostet Ihre Wandmalerei: wiederverwendbar, hohe Qualit\u00e4t, beidseitig verwendbar, in verschiedenen Gr\u00f6\u00dfen f\u00fcr jedes Kunstwerk erh\u00e4ltlich.<\/p>","protected":false},"featured_media":27256,"comment_status":"open","ping_status":"closed","template":"","meta":{"bwfblock_default_font":"","_kad_blocks_custom_css":"","_kad_blocks_head_custom_js":"","_kad_blocks_body_custom_js":"","_kad_blocks_footer_custom_js":"","_kadence_starter_templates_imported_post":false,"_kad_post_transparent":"default","_kad_post_title":"","_kad_post_layout":"default","_kad_post_sidebar_id":"","_kad_post_content_style":"default","_kad_post_vertical_padding":"default","_kad_post_feature":"","_kad_post_feature_position":"","_kad_post_header":false,"_kad_post_footer":false,"_kad_post_classname":""},"product_brand":[1415],"product_cat":[273,328,315],"product_tag":[1451,1453,1223,285,1491,1064,275,1458,1034,1461,1454,319,274,1452,1456,1455,1047,324,286],"class_list":{"0":"post-27157","1":"product","2":"type-product","3":"status-publish","4":"has-post-thumbnail","6":"product_brand-mes-pochoirs","7":"product_cat-pochoirs-urbains","8":"product_cat-pochoirs-street-art","9":"product_cat-pochoirs-symboles","10":"product_tag-antimissile","11":"product_tag-desarmement","12":"product_tag-engagement","13":"product_tag-graffiti","14":"product_tag-interdit","15":"product_tag-liberte","16":"product_tag-message","17":"product_tag-militantisme","18":"product_tag-missile","19":"product_tag-opposition","20":"product_tag-pacifisme","21":"product_tag-paix","22":"product_tag-panneau","23":"product_tag-protestation","24":"product_tag-revendication","25":"product_tag-signaletique","26":"product_tag-streetart","27":"product_tag-symbole","28":"product_tag-urbain","30":"first","31":"instock","32":"taxable","33":"shipping-taxable","34":"purchasable","35":"product-type-variable","36":"has-default-attributes","37":"entry","38":"content-bg","39":"loop-entry"},"taxonomy_info":{"product_brand":[{"value":1415,"label":"Mes Pochoirs"}],"product_cat":[{"value":273,"label":"Urbains"},{"value":328,"label":"Street Art"},{"value":315,"label":"Symboles"}],"product_tag":[{"value":1451,"label":"antimissile"},{"value":1453,"label":"d\u00e9sarmement"},{"value":1223,"label":"engagement"},{"value":285,"label":"graffiti"},{"value":1491,"label":"interdit"},{"value":1064,"label":"Libert\u00e9"},{"value":275,"label":"message"},{"value":1458,"label":"militantisme"},{"value":1034,"label":"missile"},{"value":1461,"label":"opposition"},{"value":1454,"label":"pacifisme"},{"value":319,"label":"paix"},{"value":274,"label":"Panneau"},{"value":1452,"label":"protestation"},{"value":1456,"label":"revendication"},{"value":1455,"label":"signal\u00e9tique"},{"value":1047,"label":"Streetart"},{"value":324,"label":"symbole"},{"value":286,"label":"urbain"}]},"featured_image_src_large":["https:\/\/mes-pochoirs.com\/wp-content\/uploads\/2025\/06\/U0015-pochoir-panneau-no-missiles-copyright-mes-pochoirs-858x1030.jpg",858,1030,true],"author_info":[],"comment_info":0,"_links":{"self":[{"href":"https:\/\/mes-pochoirs.com\/de\/wp-json\/wp\/v2\/product\/27157","targetHints":{"allow":["GET"]}}],"collection":[{"href":"https:\/\/mes-pochoirs.com\/de\/wp-json\/wp\/v2\/product"}],"about":[{"href":"https:\/\/mes-pochoirs.com\/de\/wp-json\/wp\/v2\/types\/product"}],"replies":[{"embeddable":true,"href":"https:\/\/mes-pochoirs.com\/de\/wp-json\/wp\/v2\/comments?post=27157"}],"wp:featuredmedia":[{"embeddable":true,"href":"https:\/\/mes-pochoirs.com\/de\/wp-json\/wp\/v2\/media\/27256"}],"wp:attachment":[{"href":"https:\/\/mes-pochoirs.com\/de\/wp-json\/wp\/v2\/media?parent=27157"}],"wp:term":[{"taxonomy":"product_brand","embeddable":true,"href":"https:\/\/mes-pochoirs.com\/de\/wp-json\/wp\/v2\/product_brand?post=27157"},{"taxonomy":"product_cat","embeddable":true,"href":"https:\/\/mes-pochoirs.com\/de\/wp-json\/wp\/v2\/product_cat?post=27157"},{"taxonomy":"product_tag","embeddable":true,"href":"https:\/\/mes-pochoirs.com\/de\/wp-json\/wp\/v2\/product_tag?post=27157"}],"curies":[{"name":"wp","href":"https:\/\/api.w.org\/{rel}","templated":true}]}}