{"id":27229,"date":"2025-06-19T12:04:47","date_gmt":"2025-06-19T10:04:47","guid":{"rendered":"https:\/\/mes-pochoirs.com\/?post_type=product&#038;p=27229"},"modified":"2025-10-31T12:40:33","modified_gmt":"2025-10-31T11:40:33","slug":"schablone-mafiose-katze-sa0054","status":"publish","type":"product","link":"https:\/\/mes-pochoirs.com\/de\/produit\/pochoir-chat-mafieux-sa0054","title":{"rendered":"Schablone Katze Mafioso - SA0054"},"content":{"rendered":"<h2>Schablone Katze Mafioso - Zigarre &amp; Champagner<\/h2>\n<p><strong>Schablone Katze Mafioso:<\/strong>Die charismatische Katze, der Katzenmann, tr\u00e4gt einen tadellos sitzenden Anzug, eine Zigarre zwischen den Schnurrhaaren und ein selbstbewusst erhobenes Champagnerglas; er verk\u00f6rpert die unverkrampfte Opulenz und den scharfen Humor eines vierbeinigen \"Paten\". Diese selbstbewusste und zugleich schelmisch elegante Dandy-Katze erinnert an die ged\u00e4mpften Abende in Privatclubs, an selbstbewussten Luxus und eine herrlich schr\u00e4ge Selbstironie. Auf einer Atelierwand, einem modernen Gem\u00e4lde oder einem Vintage-M\u00f6belst\u00fcck angebracht, verwandelt die Schablone jeden Untergrund in eine Filmszene und ruft einen am\u00fcsierten Blick, ein komplizenhaftes L\u00e4cheln und einen sofortigen Dialog \u00fcber Macht, Erfolg ... und das Leben als Katze hervor!<\/p>\n<p><strong>Die Schablone Katze Mafioso<\/strong>ist in einem schicken Streetart-Stil gestaltet. Das Design kombiniert klare Konturen, kontrollierte Schattenbereiche und pr\u00e4zise Schnitte f\u00fcr ein klares Ergebnis beim ersten Spr\u00fchen, egal ob mit der Rolle oder dem Pinsel. Das wiederverwendbare, beidseitig verwendbare, aus hochwertigem Material gefertigte und in verschiedenen Gr\u00f6\u00dfen erh\u00e4ltliche Produkt ist das ideale Werkzeug f\u00fcr Maler, Graffiti-K\u00fcnstler, Dekorateure und DIY-Fans, die ihren Wandgem\u00e4lden oder selbstgestalteten Objekten einen Hauch von luxuri\u00f6ser Ironie verleihen m\u00f6chten. Die minimalistische \u00c4sthetik unterstreicht den Kontrast zwischen Raffinesse und Frechheit; Ihre Kunstwerke gewinnen an Modernit\u00e4t, Charakter und katzenhafter \"Coolness\", und das ohne zus\u00e4tzlichen technischen Aufwand.<\/p>","protected":false},"excerpt":{"rendered":"<p><strong>Schablone Katze Mafioso - Zigarre &amp; Champagner<\/strong> f\u00fcr Originalgem\u00e4lde. Wiederverwendbar, beidseitig verwendbar, verschiedene Gr\u00f6\u00dfen, garantierte Profi-Qualit\u00e4t.<\/p>","protected":false},"featured_media":27255,"comment_status":"open","ping_status":"closed","template":"","meta":{"bwfblock_default_font":"","_kad_blocks_custom_css":"","_kad_blocks_head_custom_js":"","_kad_blocks_body_custom_js":"","_kad_blocks_footer_custom_js":"","_kadence_starter_templates_imported_post":false,"_kad_post_transparent":"default","_kad_post_title":"","_kad_post_layout":"default","_kad_post_sidebar_id":"","_kad_post_content_style":"default","_kad_post_vertical_padding":"default","_kad_post_feature":"","_kad_post_feature_position":"","_kad_post_header":false,"_kad_post_footer":false,"_kad_post_classname":""},"product_brand":[1415],"product_cat":[328,364],"product_tag":[439,1495,1480,766,642,1481,1483,613,666,578,1074,1017,1479,1485,1496,1482,1484,691],"class_list":{"0":"post-27229","1":"product","2":"type-product","3":"status-publish","4":"has-post-thumbnail","6":"product_brand-mes-pochoirs","7":"product_cat-pochoirs-street-art","8":"product_cat-pochoirs-animaux","9":"product_tag-art","10":"product_tag-caricature","11":"product_tag-champagne","12":"product_tag-chat","13":"product_tag-cigare","14":"product_tag-costume","15":"product_tag-dandy","16":"product_tag-elegance","17":"product_tag-felin","18":"product_tag-humour","19":"product_tag-ironie","20":"product_tag-luxe","21":"product_tag-mafieux","22":"product_tag-opulence","23":"product_tag-patron","24":"product_tag-pouvoir","25":"product_tag-soiree","26":"product_tag-style","28":"first","29":"instock","30":"taxable","31":"shipping-taxable","32":"purchasable","33":"product-type-variable","34":"has-default-attributes","35":"entry","36":"content-bg","37":"loop-entry"},"taxonomy_info":{"product_brand":[{"value":1415,"label":"Mes Pochoirs"}],"product_cat":[{"value":328,"label":"Street Art"},{"value":364,"label":"Animaux"}],"product_tag":[{"value":439,"label":"art"},{"value":1495,"label":"caricature"},{"value":1480,"label":"champagne"},{"value":766,"label":"chat"},{"value":642,"label":"cigare"},{"value":1481,"label":"costume"},{"value":1483,"label":"dandy"},{"value":613,"label":"\u00e9l\u00e9gance"},{"value":666,"label":"f\u00e9lin"},{"value":578,"label":"humour"},{"value":1074,"label":"ironie"},{"value":1017,"label":"luxe"},{"value":1479,"label":"mafieux"},{"value":1485,"label":"opulence"},{"value":1496,"label":"patron"},{"value":1482,"label":"pouvoir"},{"value":1484,"label":"soir\u00e9e"},{"value":691,"label":"style"}]},"featured_image_src_large":["https:\/\/mes-pochoirs.com\/wp-content\/uploads\/2025\/06\/SA0054-pochoir-chat-mafieux-copyright-mes-pochoirs-858x1030.jpg",858,1030,true],"author_info":[],"comment_info":0,"_links":{"self":[{"href":"https:\/\/mes-pochoirs.com\/de\/wp-json\/wp\/v2\/product\/27229","targetHints":{"allow":["GET"]}}],"collection":[{"href":"https:\/\/mes-pochoirs.com\/de\/wp-json\/wp\/v2\/product"}],"about":[{"href":"https:\/\/mes-pochoirs.com\/de\/wp-json\/wp\/v2\/types\/product"}],"replies":[{"embeddable":true,"href":"https:\/\/mes-pochoirs.com\/de\/wp-json\/wp\/v2\/comments?post=27229"}],"wp:featuredmedia":[{"embeddable":true,"href":"https:\/\/mes-pochoirs.com\/de\/wp-json\/wp\/v2\/media\/27255"}],"wp:attachment":[{"href":"https:\/\/mes-pochoirs.com\/de\/wp-json\/wp\/v2\/media?parent=27229"}],"wp:term":[{"taxonomy":"product_brand","embeddable":true,"href":"https:\/\/mes-pochoirs.com\/de\/wp-json\/wp\/v2\/product_brand?post=27229"},{"taxonomy":"product_cat","embeddable":true,"href":"https:\/\/mes-pochoirs.com\/de\/wp-json\/wp\/v2\/product_cat?post=27229"},{"taxonomy":"product_tag","embeddable":true,"href":"https:\/\/mes-pochoirs.com\/de\/wp-json\/wp\/v2\/product_tag?post=27229"}],"curies":[{"name":"wp","href":"https:\/\/api.w.org\/{rel}","templated":true}]}}