{"id":27676,"date":"2025-07-17T16:04:19","date_gmt":"2025-07-17T14:04:19","guid":{"rendered":"https:\/\/mes-pochoirs.com\/?post_type=product&#038;p=27676"},"modified":"2025-10-31T12:41:13","modified_gmt":"2025-10-31T11:41:13","slug":"schablone-ritter-schattenkrieger-fl0005","status":"publish","type":"product","link":"https:\/\/mes-pochoirs.com\/de\/produit\/pochoir-chevalier-guerrier-de-lombre-fl0005","title":{"rendered":"Schablone Schattenritter - FL0005"},"content":{"rendered":"<h2>\ud83d\udee1\ufe0fPochoir Ritter Schattenkrieger<\/h2>\n<p>Diese <strong>Schablone Ritter Schattenkrieger<\/strong> intensiv und spannungsgeladen stellt eine ritterliche Figur dar, die aus der Finsternis aufsteigt. Der Ritter, der teilweise geneigt ist, h\u00e4lt seine Klinge gesenkt, bereit, zuzuschlagen oder den Feind zu beurteilen. Seine Haltung suggeriert absolute Wachsamkeit, gez\u00fcgelte Macht und die Beherrschung der Stille als strategische Waffe.<\/p>\n<p>Der Integralhelm und das Fehlen eines Gesichts unterstreichen das Geheimnis dieser Figur. Es ist schwer zu sagen, ob er als wortkarger Besch\u00fctzer, als verdammter W\u00e4chter oder als einsamer R\u00e4cher agiert. Dieser Ritter ist derjenige, den man f\u00fcrchtet, auf seinem Weg zu begegnen, ein verk\u00f6rperter Schatten, beweglich und unberechenbar. Der Verlauf des Musters, das von klaren, flie\u00dfenden Linien gepr\u00e4gt ist, verleiht dieser Silhouette eine dunkle, fast gespenstische Eleganz. Die Bewegung des Stoffes, die in einem erstarrten Atemzug h\u00e4ngt, l\u00e4sst eine \u00fcbernat\u00fcrliche Pr\u00e4senz erahnen, als w\u00e4re die Figur gerade aus einer vergessenen Welt aufgetaucht.<\/p>\n<p>Dieses Bild spricht Liebhaber von d\u00fcsteren Welten, postapokalyptischen Geschichten oder dramatischer Fantasy an. Es passt perfekt zu einer Ikonografie, in der sich Mut, Bedrohung, moralische Zweideutigkeit und stille Macht vermischen. Dieser Ritter erinnert sowohl an die Einsamkeit eines Verbannten als auch an die Entschlossenheit eines Richters der Schatten.<\/p>\n<p>Die <strong>Schablone Ritter Schattenkrieger<\/strong>verk\u00f6rpert diese ambivalente Figur, die an der Grenze zwischen tragischem Helden und strafender Kraft steht. Er ist ein starkes Symbol der Beherrschung, der kontrollierten Bedrohung und des Geheimnisses und eignet sich ideal zur Bereicherung jeder Kreation, die von d\u00fcsteren und intensiven Geschichten inspiriert ist.<\/p>","protected":false},"excerpt":{"rendered":"<p><strong>Schablone Ritter Schattenkrieger<\/strong> ideal f\u00fcr legend\u00e4re Gem\u00e4lde. Wiederverwendbar, hohe Qualit\u00e4t, verschiedene Gr\u00f6\u00dfen, perfekt f\u00fcr fantastisches Werk.<\/p>","protected":false},"featured_media":27760,"comment_status":"open","ping_status":"closed","template":"","meta":{"bwfblock_default_font":"","_kad_blocks_custom_css":"","_kad_blocks_head_custom_js":"","_kad_blocks_body_custom_js":"","_kad_blocks_footer_custom_js":"","_kadence_starter_templates_imported_post":false,"_kad_post_transparent":"default","_kad_post_title":"","_kad_post_layout":"default","_kad_post_sidebar_id":"","_kad_post_content_style":"default","_kad_post_vertical_padding":"default","_kad_post_feature":"","_kad_post_feature_position":"","_kad_post_header":false,"_kad_post_footer":false,"_kad_post_classname":""},"product_brand":[1415],"product_cat":[1532],"product_tag":[1534,1538,1533,1219,1537,1536,1617,1535,1542,891,1618,1541,962,1539,1540],"class_list":{"0":"post-27676","1":"product","2":"type-product","3":"status-publish","4":"has-post-thumbnail","6":"product_brand-mes-pochoirs","7":"product_cat-pochoirs-fantastiques-et-legendaires","8":"product_tag-armure-medievale","9":"product_tag-art-medieval","10":"product_tag-chevalier","11":"product_tag-combat","12":"product_tag-croisade","13":"product_tag-epee","14":"product_tag-fantastique","15":"product_tag-guerrier-epique","16":"product_tag-guerrier-mystique","17":"product_tag-heros","18":"product_tag-legendaire","19":"product_tag-legende-medievale","20":"product_tag-medieval","21":"product_tag-style-epique","22":"product_tag-univers-heroique","24":"first","25":"instock","26":"taxable","27":"shipping-taxable","28":"purchasable","29":"product-type-variable","30":"entry","31":"content-bg","32":"loop-entry"},"taxonomy_info":{"product_brand":[{"value":1415,"label":"Mes Pochoirs"}],"product_cat":[{"value":1532,"label":"Fantastiques &amp; L\u00e9gendaires"}],"product_tag":[{"value":1534,"label":"armure m\u00e9di\u00e9vale"},{"value":1538,"label":"art m\u00e9di\u00e9val"},{"value":1533,"label":"chevalier"},{"value":1219,"label":"combat"},{"value":1537,"label":"croisade"},{"value":1536,"label":"\u00e9p\u00e9e"},{"value":1617,"label":"fantastique"},{"value":1535,"label":"guerrier \u00e9pique"},{"value":1542,"label":"guerrier mystique"},{"value":891,"label":"h\u00e9ros"},{"value":1618,"label":"l\u00e9gendaire"},{"value":1541,"label":"l\u00e9gende m\u00e9di\u00e9vale"},{"value":962,"label":"m\u00e9di\u00e9val"},{"value":1539,"label":"style \u00e9pique"},{"value":1540,"label":"univers h\u00e9ro\u00efque"}]},"featured_image_src_large":["https:\/\/mes-pochoirs.com\/wp-content\/uploads\/2025\/07\/FL0005-pochoir-chevalier-copyright-mes-pochoirs-858x1030.jpg",858,1030,true],"author_info":[],"comment_info":5,"_links":{"self":[{"href":"https:\/\/mes-pochoirs.com\/de\/wp-json\/wp\/v2\/product\/27676","targetHints":{"allow":["GET"]}}],"collection":[{"href":"https:\/\/mes-pochoirs.com\/de\/wp-json\/wp\/v2\/product"}],"about":[{"href":"https:\/\/mes-pochoirs.com\/de\/wp-json\/wp\/v2\/types\/product"}],"replies":[{"embeddable":true,"href":"https:\/\/mes-pochoirs.com\/de\/wp-json\/wp\/v2\/comments?post=27676"}],"wp:featuredmedia":[{"embeddable":true,"href":"https:\/\/mes-pochoirs.com\/de\/wp-json\/wp\/v2\/media\/27760"}],"wp:attachment":[{"href":"https:\/\/mes-pochoirs.com\/de\/wp-json\/wp\/v2\/media?parent=27676"}],"wp:term":[{"taxonomy":"product_brand","embeddable":true,"href":"https:\/\/mes-pochoirs.com\/de\/wp-json\/wp\/v2\/product_brand?post=27676"},{"taxonomy":"product_cat","embeddable":true,"href":"https:\/\/mes-pochoirs.com\/de\/wp-json\/wp\/v2\/product_cat?post=27676"},{"taxonomy":"product_tag","embeddable":true,"href":"https:\/\/mes-pochoirs.com\/de\/wp-json\/wp\/v2\/product_tag?post=27676"}],"curies":[{"name":"wp","href":"https:\/\/api.w.org\/{rel}","templated":true}]}}