{"id":27723,"date":"2025-07-17T16:04:14","date_gmt":"2025-07-17T14:04:14","guid":{"rendered":"https:\/\/mes-pochoirs.com\/?post_type=product&#038;p=27723"},"modified":"2025-10-31T12:41:23","modified_gmt":"2025-10-31T11:41:23","slug":"schablone-legendarer-ritter-fl0011","status":"publish","type":"product","link":"https:\/\/mes-pochoirs.com\/de\/produit\/pochoir-chevalier-legendaire-fl0011","title":{"rendered":"Schablone Legend\u00e4rer Ritter - FL0011"},"content":{"rendered":"<h2>\ud83d\udee1\ufe0fPochoir Chevalier L\u00e9gendaire<\/h2>\n<p>Diese <strong>Schablone Legend\u00e4rer Ritter<\/strong>\u00a0zeigt einen edel aussehenden Ritter, der selbstbewusst mit dem Schwert in der Hand und dem Schild am anderen Arm steht. Seine aufrechte Haltung, der flie\u00dfende Faltenwurf seines Umhangs und die raffinierten Linien seiner R\u00fcstung deuten sowohl auf die Beherrschung des Kampfes als auch auf die Raffinesse eines vollendeten Kriegers hin. Er verk\u00f6rpert die Eleganz der St\u00e4rke, die Pr\u00e4zision des Handelns und eine ruhige, unersch\u00fctterliche Form der Autorit\u00e4t.<\/p>\n<p>Dieser Ritter k\u00f6nnte ein Hauptmann, Champion oder eine Symbolfigur eines alten Ordens sein. Die Verzierung seiner Ausr\u00fcstung, die ausgewogene Silhouette und die starke Pr\u00e4senz des Schildes verst\u00e4rken das Gef\u00fchl von Strenge, Tradition und kriegerischem Stolz. Er wirkt weder angreifend noch verteidigend, sondern in einer abw\u00e4genden Haltung, bereit zu handeln, ohne zu \u00fcberst\u00fcrzen.<\/p>\n<p>Der visuelle Ausdruck des Motivs erinnert an Erz\u00e4hlungen von Ehrenduellen, legend\u00e4ren Wettk\u00e4mpfen und schweigend gehaltenen Schw\u00fcren. Es richtet sich an K\u00fcnstler, die auf der Suche nach ritterlichen Symbolen sind, die von Klasse, Beherrschung und einem Hauch von Raffinesse gepr\u00e4gt sind. Die flie\u00dfende Linienf\u00fchrung, die harmonischen Volumen und die ausgepr\u00e4gten Kontraste verleihen dem Ganzen eine beherrschte grafische Kraft.<\/p>\n<p>Die <strong>Schablone Legend\u00e4rer Ritter<\/strong>\u00a0versucht nicht, durch Brutalit\u00e4t zu beeindrucken, sondern durch die Richtigkeit seiner Haltung. Er steht f\u00fcr die Kunst, mit W\u00fcrde zu k\u00e4mpfen, f\u00fcr den Adel in der Tat und f\u00fcr die Sch\u00f6nheit eines Helden, der sowohl Ideale als auch Disziplin verk\u00f6rpert.<\/p>","protected":false},"excerpt":{"rendered":"<p><strong>Schablone Legend\u00e4rer Ritter<\/strong>\u00a0f\u00fcr stilisierte Kreationen. Wiederverwendbar, hohe Qualit\u00e4t, mehrere Formate. Ideal f\u00fcr Gem\u00e4lde oder heroische Werke.<\/p>","protected":false},"featured_media":27766,"comment_status":"open","ping_status":"closed","template":"","meta":{"bwfblock_default_font":"","_kad_blocks_custom_css":"","_kad_blocks_head_custom_js":"","_kad_blocks_body_custom_js":"","_kad_blocks_footer_custom_js":"","_kadence_starter_templates_imported_post":false,"_kad_post_transparent":"default","_kad_post_title":"","_kad_post_layout":"default","_kad_post_sidebar_id":"","_kad_post_content_style":"default","_kad_post_vertical_padding":"default","_kad_post_feature":"","_kad_post_feature_position":"","_kad_post_header":false,"_kad_post_footer":false,"_kad_post_classname":""},"product_brand":[1415],"product_cat":[1532],"product_tag":[1534,1538,1619,1533,1545,1537,1543,1536,1617,1535,1542,891,1618,1541,962,1539,1540],"class_list":{"0":"post-27723","1":"product","2":"type-product","3":"status-publish","4":"has-post-thumbnail","6":"product_brand-mes-pochoirs","7":"product_cat-pochoirs-fantastiques-et-legendaires","8":"product_tag-armure-medievale","9":"product_tag-art-medieval","10":"product_tag-bouclier","11":"product_tag-chevalier","12":"product_tag-combat-ancien","13":"product_tag-croisade","14":"product_tag-culture-fantasy","15":"product_tag-epee","16":"product_tag-fantastique","17":"product_tag-guerrier-epique","18":"product_tag-guerrier-mystique","19":"product_tag-heros","20":"product_tag-legendaire","21":"product_tag-legende-medievale","22":"product_tag-medieval","23":"product_tag-style-epique","24":"product_tag-univers-heroique","26":"first","27":"instock","28":"taxable","29":"shipping-taxable","30":"purchasable","31":"product-type-variable","32":"entry","33":"content-bg","34":"loop-entry"},"taxonomy_info":{"product_brand":[{"value":1415,"label":"Mes Pochoirs"}],"product_cat":[{"value":1532,"label":"Fantastiques &amp; L\u00e9gendaires"}],"product_tag":[{"value":1534,"label":"armure m\u00e9di\u00e9vale"},{"value":1538,"label":"art m\u00e9di\u00e9val"},{"value":1619,"label":"bouclier"},{"value":1533,"label":"chevalier"},{"value":1545,"label":"combat ancien"},{"value":1537,"label":"croisade"},{"value":1543,"label":"culture fantasy"},{"value":1536,"label":"\u00e9p\u00e9e"},{"value":1617,"label":"fantastique"},{"value":1535,"label":"guerrier \u00e9pique"},{"value":1542,"label":"guerrier mystique"},{"value":891,"label":"h\u00e9ros"},{"value":1618,"label":"l\u00e9gendaire"},{"value":1541,"label":"l\u00e9gende m\u00e9di\u00e9vale"},{"value":962,"label":"m\u00e9di\u00e9val"},{"value":1539,"label":"style \u00e9pique"},{"value":1540,"label":"univers h\u00e9ro\u00efque"}]},"featured_image_src_large":["https:\/\/mes-pochoirs.com\/wp-content\/uploads\/2025\/07\/FL0011-pochoir-chevalier-copyright-mes-pochoirs-858x1030.jpg",858,1030,true],"author_info":[],"comment_info":0,"_links":{"self":[{"href":"https:\/\/mes-pochoirs.com\/de\/wp-json\/wp\/v2\/product\/27723","targetHints":{"allow":["GET"]}}],"collection":[{"href":"https:\/\/mes-pochoirs.com\/de\/wp-json\/wp\/v2\/product"}],"about":[{"href":"https:\/\/mes-pochoirs.com\/de\/wp-json\/wp\/v2\/types\/product"}],"replies":[{"embeddable":true,"href":"https:\/\/mes-pochoirs.com\/de\/wp-json\/wp\/v2\/comments?post=27723"}],"wp:featuredmedia":[{"embeddable":true,"href":"https:\/\/mes-pochoirs.com\/de\/wp-json\/wp\/v2\/media\/27766"}],"wp:attachment":[{"href":"https:\/\/mes-pochoirs.com\/de\/wp-json\/wp\/v2\/media?parent=27723"}],"wp:term":[{"taxonomy":"product_brand","embeddable":true,"href":"https:\/\/mes-pochoirs.com\/de\/wp-json\/wp\/v2\/product_brand?post=27723"},{"taxonomy":"product_cat","embeddable":true,"href":"https:\/\/mes-pochoirs.com\/de\/wp-json\/wp\/v2\/product_cat?post=27723"},{"taxonomy":"product_tag","embeddable":true,"href":"https:\/\/mes-pochoirs.com\/de\/wp-json\/wp\/v2\/product_tag?post=27723"}],"curies":[{"name":"wp","href":"https:\/\/api.w.org\/{rel}","templated":true}]}}