{"id":28695,"date":"2025-10-16T11:21:55","date_gmt":"2025-10-16T09:21:55","guid":{"rendered":"https:\/\/mes-pochoirs.com\/?post_type=product&#038;p=28695"},"modified":"2025-10-31T12:41:40","modified_gmt":"2025-10-31T11:41:40","slug":"schablone-amerikanisches-auto-um0015","status":"publish","type":"product","link":"https:\/\/mes-pochoirs.com\/de\/produit\/pochoir-voiture-americaine-um0015","title":{"rendered":"Schablone Amerikanisches Auto - UM0015"},"content":{"rendered":"<h2>Schablone Amerikanisches Auto - Cuba Retro Street Art<\/h2>\n<p>Diese Schablone Amerikanisches Auto erinnert an die Kraft und den Vintage-Charme der gro\u00dfen Stra\u00dfenkreuzer der 50er Jahre. Inspiriert von Kultmodellen wie dem Chevrolet Bel Air, dem Buick Special, dem Pontiac Chieftain und dem Opel Rekord P1, f\u00e4ngt sie den freien und \u00fcberschw\u00e4nglichen Geist des Nachkriegsamerikas ein - jene gl\u00e4nzenden Karosserien, die man noch heute auf den sonnigen Stra\u00dfen von Havanna findet.<\/p>\n<p>Das Design ist frontal und schlagkr\u00e4ftig und betont die charakteristischen Linien dieser legend\u00e4ren Automobile: die breite, gew\u00f6lbte Motorhaube, die zum Sprung bereit scheint, die runden, an den Enden hervorstehenden Scheinwerfer, der massive horizontale K\u00fchlergrill und die verchromte Sto\u00dfstange mit dem strahlenden L\u00e4cheln. Diese f\u00fcr das Autodesign der Fifties typische Mischung aus Kraft und Sanftheit macht dieses Motiv zu einer wahren Hommage an die klassische amerikanische Kultur.<\/p>\n<p>Diese Schablone, die in einem urbanen, rohen und kontrastreichen Stil gearbeitet ist, verbindet die Spontaneit\u00e4t des Graffiti mit der Pr\u00e4zision der Vektorzeichnung. Sie eignet sich perfekt f\u00fcr Kompositionen auf W\u00e4nden, Leinw\u00e4nden oder M\u00f6beln und passt sowohl zu einer Retro-, Garagen- oder Industriedekoration als auch zu einer von Pop-Art inspirierten k\u00fcnstlerischen Kreation. Seine Abnutzungs- und Textureffekte verleihen ihm einen verbl\u00fcffenden Realismus und einen einzigartigen Charakter.<\/p>\n<p>Diese Schablone ist sorgf\u00e4ltig aus einem weichen, widerstandsf\u00e4higen Material geschnitten und garantiert eine einfache und dauerhafte Anwendung. Sie ist mit Spr\u00fchdose, Airbrush, Farbroller oder Acrylfarbe kompatibel und erm\u00f6glicht ein sauberes und wiederholtes Auftragen, sodass Sie immer ein pr\u00e4zises und ausdrucksstarkes Ergebnis erzielen.<\/p>\n<p>Die Schablone Amerikanisches Auto ist nicht nur ein dekoratives Motiv: Sie ist eine Anspielung auf die Freiheit, die Stra\u00dfe und die Nostalgie der goldenen Jahre des Automobils. Ein zeitloses, kraftvolles und pulsierendes Symbol f\u00fcr Liebhaber des Vintage-Stils und der urbanen Kunst.<\/p>","protected":false},"excerpt":{"rendered":"<p>Diese Schablone f\u00fcr amerikanische Autos f\u00e4ngt die Eleganz und Kraft der Automobile aus den 50er Jahren ein. Mit seinen Retro-Linien und dem Streetart-Stil erinnert es an die legend\u00e4ren Chevrolets Bel Air oder Buick Special, die auf den Stra\u00dfen Kubas unterwegs waren. Ein ikonisches Motiv, um Ihren Kreationen einen charaktervollen, urbanen Vintage-Touch zu verleihen.<\/p>","protected":false},"featured_media":29209,"comment_status":"open","ping_status":"closed","template":"","meta":{"bwfblock_default_font":"","_kad_blocks_custom_css":"","_kad_blocks_head_custom_js":"","_kad_blocks_body_custom_js":"","_kad_blocks_footer_custom_js":"","_kadence_starter_templates_imported_post":false,"_kad_post_transparent":"default","_kad_post_title":"","_kad_post_layout":"default","_kad_post_sidebar_id":"","_kad_post_content_style":"default","_kad_post_vertical_padding":"default","_kad_post_feature":"","_kad_post_feature_position":"","_kad_post_header":false,"_kad_post_footer":false,"_kad_post_classname":""},"product_brand":[1415],"product_cat":[1713,328,971],"product_tag":[1768,1653,1650,1770,1769,1649,1771,525,1651,1724,1652,1654,1648],"class_list":{"0":"post-28695","1":"product","2":"type-product","3":"status-publish","4":"has-post-thumbnail","6":"product_brand-mes-pochoirs","7":"product_cat-pochoirs-voitures","8":"product_cat-pochoirs-street-art","9":"product_cat-pochoirs-univers-mecanique","10":"product_tag-americaine","11":"product_tag-art-retro","12":"product_tag-berline-ancienne","13":"product_tag-buick-special","14":"product_tag-chevrolet-bel-air","15":"product_tag-opel-rekord","16":"product_tag-pontiac-chieftain","17":"product_tag-retro","18":"product_tag-style-annees-50","19":"product_tag-voiture-americaine","20":"product_tag-voiture-ancienne","21":"product_tag-voiture-de-collection","22":"product_tag-voiture-vintage","24":"first","25":"instock","26":"taxable","27":"shipping-taxable","28":"purchasable","29":"product-type-variable","30":"entry","31":"content-bg","32":"loop-entry"},"taxonomy_info":{"product_brand":[{"value":1415,"label":"Mes Pochoirs"}],"product_cat":[{"value":1713,"label":"Voitures"},{"value":328,"label":"Street Art"},{"value":971,"label":"Univers M\u00e9canique"}],"product_tag":[{"value":1768,"label":"am\u00e9ricaine"},{"value":1653,"label":"art r\u00e9tro"},{"value":1650,"label":"berline ancienne"},{"value":1770,"label":"Buick Special"},{"value":1769,"label":"Chevrolet Bel Air"},{"value":1649,"label":"opel rekord"},{"value":1771,"label":"Pontiac Chieftain"},{"value":525,"label":"r\u00e9tro"},{"value":1651,"label":"style ann\u00e9es 50"},{"value":1724,"label":"voiture am\u00e9ricaine"},{"value":1652,"label":"voiture ancienne"},{"value":1654,"label":"voiture de collection"},{"value":1648,"label":"voiture vintage"}]},"featured_image_src_large":["https:\/\/mes-pochoirs.com\/wp-content\/uploads\/2025\/08\/UM0015-pochoir-voiture-copyright-mes-pochoirs-858x1030.jpg",858,1030,true],"author_info":[],"comment_info":0,"_links":{"self":[{"href":"https:\/\/mes-pochoirs.com\/de\/wp-json\/wp\/v2\/product\/28695","targetHints":{"allow":["GET"]}}],"collection":[{"href":"https:\/\/mes-pochoirs.com\/de\/wp-json\/wp\/v2\/product"}],"about":[{"href":"https:\/\/mes-pochoirs.com\/de\/wp-json\/wp\/v2\/types\/product"}],"replies":[{"embeddable":true,"href":"https:\/\/mes-pochoirs.com\/de\/wp-json\/wp\/v2\/comments?post=28695"}],"wp:featuredmedia":[{"embeddable":true,"href":"https:\/\/mes-pochoirs.com\/de\/wp-json\/wp\/v2\/media\/29209"}],"wp:attachment":[{"href":"https:\/\/mes-pochoirs.com\/de\/wp-json\/wp\/v2\/media?parent=28695"}],"wp:term":[{"taxonomy":"product_brand","embeddable":true,"href":"https:\/\/mes-pochoirs.com\/de\/wp-json\/wp\/v2\/product_brand?post=28695"},{"taxonomy":"product_cat","embeddable":true,"href":"https:\/\/mes-pochoirs.com\/de\/wp-json\/wp\/v2\/product_cat?post=28695"},{"taxonomy":"product_tag","embeddable":true,"href":"https:\/\/mes-pochoirs.com\/de\/wp-json\/wp\/v2\/product_tag?post=28695"}],"curies":[{"name":"wp","href":"https:\/\/api.w.org\/{rel}","templated":true}]}}