{"id":28714,"date":"2025-08-13T11:42:47","date_gmt":"2025-08-13T09:42:47","guid":{"rendered":"https:\/\/mes-pochoirs.com\/?post_type=product&#038;p=28714"},"modified":"2025-10-31T12:42:01","modified_gmt":"2025-10-31T11:42:01","slug":"schablone-japanisches-auto-toyota-2000gt-um0017","status":"publish","type":"product","link":"https:\/\/mes-pochoirs.com\/de\/produit\/pochoir-voiture-japonaise-toyota-2000gt-um0017","title":{"rendered":"Schablone Toyota 2000GT - UM0017"},"content":{"rendered":"<h2>Schablone Japanisches Auto Toyota 2000GT<\/h2>\n<p>Diese <strong>Schablone japanisches Auto Toyota 2000GT<\/strong> beleuchtet ein legend\u00e4res Auto, ein wahres Juwel des japanischen Automobildesigns der 1960er Jahre. Aus einem dynamischen und eleganten Winkel aufgenommen, enth\u00fcllt das Auto eine stromlinienf\u00f6rmige, flie\u00dfende und rassige Silhouette, die den Geist des Gran Turismo seiner Zeit perfekt verk\u00f6rpert. Jede Kurve des Fahrgestells, jedes Detail der Frontpartie, von den Scheinwerfern bis zu den R\u00fcckspiegeln, ist Ausdruck einer raffinierten \u00c4sthetik, die mit Strenge und Leidenschaft durchdacht wurde.<\/p>\n<p>Das abgebildete Auto ist der Toyota 2000GT, ein seltenes und emblematisches Modell, das als erster japanischer Supersportwagen gilt. Das Auto wurde zwischen 1967 und 1970 in einer sehr kleinen Serie hergestellt und ist heute ein echtes Sammlerst\u00fcck, das f\u00fcr sein von europ\u00e4ischen Sportwagen, insbesondere dem Jaguar E-Type, inspiriertes Design bewundert wird. Es hat die Geschichte sowohl durch seine Leistung als auch durch seine zeitlose Sch\u00f6nheit gepr\u00e4gt.<\/p>\n<p>Mit seinen verkleideten Scheinwerfern, der langgezogenen Motorhaube, den abgerundeten Kotfl\u00fcgeln und den vorne montierten R\u00fcckspiegeln verspr\u00fcht der 2000GT einen einzigartigen Charme, der die Modernit\u00e4t der damaligen Zeit mit handwerklicher Finesse verbindet. Die grafische Bearbeitung der Schablone, die sowohl stilisiert als auch ausdrucksstark ist, spiegelt dieses Gleichgewicht perfekt wider. Die klaren Konturen, die rauen Texturen und die kontrollierten Leerstellen verleihen dem Bild eine bemerkenswerte visuelle Kraft, die den Blick sofort einf\u00e4ngt.<\/p>\n<p>Dieses Bild ist Teil eines Universums, das japanische Retrokunst, elegante Streetart und die klassische JDM-Kultur miteinander verbindet. Es kann f\u00fcr die unterschiedlichsten k\u00fcnstlerischen Kreationen verwendet werden: Wandarbeiten, moderne Leinw\u00e4nde, individuell gestaltete M\u00f6bel oder grafische Kompositionen rund um die Leidenschaft f\u00fcr Autos.<\/p>\n<p>Gedacht f\u00fcr K\u00fcnstler, Designliebhaber oder Oldtimer-Fans, ist dieser <strong>Schablone japanisches Auto Toyota 2000GT<\/strong> verwandelt die ikonische Silhouette dieses Autos in eine starke, zeitlose und ausdrucksstarke visuelle Sprache. Sie verk\u00f6rpert gleichzeitig die Reinheit der japanischen Linien, die bahnbrechende Technologie der damaligen Zeit und die mechanische Poesie, die dieses Auto auch mehr als f\u00fcnfzig Jahre nach seiner Entstehung noch hervorruft.<\/p>","protected":false},"excerpt":{"rendered":"<p><strong>Schablone Japanisches Auto Toyota 2000GT<\/strong> f\u00fcr Gem\u00e4lde oder Bilder. Wiederverwendbar, hohe Qualit\u00e4t, beidseitig verwendbar, verschiedene Gr\u00f6\u00dfen verf\u00fcgbar.<\/p>","protected":false},"featured_media":29210,"comment_status":"open","ping_status":"closed","template":"","meta":{"bwfblock_default_font":"","_kad_blocks_custom_css":"","_kad_blocks_head_custom_js":"","_kad_blocks_body_custom_js":"","_kad_blocks_footer_custom_js":"","_kadence_starter_templates_imported_post":false,"_kad_post_transparent":"default","_kad_post_title":"","_kad_post_layout":"default","_kad_post_sidebar_id":"","_kad_post_content_style":"default","_kad_post_vertical_padding":"default","_kad_post_feature":"","_kad_post_feature_position":"","_kad_post_header":false,"_kad_post_footer":false,"_kad_post_classname":""},"product_brand":[1415],"product_cat":[1713,971],"product_tag":[1653,1650,525,1657,1658,1652,1654,1712,1648],"class_list":{"0":"post-28714","1":"product","2":"type-product","3":"status-publish","4":"has-post-thumbnail","6":"product_brand-mes-pochoirs","7":"product_cat-pochoirs-voitures","8":"product_cat-pochoirs-univers-mecanique","9":"product_tag-art-retro","10":"product_tag-berline-ancienne","11":"product_tag-retro","12":"product_tag-style-annees-60","13":"product_tag-toyota-2000gt","14":"product_tag-voiture-ancienne","15":"product_tag-voiture-de-collection","16":"product_tag-voiture-japonaise","17":"product_tag-voiture-vintage","19":"first","20":"instock","21":"taxable","22":"shipping-taxable","23":"purchasable","24":"product-type-variable","25":"entry","26":"content-bg","27":"loop-entry"},"taxonomy_info":{"product_brand":[{"value":1415,"label":"Mes Pochoirs"}],"product_cat":[{"value":1713,"label":"Voitures"},{"value":971,"label":"Univers M\u00e9canique"}],"product_tag":[{"value":1653,"label":"art r\u00e9tro"},{"value":1650,"label":"berline ancienne"},{"value":525,"label":"r\u00e9tro"},{"value":1657,"label":"style ann\u00e9es 60"},{"value":1658,"label":"Toyota 2000GT"},{"value":1652,"label":"voiture ancienne"},{"value":1654,"label":"voiture de collection"},{"value":1712,"label":"Voiture Japonaise"},{"value":1648,"label":"voiture vintage"}]},"featured_image_src_large":["https:\/\/mes-pochoirs.com\/wp-content\/uploads\/2025\/08\/UM0017-pochoir-voiture-copyright-mes-pochoirs-858x1030.jpg",858,1030,true],"author_info":[],"comment_info":0,"_links":{"self":[{"href":"https:\/\/mes-pochoirs.com\/de\/wp-json\/wp\/v2\/product\/28714","targetHints":{"allow":["GET"]}}],"collection":[{"href":"https:\/\/mes-pochoirs.com\/de\/wp-json\/wp\/v2\/product"}],"about":[{"href":"https:\/\/mes-pochoirs.com\/de\/wp-json\/wp\/v2\/types\/product"}],"replies":[{"embeddable":true,"href":"https:\/\/mes-pochoirs.com\/de\/wp-json\/wp\/v2\/comments?post=28714"}],"wp:featuredmedia":[{"embeddable":true,"href":"https:\/\/mes-pochoirs.com\/de\/wp-json\/wp\/v2\/media\/29210"}],"wp:attachment":[{"href":"https:\/\/mes-pochoirs.com\/de\/wp-json\/wp\/v2\/media?parent=28714"}],"wp:term":[{"taxonomy":"product_brand","embeddable":true,"href":"https:\/\/mes-pochoirs.com\/de\/wp-json\/wp\/v2\/product_brand?post=28714"},{"taxonomy":"product_cat","embeddable":true,"href":"https:\/\/mes-pochoirs.com\/de\/wp-json\/wp\/v2\/product_cat?post=28714"},{"taxonomy":"product_tag","embeddable":true,"href":"https:\/\/mes-pochoirs.com\/de\/wp-json\/wp\/v2\/product_tag?post=28714"}],"curies":[{"name":"wp","href":"https:\/\/api.w.org\/{rel}","templated":true}]}}