{"id":28723,"date":"2025-08-13T11:48:21","date_gmt":"2025-08-13T09:48:21","guid":{"rendered":"https:\/\/mes-pochoirs.com\/?post_type=product&#038;p=28723"},"modified":"2026-02-26T15:15:07","modified_gmt":"2026-02-26T14:15:07","slug":"schablone-citroen-2cv-um0018","status":"publish","type":"product","link":"https:\/\/mes-pochoirs.com\/de\/produit\/pochoir-citroen-2cv-um0018","title":{"rendered":"Schablone Citro\u00ebn 2CV - UM0018"},"content":{"rendered":"<h2>Schablone Citro\u00ebn 2CV<\/h2>\n<p>Diese <strong>Schablone Citro\u00ebn 2CV<\/strong> ehrt eines der symboltr\u00e4chtigsten Autos des franz\u00f6sischen Automobilerbes. Hier in einem dynamischen, leicht abfallenden Winkel aufgenommen, entfaltet er seine sanft gerundeten Linien, seinen Retro-Charme und seinen einzigartigen Charakter. Diese stilisierte Version ist weit davon entfernt, in der Vergangenheit zu verharren, sondern zeigt einen ausdrucksstarken 2CV, der bereit ist, seinen Platz im Herzen eines zeitgen\u00f6ssischen Werks zu finden.<\/p>\n<p>Urspr\u00fcnglich als wirtschaftliches Nutzfahrzeug konzipiert, ging der 2CV \u00fcber seine urspr\u00fcngliche Bestimmung hinaus und wurde zu einem Symbol f\u00fcr Freiheit, Einfachheit und Einfallsreichtum. Mit seinen weichen Formen, der gerippten Motorhaube, den runden Hochscheinwerfern, den freistehenden Kotfl\u00fcgeln und dem Aussehen eines kleinen Abenteurers verk\u00f6rperte er eine ganze Epoche, einen Lebensstil und eine Philosophie. Die hier abgebildete Version ist eine Hommage an dieses zum Kult gewordene Design.<\/p>\n<p>Die grafische Bearbeitung der Schablone betont die Kontraste, spielt mit Abnutzungstexturen und Voll- und Unvollst\u00e4ndigkeiten und schafft so einen visuellen Effekt, der gleichzeitig roh und zug\u00e4nglich ist. Der 2CV scheint einem Wandgem\u00e4lde, einer Stadtmauer oder einem lebenden Gem\u00e4lde entsprungen zu sein. Er wird zu einem k\u00fcnstlerischen Material, das bereit ist, ein Kunstwerk, ein individuell gestaltetes M\u00f6belst\u00fcck, eine Leinwand oder ein Stadtfresko zu integrieren.<\/p>\n<p>Weit entfernt vom folkloristischen Klischee gibt diese Schablone der 2CV eine moderne, fr\u00f6hliche, fast rebellische Aura zur\u00fcck. Sie wird zum Thema des Ausdrucks, zum Tr\u00e4ger der Erinnerung und der visuellen Emotionen. Sie verf\u00fchrt sowohl Nostalgiker als auch zeitgen\u00f6ssische K\u00fcnstler, die auf der Suche nach Ikonen sind, die es zu verfremden gilt.<\/p>\n<p>Auf einer Vielzahl von Medien einsetzbar, ist dieser <strong>Schablone Citro\u00ebn 2CV<\/strong>\u00a0eignet sich f\u00fcr Wandgestaltungen, grafische Kompositionen, Mal- oder Streetart-Projekte. Mit seinen kontrollierten Details bringt es die ganze Pers\u00f6nlichkeit des Autos zum Vorschein, ohne jemals seinen Geist einzufrieren.<\/p>\n<p>Dieser durch Schablonen neu gestaltete 2CV ist nicht nur ein altes Objekt: Er wird zu einer grafischen Muse, einem Augenzwinkern auf die Vergangenheit, die durch urbane Kunst neu interpretiert wird, einem Symbol f\u00fcr Frankreich und volkst\u00fcmliche Kreativit\u00e4t.<\/p>","protected":false},"excerpt":{"rendered":"<p><strong>Schablone Citro\u00ebn 2CV<\/strong> f\u00fcr Gem\u00e4lde, Kunstwerke oder Bilder. Wiederverwendbar, hohe Qualit\u00e4t, beidseitig verwendbar und in verschiedenen Gr\u00f6\u00dfen erh\u00e4ltlich.<\/p>","protected":false},"featured_media":29211,"comment_status":"open","ping_status":"closed","template":"","meta":{"bwfblock_default_font":"","_kad_blocks_custom_css":"","_kad_blocks_head_custom_js":"","_kad_blocks_body_custom_js":"","_kad_blocks_footer_custom_js":"","_kadence_starter_templates_imported_post":false,"_kad_post_transparent":"default","_kad_post_title":"","_kad_post_layout":"default","_kad_post_sidebar_id":"","_kad_post_content_style":"default","_kad_post_vertical_padding":"default","_kad_post_feature":"","_kad_post_feature_position":"","_kad_post_header":false,"_kad_post_footer":false,"_kad_post_classname":""},"product_brand":[1415],"product_cat":[1713,971],"product_tag":[1653,1660,1659,525,974,1652,1654,1648],"class_list":{"0":"post-28723","1":"product","2":"type-product","3":"status-publish","4":"has-post-thumbnail","6":"product_brand-mes-pochoirs","7":"product_cat-pochoirs-voitures","8":"product_cat-pochoirs-univers-mecanique","9":"product_tag-art-retro","10":"product_tag-automobile-francais","11":"product_tag-pochoir-citroen-2cv","12":"product_tag-retro","13":"product_tag-vehicule","14":"product_tag-voiture-ancienne","15":"product_tag-voiture-de-collection","16":"product_tag-voiture-vintage","18":"first","19":"instock","20":"taxable","21":"shipping-taxable","22":"purchasable","23":"product-type-variable","24":"entry","25":"content-bg","26":"loop-entry"},"taxonomy_info":{"product_brand":[{"value":1415,"label":"Mes Pochoirs"}],"product_cat":[{"value":1713,"label":"Voitures"},{"value":971,"label":"Univers M\u00e9canique"}],"product_tag":[{"value":1653,"label":"art r\u00e9tro"},{"value":1660,"label":"automobile fran\u00e7ais"},{"value":1659,"label":"Pochoir Citro\u00ebn 2CV"},{"value":525,"label":"r\u00e9tro"},{"value":974,"label":"v\u00e9hicule"},{"value":1652,"label":"voiture ancienne"},{"value":1654,"label":"voiture de collection"},{"value":1648,"label":"voiture vintage"}]},"featured_image_src_large":["https:\/\/mes-pochoirs.com\/wp-content\/uploads\/2025\/08\/UM0018-pochoir-voiture-copyright-mes-pochoirs-858x1030.jpg",858,1030,true],"author_info":[],"comment_info":3,"_links":{"self":[{"href":"https:\/\/mes-pochoirs.com\/de\/wp-json\/wp\/v2\/product\/28723","targetHints":{"allow":["GET"]}}],"collection":[{"href":"https:\/\/mes-pochoirs.com\/de\/wp-json\/wp\/v2\/product"}],"about":[{"href":"https:\/\/mes-pochoirs.com\/de\/wp-json\/wp\/v2\/types\/product"}],"replies":[{"embeddable":true,"href":"https:\/\/mes-pochoirs.com\/de\/wp-json\/wp\/v2\/comments?post=28723"}],"wp:featuredmedia":[{"embeddable":true,"href":"https:\/\/mes-pochoirs.com\/de\/wp-json\/wp\/v2\/media\/29211"}],"wp:attachment":[{"href":"https:\/\/mes-pochoirs.com\/de\/wp-json\/wp\/v2\/media?parent=28723"}],"wp:term":[{"taxonomy":"product_brand","embeddable":true,"href":"https:\/\/mes-pochoirs.com\/de\/wp-json\/wp\/v2\/product_brand?post=28723"},{"taxonomy":"product_cat","embeddable":true,"href":"https:\/\/mes-pochoirs.com\/de\/wp-json\/wp\/v2\/product_cat?post=28723"},{"taxonomy":"product_tag","embeddable":true,"href":"https:\/\/mes-pochoirs.com\/de\/wp-json\/wp\/v2\/product_tag?post=28723"}],"curies":[{"name":"wp","href":"https:\/\/api.w.org\/{rel}","templated":true}]}}