{"id":28731,"date":"2025-09-25T11:51:55","date_gmt":"2025-09-25T09:51:55","guid":{"rendered":"https:\/\/mes-pochoirs.com\/?post_type=product&#038;p=28731"},"modified":"2025-10-31T12:42:05","modified_gmt":"2025-10-31T11:42:05","slug":"schablone-citroen-2cv-retro-um0019","status":"publish","type":"product","link":"https:\/\/mes-pochoirs.com\/de\/produit\/pochoir-citroen-2cv-retro-um0019","title":{"rendered":"Schablone Citro\u00ebn 2CV Retro - UM0019"},"content":{"rendered":"<h2>Schablone Citro\u00ebn 2CV <strong>Retro<\/strong><\/h2>\n<p>Diese <strong>Schablone Citro\u00ebn 2CV Retro<\/strong> repr\u00e4sentiert das symboltr\u00e4chtige Auto des franz\u00f6sischen Kulturerbes in einer v\u00f6llig neuen, ber\u00fchrenden und poetischen Version. In der Dreiviertelansicht von vorne, in einer ausdrucksstarken, leicht gebeugten Haltung, beh\u00e4lt dieser 2CV seine legend\u00e4ren Kurven bei: abgerundete Kotfl\u00fcgel, gerippte Motorhaube, erh\u00f6hte Scheinwerfer und der typische K\u00fchlergrill mit dem Citro\u00ebn-Chevron. Doch hier \u00e4ndert ein Detail alles: ein Blumenstrau\u00df, der an der Vorderseite befestigt ist - als pazifistische, romantische oder einfach nur fr\u00f6hliche Botschaft.<\/p>\n<p>Dieser Kontrast zwischen rustikaler Mechanik und pflanzlicher Zartheit verwandelt das Auto in einen echten Charakter. Es f\u00e4hrt nicht nur, sondern dr\u00fcckt auch eine Emotion aus. Dieser Sonnenblumenstrau\u00df spiegelt die kollektive Vorstellungswelt wider: Reisen aufs Land, l\u00e4ndliche Hochzeiten, b\u00f6hmische Festivals oder auch Erinnerungen an einen Sommer in Freiheit.<\/p>\n<p>Die grafische Bearbeitung des <strong>Schablone Citro\u00ebn 2CV Retro<\/strong> verst\u00e4rkt diese sensible Lesart. Die Linien sind klar, der Kontrast stark, die Formen beherrscht - aber ohne H\u00e4rte. Die absichtliche grafische Abnutzung, die Splitter und Fehlstellen erzeugen einen Effekt des Erlebten, der vergehenden Zeit. Man sp\u00fcrt, dass dieses Auto kein starres Objekt ist, sondern ein Zeuge vielf\u00e4ltiger Leben, das hier in k\u00fcnstlerisches Material verwandelt wurde.<\/p>\n<p>Diese <strong>Schablone Citro\u00ebn 2CV Retro<\/strong> ist f\u00fcr K\u00fcnstler gedacht, die auf der Suche nach popul\u00e4ren und universellen Symbolen sind, die jedoch auf liebevolle Weise neu interpretiert werden. Es eignet sich sowohl f\u00fcr Wandgestaltungen, Gem\u00e4lde, Holz- und Metallarbeiten als auch f\u00fcr Textilien und Dekorationen. Es erinnert an eine sanfte Retro-\u00c4sthetik, die sich perfekt f\u00fcr ein Projekt eignet, das Street Art und Poesie miteinander verbindet.<\/p>\n<p>Der Citro\u00ebn 2CV wird in dieser gebl\u00fcmten Version zu mehr als nur einem Fahrzeug: Er ist ein Tr\u00e4ger von Emotionen, ein Emblem einer Zeit, in der Langsamkeit Sinn machte, in der man ein Auto schm\u00fcckte, um einen Moment oder eine Sache zu feiern.<\/p>\n<p>Dieses Bild vereint kulturelles Erbe, diskreten Humor und suggestive Kraft in einer zug\u00e4nglichen und markanten Bildsprache. Es wird sowohl Nostalgiker als auch zeitgen\u00f6ssische Designer begeistern, die auf der Suche nach Geschichten sind, die sie mithilfe von Bildern vermitteln k\u00f6nnen.<\/p>","protected":false},"excerpt":{"rendered":"<p><strong>Schablone Citro\u00ebn 2CV Retro<\/strong> f\u00fcr Gem\u00e4lde oder Bilder im Vintage-Stil. Wiederverwendbar, hohe Qualit\u00e4t, beidseitig verwendbar, verschiedene Gr\u00f6\u00dfen erh\u00e4ltlich.<\/p>","protected":false},"featured_media":29212,"comment_status":"open","ping_status":"closed","template":"","meta":{"bwfblock_default_font":"","_kad_blocks_custom_css":"","_kad_blocks_head_custom_js":"","_kad_blocks_body_custom_js":"","_kad_blocks_footer_custom_js":"","_kadence_starter_templates_imported_post":false,"_kad_post_transparent":"default","_kad_post_title":"","_kad_post_layout":"default","_kad_post_sidebar_id":"","_kad_post_content_style":"default","_kad_post_vertical_padding":"default","_kad_post_feature":"","_kad_post_feature_position":"","_kad_post_header":false,"_kad_post_footer":false,"_kad_post_classname":""},"product_brand":[1415],"product_cat":[1713,971],"product_tag":[1653,1660,1650,1661,525,1652,1654,1648],"class_list":{"0":"post-28731","1":"product","2":"type-product","3":"status-publish","4":"has-post-thumbnail","6":"product_brand-mes-pochoirs","7":"product_cat-pochoirs-voitures","8":"product_cat-pochoirs-univers-mecanique","9":"product_tag-art-retro","10":"product_tag-automobile-francais","11":"product_tag-berline-ancienne","12":"product_tag-citroen-2cv","13":"product_tag-retro","14":"product_tag-voiture-ancienne","15":"product_tag-voiture-de-collection","16":"product_tag-voiture-vintage","18":"first","19":"instock","20":"taxable","21":"shipping-taxable","22":"purchasable","23":"product-type-variable","24":"entry","25":"content-bg","26":"loop-entry"},"taxonomy_info":{"product_brand":[{"value":1415,"label":"Mes Pochoirs"}],"product_cat":[{"value":1713,"label":"Voitures"},{"value":971,"label":"Univers M\u00e9canique"}],"product_tag":[{"value":1653,"label":"art r\u00e9tro"},{"value":1660,"label":"automobile fran\u00e7ais"},{"value":1650,"label":"berline ancienne"},{"value":1661,"label":"Citro\u00ebn 2CV"},{"value":525,"label":"r\u00e9tro"},{"value":1652,"label":"voiture ancienne"},{"value":1654,"label":"voiture de collection"},{"value":1648,"label":"voiture vintage"}]},"featured_image_src_large":["https:\/\/mes-pochoirs.com\/wp-content\/uploads\/2025\/08\/UM0019-pochoir-voiture-copyright-mes-pochoirs-858x1030.jpg",858,1030,true],"author_info":[],"comment_info":0,"_links":{"self":[{"href":"https:\/\/mes-pochoirs.com\/de\/wp-json\/wp\/v2\/product\/28731","targetHints":{"allow":["GET"]}}],"collection":[{"href":"https:\/\/mes-pochoirs.com\/de\/wp-json\/wp\/v2\/product"}],"about":[{"href":"https:\/\/mes-pochoirs.com\/de\/wp-json\/wp\/v2\/types\/product"}],"replies":[{"embeddable":true,"href":"https:\/\/mes-pochoirs.com\/de\/wp-json\/wp\/v2\/comments?post=28731"}],"wp:featuredmedia":[{"embeddable":true,"href":"https:\/\/mes-pochoirs.com\/de\/wp-json\/wp\/v2\/media\/29212"}],"wp:attachment":[{"href":"https:\/\/mes-pochoirs.com\/de\/wp-json\/wp\/v2\/media?parent=28731"}],"wp:term":[{"taxonomy":"product_brand","embeddable":true,"href":"https:\/\/mes-pochoirs.com\/de\/wp-json\/wp\/v2\/product_brand?post=28731"},{"taxonomy":"product_cat","embeddable":true,"href":"https:\/\/mes-pochoirs.com\/de\/wp-json\/wp\/v2\/product_cat?post=28731"},{"taxonomy":"product_tag","embeddable":true,"href":"https:\/\/mes-pochoirs.com\/de\/wp-json\/wp\/v2\/product_tag?post=28731"}],"curies":[{"name":"wp","href":"https:\/\/api.w.org\/{rel}","templated":true}]}}