{"id":28748,"date":"2025-11-28T08:00:08","date_gmt":"2025-11-28T07:00:08","guid":{"rendered":"https:\/\/mes-pochoirs.com\/?post_type=product&#038;p=28748"},"modified":"2026-02-26T15:14:51","modified_gmt":"2026-02-26T14:14:51","slug":"schablone-porsche-911-um0021","status":"publish","type":"product","link":"https:\/\/mes-pochoirs.com\/de\/produit\/pochoir-porsche-911-um0021","title":{"rendered":"Schablone Porsche 911 - UM0021"},"content":{"rendered":"<h2 class=\"p1\"><b>Schablone Porsche 911<\/b><\/h2>\n<p class=\"p1\">Diese <b>Schablone Porsche 911<\/b> beleuchtet ein mythisches Auto, das zu den bekanntesten der Welt geh\u00f6rt: den Porsche 911, der hier in einer klassischen Version dargestellt wird, ganz in Bewegung und mit visueller Spannung. Aus der Vogelperspektive betrachtet, in einem brutalen und stilisierten Geschwindigkeitseffekt aufgenommen, scheint dieser Porsche bereit, aus dem Rahmen zu fallen, aus der Halterung zu springen, mit einem Schrei des Motors und des Adrenalins.<\/p>\n<p class=\"p1\">Die legend\u00e4re Silhouette des 911 ist sofort erkennbar: eine abfallende Motorhaube, abgerundete vordere Kotfl\u00fcgel, leicht geneigte runde Scheinwerfer, ein niedriges, flie\u00dfendes Dach und ein kompaktes Heck. Alles an seiner Haltung erinnert an pure Sportlichkeit, eine perfekte Balance zwischen rassiger Eleganz und mechanischer Kraft. Diese Version, die von den Modellen der 70er und 80er Jahre inspiriert wurde, bewahrt den Vintage-Charme und integriert gleichzeitig eine nerv\u00f6se und moderne Grafiksprache.<\/p>\n<p class=\"p1\">Die rohen Texturen, die Materialspritzer, die gespannten Linien und die absichtlich unvollst\u00e4ndigen Bereiche verleihen der Schablone eine sehr ausdrucksstarke, fast impulsive Darstellung. Man findet hier den Einfluss von Street Art, der urbanen Bewegung, aber auch einer kraftvollen Form von Nostalgie f\u00fcr legend\u00e4re Autos. Es ist eine Geschwindigkeitsmaschine, aber auch eine kulturelle Ikone, ein Objekt der Faszination, des Traums und der Freiheit.<\/p>\n<p class=\"p1\">Diese <b>Schablone Porsche 911<\/b> wurde f\u00fcr K\u00fcnstler und Designer entwickelt, die die Welt der Autos in einen Dialog mit der zeitgen\u00f6ssischen visuellen Kunst bringen m\u00f6chten. Es kann auf einer Vielzahl von Untergr\u00fcnden verwendet werden: W\u00e4nde, Leinw\u00e4nde, M\u00f6bel, Metall, Holz usw. Es wird seinen Platz in einem ausdrucksstarken Kunstwerk, einem aussagekr\u00e4ftigen Gem\u00e4lde, einer Industriedekoration oder einem selbstbewussten Wandgem\u00e4lde finden.<\/p>\n<p class=\"p1\">Das hier abgebildete Modell des Porsche 911 wird zu mehr als nur einem Fahrzeug: Es verk\u00f6rpert einen Impuls f\u00fcr Freiheit, Leistung und Leidenschaft. Seine raue Linienf\u00fchrung, seine durchschlagende \u00c4sthetik und sein energischer Grafikstil machen ihn zu einem kraftvollen Gestaltungsmittel, das eine Bewegung, eine Epoche und ein Gef\u00fchl vermitteln kann.<\/p>\n<p class=\"p1\">Ideal f\u00fcr Liebhaber von Oldtimern, Motorsportfans oder K\u00fcnstler, die nach einem starken Motiv suchen. Dieses Bild vereint das Erbe von Porsche mit modernem k\u00fcnstlerischem Ausdruck in einer ausgesprochen lebendigen Bildsprache.<\/p>","protected":false},"excerpt":{"rendered":"<p data-start=\"856\" data-end=\"998\"><strong>Schablone Porsche 911<\/strong> f\u00fcr Gem\u00e4lde oder Tafeln - dynamisches und pr\u00e4zises Design, ideal, um Ihren DIY-Kreationen einen sportlichen, modernen und eleganten Touch zu verleihen. Wiederverwendbar, hohe Qualit\u00e4t, beidseitig verwendbar, verschiedene Gr\u00f6\u00dfen f\u00fcr kreative K\u00fcnstler erh\u00e4ltlich.<\/p>","protected":false},"featured_media":29213,"comment_status":"open","ping_status":"closed","template":"","meta":{"bwfblock_default_font":"","_kad_blocks_custom_css":"","_kad_blocks_head_custom_js":"","_kad_blocks_body_custom_js":"","_kad_blocks_footer_custom_js":"","_kadence_starter_templates_imported_post":false,"_kad_post_transparent":"default","_kad_post_title":"","_kad_post_layout":"default","_kad_post_sidebar_id":"","_kad_post_content_style":"default","_kad_post_vertical_padding":"default","_kad_post_feature":"","_kad_post_feature_position":"","_kad_post_header":false,"_kad_post_footer":false,"_kad_post_classname":""},"product_brand":[1415],"product_cat":[1713,971],"product_tag":[1653,1650,1666,525,1664,1665,1652,1654,1648],"class_list":{"0":"post-28748","1":"product","2":"type-product","3":"status-publish","4":"has-post-thumbnail","6":"product_brand-mes-pochoirs","7":"product_cat-pochoirs-voitures","8":"product_cat-pochoirs-univers-mecanique","9":"product_tag-art-retro","10":"product_tag-berline-ancienne","11":"product_tag-porsche-911","12":"product_tag-retro","13":"product_tag-style-annee-70","14":"product_tag-style-annee-80","15":"product_tag-voiture-ancienne","16":"product_tag-voiture-de-collection","17":"product_tag-voiture-vintage","19":"first","20":"instock","21":"taxable","22":"shipping-taxable","23":"purchasable","24":"product-type-variable","25":"entry","26":"content-bg","27":"loop-entry"},"taxonomy_info":{"product_brand":[{"value":1415,"label":"Mes Pochoirs"}],"product_cat":[{"value":1713,"label":"Voitures"},{"value":971,"label":"Univers M\u00e9canique"}],"product_tag":[{"value":1653,"label":"art r\u00e9tro"},{"value":1650,"label":"berline ancienne"},{"value":1666,"label":"Porsche 911"},{"value":525,"label":"r\u00e9tro"},{"value":1664,"label":"style ann\u00e9e 70"},{"value":1665,"label":"style ann\u00e9e 80"},{"value":1652,"label":"voiture ancienne"},{"value":1654,"label":"voiture de collection"},{"value":1648,"label":"voiture vintage"}]},"featured_image_src_large":["https:\/\/mes-pochoirs.com\/wp-content\/uploads\/2025\/08\/UM0021-pochoir-voiture-copyright-mes-pochoirs-858x1030.jpg",858,1030,true],"author_info":[],"comment_info":1,"_links":{"self":[{"href":"https:\/\/mes-pochoirs.com\/de\/wp-json\/wp\/v2\/product\/28748","targetHints":{"allow":["GET"]}}],"collection":[{"href":"https:\/\/mes-pochoirs.com\/de\/wp-json\/wp\/v2\/product"}],"about":[{"href":"https:\/\/mes-pochoirs.com\/de\/wp-json\/wp\/v2\/types\/product"}],"replies":[{"embeddable":true,"href":"https:\/\/mes-pochoirs.com\/de\/wp-json\/wp\/v2\/comments?post=28748"}],"wp:featuredmedia":[{"embeddable":true,"href":"https:\/\/mes-pochoirs.com\/de\/wp-json\/wp\/v2\/media\/29213"}],"wp:attachment":[{"href":"https:\/\/mes-pochoirs.com\/de\/wp-json\/wp\/v2\/media?parent=28748"}],"wp:term":[{"taxonomy":"product_brand","embeddable":true,"href":"https:\/\/mes-pochoirs.com\/de\/wp-json\/wp\/v2\/product_brand?post=28748"},{"taxonomy":"product_cat","embeddable":true,"href":"https:\/\/mes-pochoirs.com\/de\/wp-json\/wp\/v2\/product_cat?post=28748"},{"taxonomy":"product_tag","embeddable":true,"href":"https:\/\/mes-pochoirs.com\/de\/wp-json\/wp\/v2\/product_tag?post=28748"}],"curies":[{"name":"wp","href":"https:\/\/api.w.org\/{rel}","templated":true}]}}