{"id":29412,"date":"2026-01-27T11:02:51","date_gmt":"2026-01-27T10:02:51","guid":{"rendered":"https:\/\/mes-pochoirs.com\/?post_type=product&#038;p=29412"},"modified":"2026-03-13T17:08:30","modified_gmt":"2026-03-13T16:08:30","slug":"schablone-chevrolet-corvette-um024","status":"publish","type":"product","link":"https:\/\/mes-pochoirs.com\/de\/produit\/pochoir-chevrolet-corvette-um024","title":{"rendered":"Schablone Chevrolet Corvette - UM0024"},"content":{"rendered":"<div class=\"flex max-w-full flex-col flex-grow\">\n<div class=\"min-h-8 text-message flex w-full flex-col items-end gap-2 whitespace-normal break-words [.text-message+&amp;]:mt-5\" dir=\"auto\" data-message-author-role=\"assistant\" data-message-id=\"121dedc0-f195-437a-bc18-3252a1c93102\" data-message-model-slug=\"gpt-4o\">\n<div class=\"flex w-full flex-col gap-1 empty:hidden first:pt-[3px]\">\n<div class=\"markdown prose w-full break-words dark:prose-invert dark\">\n<div class=\"flex max-w-full flex-col flex-grow\">\n<div class=\"min-h-8 text-message flex w-full flex-col items-end gap-2 whitespace-normal break-words [.text-message+&amp;]:mt-5\" dir=\"auto\" data-message-author-role=\"assistant\" data-message-id=\"e971e5af-5d51-4235-bd5c-1acbb36262f4\" data-message-model-slug=\"gpt-4o\">\n<div class=\"flex w-full flex-col gap-1 empty:hidden first:pt-[3px]\">\n<div class=\"markdown prose w-full break-words dark:prose-invert dark\">\n<h2 data-start=\"905\" data-end=\"969\"><span data-sheets-root=\"1\">Pochoir Chevrolet Corvette<\/span><\/h2>\n<p data-start=\"109\" data-end=\"511\">Le Pochoir Chevrolet Corvette est une pi\u00e8ce incontournable pour tous les passionn\u00e9s d\u2019automobiles et d\u2019art urbain. Inspir\u00e9 par le style brut et expressif du street art, ce mod\u00e8le capture la puissance et l\u2019\u00e9l\u00e9gance intemporelle d\u2019une voiture embl\u00e9matique des routes am\u00e9ricaines. Plus qu\u2019un simple motif d\u00e9coratif, il incarne la vitesse, l\u2019audace et l\u2019esprit de libert\u00e9 que repr\u00e9sente ce v\u00e9hicule l\u00e9gendaire.<\/p>\n<p data-start=\"513\" data-end=\"902\">Con\u00e7u pour offrir un rendu percutant et d\u00e9taill\u00e9, le Pochoir Chevrolet Corvette\u00a0permet de donner vie \u00e0 vos projets cr\u00e9atifs, qu\u2019ils soient destin\u00e9s \u00e0 la d\u00e9coration int\u00e9rieure, au mobilier personnalis\u00e9, aux accessoires ou encore aux fresques murales. Chaque trait est pens\u00e9 pour restituer l\u2019\u00e9nergie et le dynamisme de la carrosserie, cr\u00e9ant une impression forte et imm\u00e9diatement reconnaissable.<\/p>\n<p data-start=\"904\" data-end=\"1355\">Facile \u00e0 utiliser, ce pochoir s\u2019adapte aussi bien aux surfaces planes qu\u2019aux textures plus complexes, ce qui en fait un outil polyvalent pour les artistes confirm\u00e9s comme pour les cr\u00e9ateurs d\u00e9butants. Il peut \u00eatre appliqu\u00e9 \u00e0 l\u2019aide de peinture en a\u00e9rosol, de rouleaux ou de pinceaux, selon le style recherch\u00e9. Sa conception r\u00e9sistante garantit une utilisation r\u00e9p\u00e9t\u00e9e sans perte de pr\u00e9cision, vous permettant de multiplier les cr\u00e9ations sans limite.<\/p>\n<p data-start=\"1357\" data-end=\"1706\">Le Pochoir Chevrolet Corvette\u00a0est id\u00e9al pour insuffler une ambiance vintage et urbaine \u00e0 un espace, tout en affirmant une identit\u00e9 forte et contemporaine. Il se pr\u00eate aussi bien aux projets d\u00e9coratifs personnels qu\u2019aux r\u00e9alisations professionnelles, et constitue un choix parfait pour ceux qui souhaitent marier design, passion automobile et art de rue.<\/p>\n<p data-start=\"1708\" data-end=\"1891\"><strong>Avec ce pochoir, vous transformez chaque support en une toile d\u2019expression, en faisant r\u00e9sonner la l\u00e9gende d\u2019une ic\u00f4ne m\u00e9canique \u00e0 travers un langage artistique puissant et moderne.<\/strong><\/p>\n<\/div>\n<\/div>\n<\/div>\n<\/div>\n<\/div>\n<\/div>\n<\/div>\n<\/div>\n","protected":false},"excerpt":{"rendered":"<p><strong data-start=\"112\" data-end=\"132\">Chevrolet Corvette Schablone<\/strong> wiederverwendbar zum Malen und Dekorieren. Hohe Qualit\u00e4t, beidseitig verwendbar, in verschiedenen Gr\u00f6\u00dfen f\u00fcr Ihre Projekte erh\u00e4ltlich.<\/p>","protected":false},"featured_media":29542,"comment_status":"open","ping_status":"closed","template":"","meta":{"bwfblock_default_font":"","_kad_blocks_custom_css":"","_kad_blocks_head_custom_js":"","_kad_blocks_body_custom_js":"","_kad_blocks_footer_custom_js":"","_kadence_starter_templates_imported_post":false,"_kad_post_transparent":"default","_kad_post_title":"","_kad_post_layout":"default","_kad_post_sidebar_id":"","_kad_post_content_style":"default","_kad_post_vertical_padding":"default","_kad_post_feature":"","_kad_post_feature_position":"","_kad_post_header":false,"_kad_post_footer":false,"_kad_post_classname":""},"product_brand":[1415],"product_cat":[1713,971],"product_tag":[1727,1731,1733,1725,1728,1730,1729,810,1724,1654],"class_list":{"0":"post-29412","1":"product","2":"type-product","3":"status-publish","4":"has-post-thumbnail","6":"product_brand-mes-pochoirs","7":"product_cat-pochoirs-voitures","8":"product_cat-pochoirs-univers-mecanique","9":"product_tag-automobile-vintage","10":"product_tag-carrosserie","11":"product_tag-chevrolet","12":"product_tag-corvette","13":"product_tag-design-retro","14":"product_tag-icone-automobile","15":"product_tag-route-66","16":"product_tag-sport-automobile","17":"product_tag-voiture-americaine","18":"product_tag-voiture-de-collection","20":"first","21":"instock","22":"taxable","23":"shipping-taxable","24":"purchasable","25":"product-type-variable","26":"entry","27":"content-bg","28":"loop-entry"},"taxonomy_info":{"product_brand":[{"value":1415,"label":"Mes Pochoirs"}],"product_cat":[{"value":1713,"label":"Voitures"},{"value":971,"label":"Univers M\u00e9canique"}],"product_tag":[{"value":1727,"label":"automobile vintage"},{"value":1731,"label":"carrosserie"},{"value":1733,"label":"Chevrolet"},{"value":1725,"label":"corvette"},{"value":1728,"label":"design r\u00e9tro"},{"value":1730,"label":"ic\u00f4ne automobile"},{"value":1729,"label":"route 66"},{"value":810,"label":"sport automobile"},{"value":1724,"label":"voiture am\u00e9ricaine"},{"value":1654,"label":"voiture de collection"}]},"featured_image_src_large":["https:\/\/mes-pochoirs.com\/wp-content\/uploads\/2025\/09\/UM0024-pochoir-voiture-copyright-mes-pochoirs-858x1030.jpg",858,1030,true],"author_info":[],"comment_info":0,"_links":{"self":[{"href":"https:\/\/mes-pochoirs.com\/de\/wp-json\/wp\/v2\/product\/29412","targetHints":{"allow":["GET"]}}],"collection":[{"href":"https:\/\/mes-pochoirs.com\/de\/wp-json\/wp\/v2\/product"}],"about":[{"href":"https:\/\/mes-pochoirs.com\/de\/wp-json\/wp\/v2\/types\/product"}],"replies":[{"embeddable":true,"href":"https:\/\/mes-pochoirs.com\/de\/wp-json\/wp\/v2\/comments?post=29412"}],"wp:featuredmedia":[{"embeddable":true,"href":"https:\/\/mes-pochoirs.com\/de\/wp-json\/wp\/v2\/media\/29542"}],"wp:attachment":[{"href":"https:\/\/mes-pochoirs.com\/de\/wp-json\/wp\/v2\/media?parent=29412"}],"wp:term":[{"taxonomy":"product_brand","embeddable":true,"href":"https:\/\/mes-pochoirs.com\/de\/wp-json\/wp\/v2\/product_brand?post=29412"},{"taxonomy":"product_cat","embeddable":true,"href":"https:\/\/mes-pochoirs.com\/de\/wp-json\/wp\/v2\/product_cat?post=29412"},{"taxonomy":"product_tag","embeddable":true,"href":"https:\/\/mes-pochoirs.com\/de\/wp-json\/wp\/v2\/product_tag?post=29412"}],"curies":[{"name":"wp","href":"https:\/\/api.w.org\/{rel}","templated":true}]}}