{"id":29455,"date":"2025-09-04T11:55:01","date_gmt":"2025-09-04T09:55:01","guid":{"rendered":"https:\/\/mes-pochoirs.com\/?post_type=product&#038;p=29455"},"modified":"2025-10-31T12:43:04","modified_gmt":"2025-10-31T11:43:04","slug":"pochoir-corvette-sport-1963-split-window-um0030","status":"publish","type":"product","link":"https:\/\/mes-pochoirs.com\/de\/produit\/pochoir-corvette-sport-1963-split-window-um0030","title":{"rendered":"Schablone Corvette Sport 1963 Split Window - UM0030"},"content":{"rendered":"<h2>Pochoir Corvette Sport 1963 Split Window<\/h2>\n<p>Die <strong>Pochoir Corvette Sport 1963 Split Window<\/strong>\u00a0zeigt die ganze Kraft und das Charisma eines legend\u00e4ren Automobils. Die Corvette ist ein echtes Symbol f\u00fcr Geschwindigkeit und Freiheit und verk\u00f6rpert den Geist der gro\u00dfen Stra\u00dfen und die Welt der legend\u00e4ren Autos. Ihre einzigartige Silhouette und ihre kraftvollen Linien haben die Jahrzehnte \u00fcberdauert, ohne an Intensit\u00e4t zu verlieren, was sie zu einem idealen Motiv f\u00fcr eine starke und ausdrucksstarke Grafik macht.<\/p>\n<p>Die <strong>Pochoir Corvette Sport 1963 Split Window<\/strong>\u00a0wurde entwickelt, um Ihren Projekten eine k\u00fcnstlerische und schlagkr\u00e4ftige Dimension zu verleihen. Ob Sie sich f\u00fcr klassische Automobile oder f\u00fcr urbane Kunst begeistern, mit diesem Modell k\u00f6nnen Sie originelle und markante Kompositionen erstellen. Es passt sowohl in eine moderne als auch in eine industrielle Welt und kann auf zahlreichen Untergr\u00fcnden verwendet werden: W\u00e4nde, Leinw\u00e4nde, M\u00f6bel oder auch personalisierte Objekte. Jedes Detail der Karosserie wurde bearbeitet, um die Energie und Kraft dieses ikonischen Fahrzeugs zu vermitteln, wodurch jede Kreation zu einer wahren Hommage an die Automobilkultur wird.<\/p>\n<p>Diese praktische und robuste Schablone eignet sich sowohl f\u00fcr erfahrene K\u00fcnstler als auch f\u00fcr Anf\u00e4nger, die neue Inspirationen erkunden m\u00f6chten. Die Schablone ist einfach, pr\u00e4zise und wiederverwendbar, sodass Sie mehrere Projekte durchf\u00fchren k\u00f6nnen, ohne Kompromisse bei der Qualit\u00e4t eingehen zu m\u00fcssen. Da sie mit verschiedenen Techniken kompatibel ist, l\u00e4sst sie sich leicht an Ihre kreativen W\u00fcnsche anpassen und sorgt f\u00fcr ein sauberes und gleichm\u00e4\u00dfiges Ergebnis.<\/p>\n<p>Weit mehr als nur ein Werkzeug ist der <strong>Pochoir Corvette Sport 1963 Split Window<\/strong>\u00a0ist eine Br\u00fccke zwischen zwei Welten: der mechanischen Welt der au\u00dfergew\u00f6hnlichen Autos und der Welt des k\u00fcnstlerischen Ausdrucks. Wenn Sie sie verwenden, kombinieren Sie Autodesign und zeitgen\u00f6ssische Kreativit\u00e4t, um einzigartige Kunstwerke entstehen zu lassen. Jedes Werk wird so zu einem Stilbekenntnis, das von der zeitlosen Legende der Corvette getragen wird.<\/p>","protected":false},"excerpt":{"rendered":"<p><strong data-start=\"105\" data-end=\"131\">Pochoir Corvette Sport 1963 Split Window<\/strong> f\u00fcr Gem\u00e4lde, Bilder oder dekorative Kunstwerke. Hohe Qualit\u00e4t, beidseitig verwendbar und wiederverwendbar. In verschiedenen Gr\u00f6\u00dfen erh\u00e4ltlich.<\/p>","protected":false},"featured_media":29548,"comment_status":"open","ping_status":"closed","template":"","meta":{"bwfblock_default_font":"","_kad_blocks_custom_css":"","_kad_blocks_head_custom_js":"","_kad_blocks_body_custom_js":"","_kad_blocks_footer_custom_js":"","_kadence_starter_templates_imported_post":false,"_kad_post_transparent":"default","_kad_post_title":"","_kad_post_layout":"default","_kad_post_sidebar_id":"","_kad_post_content_style":"default","_kad_post_vertical_padding":"default","_kad_post_feature":"","_kad_post_feature_position":"","_kad_post_header":false,"_kad_post_footer":false,"_kad_post_classname":""},"product_brand":[1415],"product_cat":[1713,971],"product_tag":[1727,1731,1733,1725,1728,1730,816,1726,1729,810,1724,1654],"class_list":{"0":"post-29455","1":"product","2":"type-product","3":"status-publish","4":"has-post-thumbnail","6":"product_brand-mes-pochoirs","7":"product_cat-pochoirs-voitures","8":"product_cat-pochoirs-univers-mecanique","9":"product_tag-automobile-vintage","10":"product_tag-carrosserie","11":"product_tag-chevrolet","12":"product_tag-corvette","13":"product_tag-design-retro","14":"product_tag-icone-automobile","15":"product_tag-mecanique","16":"product_tag-muscle-car","17":"product_tag-route-66","18":"product_tag-sport-automobile","19":"product_tag-voiture-americaine","20":"product_tag-voiture-de-collection","22":"first","23":"instock","24":"taxable","25":"shipping-taxable","26":"purchasable","27":"product-type-variable","28":"entry","29":"content-bg","30":"loop-entry"},"taxonomy_info":{"product_brand":[{"value":1415,"label":"Mes Pochoirs"}],"product_cat":[{"value":1713,"label":"Voitures"},{"value":971,"label":"Univers M\u00e9canique"}],"product_tag":[{"value":1727,"label":"automobile vintage"},{"value":1731,"label":"carrosserie"},{"value":1733,"label":"Chevrolet"},{"value":1725,"label":"corvette"},{"value":1728,"label":"design r\u00e9tro"},{"value":1730,"label":"ic\u00f4ne automobile"},{"value":816,"label":"m\u00e9canique"},{"value":1726,"label":"muscle car"},{"value":1729,"label":"route 66"},{"value":810,"label":"sport automobile"},{"value":1724,"label":"voiture am\u00e9ricaine"},{"value":1654,"label":"voiture de collection"}]},"featured_image_src_large":["https:\/\/mes-pochoirs.com\/wp-content\/uploads\/2025\/09\/UM0030-pochoir-voiture-copyright-mes-pochoirs-858x1030.jpg",858,1030,true],"author_info":[],"comment_info":0,"_links":{"self":[{"href":"https:\/\/mes-pochoirs.com\/de\/wp-json\/wp\/v2\/product\/29455","targetHints":{"allow":["GET"]}}],"collection":[{"href":"https:\/\/mes-pochoirs.com\/de\/wp-json\/wp\/v2\/product"}],"about":[{"href":"https:\/\/mes-pochoirs.com\/de\/wp-json\/wp\/v2\/types\/product"}],"replies":[{"embeddable":true,"href":"https:\/\/mes-pochoirs.com\/de\/wp-json\/wp\/v2\/comments?post=29455"}],"wp:featuredmedia":[{"embeddable":true,"href":"https:\/\/mes-pochoirs.com\/de\/wp-json\/wp\/v2\/media\/29548"}],"wp:attachment":[{"href":"https:\/\/mes-pochoirs.com\/de\/wp-json\/wp\/v2\/media?parent=29455"}],"wp:term":[{"taxonomy":"product_brand","embeddable":true,"href":"https:\/\/mes-pochoirs.com\/de\/wp-json\/wp\/v2\/product_brand?post=29455"},{"taxonomy":"product_cat","embeddable":true,"href":"https:\/\/mes-pochoirs.com\/de\/wp-json\/wp\/v2\/product_cat?post=29455"},{"taxonomy":"product_tag","embeddable":true,"href":"https:\/\/mes-pochoirs.com\/de\/wp-json\/wp\/v2\/product_tag?post=29455"}],"curies":[{"name":"wp","href":"https:\/\/api.w.org\/{rel}","templated":true}]}}