{"id":29692,"date":"2025-09-19T12:16:10","date_gmt":"2025-09-19T10:16:10","guid":{"rendered":"https:\/\/mes-pochoirs.com\/?post_type=product&#038;p=29692"},"modified":"2025-10-31T12:43:08","modified_gmt":"2025-10-31T11:43:08","slug":"schablone-graffiti-shadow-wildstyle-art-t0036","status":"publish","type":"product","link":"https:\/\/mes-pochoirs.com\/de\/produit\/pochoir-graffiti-shadow-wildstyle-art-t0036","title":{"rendered":"Wildstyle Graffiti Schablone \"ART\" - Schattenkontur - T0036"},"content":{"rendered":"<h2>Schablone Graffiti Shadow Wildstyle ART<\/h2>\n<p>Diese <strong>Schablone Graffiti Shadow Wildstyle ART<\/strong> verk\u00f6rpert die Essenz des reinsten und ausdrucksst\u00e4rksten Graffiti. Inspiriert vom Wildstyle, spielt er mit verschlungenen Formen und stilisierten Buchstaben, um eine komplexe und zugleich schlagkr\u00e4ftige Komposition zu schaffen. Dynamische Konturen \u00fcberlagern sich zu einer visuellen Konstruktion, die an die rohe Energie der urbanen Street Art erinnert. Jeder Strich ist darauf ausgelegt, die Bewegung, Spontaneit\u00e4t und Authentizit\u00e4t von gespr\u00fchten W\u00e4nden im \u00f6ffentlichen Raum heraufzubeschw\u00f6ren.<\/p>\n<p>Diese Schablone zeichnet sich durch ihre pr\u00e4zise Schattenarbeit aus, die der Typografie zus\u00e4tzliche Tiefe und Dimension verleiht. Der Projektionseffekt erweckt den Eindruck, als w\u00fcrden sich die Buchstaben von der Oberfl\u00e4che erheben, wodurch die visuelle Wirkung und die Kraft des Wortes verst\u00e4rkt werden. Hier findet sich die f\u00fcr Stra\u00dfenfresken typische \u00c4sthetik wieder, bei der das Spiel von Licht und Relief den imposanten Charakter des Graffiti betont.<\/p>\n<p>Der k\u00fcnstlerische Ansatz hebt die Kunst der Konturierung hervor, die Grundlage des Graffiti-Schriftzugs, bei dem jede Linie ineinander greift und trotz der Komplexit\u00e4t des Wildstyles eine harmonische Struktur bildet. Diese \u00dcberlagerung schafft ein Gleichgewicht zwischen scheinbarem Chaos und technischer Meisterschaft, das typisch f\u00fcr die Schriftz\u00fcge ist, die man in den gro\u00dfen Metropolen antrifft.<\/p>\n<p>Diese<strong>Schablone Graffiti Shadow Wildstyle ART<\/strong> ist nicht nur ein dekoratives Motiv: Es ist ein echtes k\u00fcnstlerisches Statement. Es verk\u00f6rpert die Freiheit des Ausdrucks, die Kreativit\u00e4t und die K\u00fchnheit der Graffiti-Kultur. Es ist ideal, um eine Wand, eine Leinwand oder ein M\u00f6belst\u00fcck individuell zu gestalten und die vibrierende und protestierende Atmosph\u00e4re der Street Art in Ihr Zuhause zu holen.<\/p>","protected":false},"excerpt":{"rendered":"<p><strong>Schablone Graffiti Shadow Wildstyle ART<\/strong> : Ein einzigartiges urbanes Design mit verschlungenen Formen und kr\u00e4ftigen Buchstaben. Inspiriert von der Street Art verleiht es Ihren kreativen Projekten Relief, Energie und Authentizit\u00e4t.<\/p>","protected":false},"featured_media":30079,"comment_status":"open","ping_status":"closed","template":"","meta":{"bwfblock_default_font":"","_kad_blocks_custom_css":"","_kad_blocks_head_custom_js":"","_kad_blocks_body_custom_js":"","_kad_blocks_footer_custom_js":"","_kadence_starter_templates_imported_post":false,"_kad_post_transparent":"default","_kad_post_title":"","_kad_post_layout":"default","_kad_post_sidebar_id":"","_kad_post_content_style":"default","_kad_post_vertical_padding":"default","_kad_post_feature":"","_kad_post_feature_position":"","_kad_post_header":false,"_kad_post_footer":false,"_kad_post_classname":""},"product_brand":[1415],"product_cat":[1738,537,284,328,316,515,516,273],"product_tag":[439,1742,285,275,577,1743,1750,327,287,295,286,1740],"class_list":{"0":"post-29692","1":"product","2":"type-product","3":"status-publish","4":"has-post-thumbnail","6":"product_brand-mes-pochoirs","7":"product_cat-pochoirs-style-graffiti-wildstyle","8":"product_cat-pochoirs-mot-art","9":"product_cat-pochoirs-graffitis","10":"product_cat-pochoirs-street-art","11":"product_cat-pochoirs-textes-et-messages","12":"product_cat-tri-par-mots","13":"product_cat-tri-par-styles","14":"product_cat-pochoirs-urbains","15":"product_tag-art","16":"product_tag-contour","17":"product_tag-graffiti","18":"product_tag-message","19":"product_tag-mot","20":"product_tag-ombre","21":"product_tag-shadow","22":"product_tag-street-art","23":"product_tag-tag","24":"product_tag-texte","25":"product_tag-urbain","26":"product_tag-wildstyle","28":"first","29":"instock","30":"taxable","31":"shipping-taxable","32":"purchasable","33":"product-type-variable","34":"entry","35":"content-bg","36":"loop-entry"},"taxonomy_info":{"product_brand":[{"value":1415,"label":"Mes Pochoirs"}],"product_cat":[{"value":1738,"label":"Graffiti Wildstyle"},{"value":537,"label":"Art"},{"value":284,"label":"Graffitis"},{"value":328,"label":"Street Art"},{"value":316,"label":"Textes et Messages"},{"value":515,"label":"Tri par Mots"},{"value":516,"label":"Tri par Styles"},{"value":273,"label":"Urbains"}],"product_tag":[{"value":439,"label":"art"},{"value":1742,"label":"contour"},{"value":285,"label":"graffiti"},{"value":275,"label":"message"},{"value":577,"label":"mot"},{"value":1743,"label":"ombre"},{"value":1750,"label":"Shadow"},{"value":327,"label":"street art"},{"value":287,"label":"tag"},{"value":295,"label":"Texte"},{"value":286,"label":"urbain"},{"value":1740,"label":"Wildstyle"}]},"featured_image_src_large":["https:\/\/mes-pochoirs.com\/wp-content\/uploads\/2025\/09\/T0036-pochoir-graffiti-wildstyle-art-copyright-mes-pochoirs-858x1030.jpg",858,1030,true],"author_info":[],"comment_info":0,"_links":{"self":[{"href":"https:\/\/mes-pochoirs.com\/de\/wp-json\/wp\/v2\/product\/29692","targetHints":{"allow":["GET"]}}],"collection":[{"href":"https:\/\/mes-pochoirs.com\/de\/wp-json\/wp\/v2\/product"}],"about":[{"href":"https:\/\/mes-pochoirs.com\/de\/wp-json\/wp\/v2\/types\/product"}],"replies":[{"embeddable":true,"href":"https:\/\/mes-pochoirs.com\/de\/wp-json\/wp\/v2\/comments?post=29692"}],"wp:featuredmedia":[{"embeddable":true,"href":"https:\/\/mes-pochoirs.com\/de\/wp-json\/wp\/v2\/media\/30079"}],"wp:attachment":[{"href":"https:\/\/mes-pochoirs.com\/de\/wp-json\/wp\/v2\/media?parent=29692"}],"wp:term":[{"taxonomy":"product_brand","embeddable":true,"href":"https:\/\/mes-pochoirs.com\/de\/wp-json\/wp\/v2\/product_brand?post=29692"},{"taxonomy":"product_cat","embeddable":true,"href":"https:\/\/mes-pochoirs.com\/de\/wp-json\/wp\/v2\/product_cat?post=29692"},{"taxonomy":"product_tag","embeddable":true,"href":"https:\/\/mes-pochoirs.com\/de\/wp-json\/wp\/v2\/product_tag?post=29692"}],"curies":[{"name":"wp","href":"https:\/\/api.w.org\/{rel}","templated":true}]}}