{"id":29807,"date":"2025-09-19T14:12:23","date_gmt":"2025-09-19T12:12:23","guid":{"rendered":"https:\/\/mes-pochoirs.com\/?post_type=product&#038;p=29807"},"modified":"2025-10-31T12:43:23","modified_gmt":"2025-10-31T11:43:23","slug":"schablone-wildstyle-graffiti-t0042","status":"publish","type":"product","link":"https:\/\/mes-pochoirs.com\/de\/produit\/pochoir-wildstyle-graffiti-t0042","title":{"rendered":"Wildstyle Graffiti Schablone \"GRAFFITI\" - T0043"},"content":{"rendered":"<h2>Schablone Wildstyle GRAFFITI<\/h2>\n<p>Die <strong>Schablone Wildstyle GRAFFITI<\/strong> ist eine wahre Feier der urbanen Kunst und wurde entwickelt, um das Wesen der Street Art einzufangen. Inspiriert vom Wildstyle-Stil bietet diese Schablone ein komplexes und aussagekr\u00e4ftiges Lettering, bei dem die Formen in einer gewagten und gleichzeitig meisterhaften visuellen Konstruktion aneinandergereiht sind. Das Wort \"GRAFFITI\" wird hier zu einem eigenst\u00e4ndigen Kunstwerk, das die ganze Kraft und Energie dieser Kunstkultur widerspiegelt.<\/p>\n<p>Die Konturen spielen bei dieser Kreation eine wesentliche Rolle. Sie definieren die Leitlinien des Schriftzugs und sorgen f\u00fcr einen starken visuellen Rhythmus. Diese dynamischen Konturen, die f\u00fcr Graffiti charakteristisch sind, verleihen der Schablone eine solide Struktur, lassen aber gleichzeitig Raum f\u00fcr den Eindruck von Bewegung und Fl\u00fcssigkeit. Sie erinnern an die Kunst der kontrollierten Linienf\u00fchrung, die Graffiti-K\u00fcnstlern so am Herzen liegt und die jede Linie in ein ausdrucksstarkes Element verwandeln.<\/p>\n<p>Die Integration von Schatten verst\u00e4rkt diese visuelle Wirkung. Sie verleihen den Buchstaben eine Tiefe und einen Reliefeffekt, der sie fast aus der Oberfl\u00e4che heraustreten l\u00e4sst. Dank dieser Schattenarbeit erh\u00e4lt das Wort \"GRAFFITI\" eine skulpturale Dimension und scheint zu schweben und zu vibrieren, als w\u00e4re es live auf eine Stadtmauer gezeichnet worden. Diese grafische \u00dcberlagerung unterstreicht den imposanten und immersiven Aspekt der Schablone.<\/p>\n<p>Dieses Muster ist nicht nur ein dekoratives Motiv: Es verk\u00f6rpert ein wahres Manifest der Street Art. Mit seiner Komplexit\u00e4t und seiner rauen \u00c4sthetik ist es eine Hommage an die visuellen Codes von Graffiti, einer Mischung aus Freiheit, Protest und Kreativit\u00e4t. Ob auf einer Wand, einer Leinwand, einem M\u00f6belst\u00fcck oder einem anderen Untergrund - mit diesem Motiv l\u00e4sst sich die urbane und vibrierende Atmosph\u00e4re der gro\u00dfen Stra\u00dfenfresken nachbilden.<\/p>\n<p>Zusammengefasst, <strong>Schablone Wildstyle GRAFFITI<\/strong> ist ein starkes St\u00fcck, ein k\u00fcnstlerisches Werkzeug, das die Seele des Graffiti ausdr\u00fcckt und dazu einl\u00e4dt, die ganze Energie und K\u00fchnheit des Wildstyles in seine Kreationen einzubeziehen.<\/p>","protected":false},"excerpt":{"rendered":"<p>Bringen Sie das Wesen der Street Art zum Ausdruck mit dem <strong>Schablone Wildstyle GRAFFITI<\/strong> ! Ein rohes, schlagkr\u00e4ftiges urbanes Design, perfekt f\u00fcr einen 100% Graffiti-Look.<\/p>","protected":false},"featured_media":30086,"comment_status":"open","ping_status":"closed","template":"","meta":{"bwfblock_default_font":"","_kad_blocks_custom_css":"","_kad_blocks_head_custom_js":"","_kad_blocks_body_custom_js":"","_kad_blocks_footer_custom_js":"","_kadence_starter_templates_imported_post":false,"_kad_post_transparent":"default","_kad_post_title":"","_kad_post_layout":"default","_kad_post_sidebar_id":"","_kad_post_content_style":"default","_kad_post_vertical_padding":"default","_kad_post_feature":"","_kad_post_feature_position":"","_kad_post_header":false,"_kad_post_footer":false,"_kad_post_classname":""},"product_brand":[1415],"product_cat":[1738,1747,284,316,273],"product_tag":[1742,1106,285,275,577,1743,1741,327,1739,287,295,286,1740],"class_list":{"0":"post-29807","1":"product","2":"type-product","3":"status-publish","4":"has-post-thumbnail","6":"product_brand-mes-pochoirs","7":"product_cat-pochoirs-style-graffiti-wildstyle","8":"product_cat-pochoirs-mot-graffiti","9":"product_cat-pochoirs-graffitis","10":"product_cat-pochoirs-textes-et-messages","11":"product_cat-pochoirs-urbains","12":"product_tag-contour","13":"product_tag-graffeur","14":"product_tag-graffiti","15":"product_tag-message","16":"product_tag-mot","17":"product_tag-ombre","18":"product_tag-signature","19":"product_tag-street-art","20":"product_tag-style-decriture","21":"product_tag-tag","22":"product_tag-texte","23":"product_tag-urbain","24":"product_tag-wildstyle","26":"first","27":"instock","28":"taxable","29":"shipping-taxable","30":"purchasable","31":"product-type-variable","32":"entry","33":"content-bg","34":"loop-entry"},"taxonomy_info":{"product_brand":[{"value":1415,"label":"Mes Pochoirs"}],"product_cat":[{"value":1738,"label":"Graffiti Wildstyle"},{"value":1747,"label":"Graffiti"},{"value":284,"label":"Graffitis"},{"value":316,"label":"Textes et Messages"},{"value":273,"label":"Urbains"}],"product_tag":[{"value":1742,"label":"contour"},{"value":1106,"label":"graffeur"},{"value":285,"label":"graffiti"},{"value":275,"label":"message"},{"value":577,"label":"mot"},{"value":1743,"label":"ombre"},{"value":1741,"label":"signature"},{"value":327,"label":"street art"},{"value":1739,"label":"style d'\u00e9criture"},{"value":287,"label":"tag"},{"value":295,"label":"Texte"},{"value":286,"label":"urbain"},{"value":1740,"label":"Wildstyle"}]},"featured_image_src_large":["https:\/\/mes-pochoirs.com\/wp-content\/uploads\/2025\/09\/T0043-pochoir-graffiti-wildstyle-graffiti-copyright-mes-pochoirs-858x1030.jpg",858,1030,true],"author_info":[],"comment_info":0,"_links":{"self":[{"href":"https:\/\/mes-pochoirs.com\/de\/wp-json\/wp\/v2\/product\/29807","targetHints":{"allow":["GET"]}}],"collection":[{"href":"https:\/\/mes-pochoirs.com\/de\/wp-json\/wp\/v2\/product"}],"about":[{"href":"https:\/\/mes-pochoirs.com\/de\/wp-json\/wp\/v2\/types\/product"}],"replies":[{"embeddable":true,"href":"https:\/\/mes-pochoirs.com\/de\/wp-json\/wp\/v2\/comments?post=29807"}],"wp:featuredmedia":[{"embeddable":true,"href":"https:\/\/mes-pochoirs.com\/de\/wp-json\/wp\/v2\/media\/30086"}],"wp:attachment":[{"href":"https:\/\/mes-pochoirs.com\/de\/wp-json\/wp\/v2\/media?parent=29807"}],"wp:term":[{"taxonomy":"product_brand","embeddable":true,"href":"https:\/\/mes-pochoirs.com\/de\/wp-json\/wp\/v2\/product_brand?post=29807"},{"taxonomy":"product_cat","embeddable":true,"href":"https:\/\/mes-pochoirs.com\/de\/wp-json\/wp\/v2\/product_cat?post=29807"},{"taxonomy":"product_tag","embeddable":true,"href":"https:\/\/mes-pochoirs.com\/de\/wp-json\/wp\/v2\/product_tag?post=29807"}],"curies":[{"name":"wp","href":"https:\/\/api.w.org\/{rel}","templated":true}]}}