{"id":29861,"date":"2025-09-25T14:39:34","date_gmt":"2025-09-25T12:39:34","guid":{"rendered":"https:\/\/mes-pochoirs.com\/?post_type=product&#038;p=29861"},"modified":"2025-10-31T12:43:29","modified_gmt":"2025-10-31T11:43:29","slug":"schablone-graffiti-street-art-imagine-t0046","status":"publish","type":"product","link":"https:\/\/mes-pochoirs.com\/de\/produit\/pochoir-graffiti-street-art-imagine-t0046","title":{"rendered":"Wildstyle Graffiti Schablone \"IMAGINE\" - Schattenkontur - T0046"},"content":{"rendered":"<h2>Graffiti Street Art Schablone Imagine<\/h2>\n<p>Die <strong>Graffiti Street Art Schablone Imagine<\/strong> ist ein starkes St\u00fcck, das die ganze Energie und Kreativit\u00e4t des Wildstyle-Graffiti einf\u00e4ngt. Sein k\u00fchnes, komplexes und dynamisches Lettering spiegelt das Wesen der Street Art wider, wo Kunst als eine Form der Freiheit und des rohen Ausdrucks gelebt wird. Das Wort \"IMAGINE\" wird hier zu einem Symbol, das in ein lebendiges grafisches Werk voller Bewegung und visueller Intensit\u00e4t umgewandelt wird.<\/p>\n<p>Die Konturen dieser Schablone verleihen der Komposition Struktur und Ausgewogenheit. Jede Linie ist so gezogen, dass sie dem Schriftzug Kraft und Rhythmus verleiht und gleichzeitig seine urbane und schlagkr\u00e4ftige Seite betont. Dieses Spiel mit den Konturen spiegelt das typische K\u00f6nnen von Graffiti-K\u00fcnstlern wider, die den Strich als Werkzeug f\u00fcr ihre Unterschrift und k\u00fcnstlerische Identit\u00e4t verwenden.<\/p>\n<p>Schatten verst\u00e4rken diese Wirkung, indem sie Tiefe und eine zus\u00e4tzliche Dimension hinzuf\u00fcgen. Durch sie scheinen die Buchstaben aus der Oberfl\u00e4che herauszutreten, wodurch ein dreidimensionaler Effekt entsteht, der den Blick sofort auf sich zieht. Diese \u00dcberlagerung von Formen und Schatten reproduziert die Intensit\u00e4t von Wandmalereien und vermittelt die rohe Energie der Street Art.<\/p>\n<p>Diese Schablone ist nicht nur ein dekoratives Motiv, sondern ein echtes Kreativwerkzeug. Mit ihr k\u00f6nnen K\u00fcnstler, Maler oder Graffiti-Liebhaber die vibrierende Atmosph\u00e4re der Stra\u00dfe auf verschiedenen Untergr\u00fcnden nachbilden: auf W\u00e4nden, Leinw\u00e4nden, M\u00f6beln oder dekorativen Objekten. Sein Wildstyle-Design macht ihn zum idealen St\u00fcck, um die visuelle Kraft und Spontaneit\u00e4t der Street Art in ein pers\u00f6nliches Kunstwerk zu integrieren.<\/p>\n<p>Zusammenfassend l\u00e4sst sich sagen, dass der <strong>Graffiti Street Art Schablone Imagine<\/strong> verk\u00f6rpert den urbanen Geist in seiner ganzen Kraft. Mit dynamischen Konturen, durchschlagenden Schatten und einer wilden Komposition vermittelt es die Seele des Wildstyle-Graffiti und l\u00e4dt dazu ein, jede Kreation in ein authentisches, zeitgem\u00e4\u00dfes Kunstwerk zu verwandeln.<\/p>","protected":false},"excerpt":{"rendered":"<p><strong>Graffiti Street Art Schablone Imagine<\/strong> wiederverwendbar und langlebig, perfekt f\u00fcr Gem\u00e4lde, urbane Kunstwerke und zeitgen\u00f6ssische Graffiti-Malerei.<\/p>","protected":false},"featured_media":30089,"comment_status":"open","ping_status":"closed","template":"","meta":{"bwfblock_default_font":"","_kad_blocks_custom_css":"","_kad_blocks_head_custom_js":"","_kad_blocks_body_custom_js":"","_kad_blocks_footer_custom_js":"","_kadence_starter_templates_imported_post":false,"_kad_post_transparent":"default","_kad_post_title":"","_kad_post_layout":"default","_kad_post_sidebar_id":"","_kad_post_content_style":"default","_kad_post_vertical_padding":"default","_kad_post_feature":"","_kad_post_feature_position":"","_kad_post_header":false,"_kad_post_footer":false,"_kad_post_classname":""},"product_brand":[1415],"product_cat":[1738,284,1748,316,273],"product_tag":[1742,1106,285,1745,275,577,1743,1741,327,1739,287,295,286,1740],"class_list":{"0":"post-29861","1":"product","2":"type-product","3":"status-publish","4":"has-post-thumbnail","6":"product_brand-mes-pochoirs","7":"product_cat-pochoirs-style-graffiti-wildstyle","8":"product_cat-pochoirs-graffitis","9":"product_cat-pochoirs-mot-imagine","10":"product_cat-pochoirs-textes-et-messages","11":"product_cat-pochoirs-urbains","12":"product_tag-contour","13":"product_tag-graffeur","14":"product_tag-graffiti","15":"product_tag-imagine","16":"product_tag-message","17":"product_tag-mot","18":"product_tag-ombre","19":"product_tag-signature","20":"product_tag-street-art","21":"product_tag-style-decriture","22":"product_tag-tag","23":"product_tag-texte","24":"product_tag-urbain","25":"product_tag-wildstyle","27":"first","28":"instock","29":"taxable","30":"shipping-taxable","31":"purchasable","32":"product-type-variable","33":"entry","34":"content-bg","35":"loop-entry"},"taxonomy_info":{"product_brand":[{"value":1415,"label":"Mes Pochoirs"}],"product_cat":[{"value":1738,"label":"Graffiti Wildstyle"},{"value":284,"label":"Graffitis"},{"value":1748,"label":"Imagine"},{"value":316,"label":"Textes et Messages"},{"value":273,"label":"Urbains"}],"product_tag":[{"value":1742,"label":"contour"},{"value":1106,"label":"graffeur"},{"value":285,"label":"graffiti"},{"value":1745,"label":"imagine"},{"value":275,"label":"message"},{"value":577,"label":"mot"},{"value":1743,"label":"ombre"},{"value":1741,"label":"signature"},{"value":327,"label":"street art"},{"value":1739,"label":"style d'\u00e9criture"},{"value":287,"label":"tag"},{"value":295,"label":"Texte"},{"value":286,"label":"urbain"},{"value":1740,"label":"Wildstyle"}]},"featured_image_src_large":["https:\/\/mes-pochoirs.com\/wp-content\/uploads\/2025\/09\/T0046-pochoir-graffiti-wildstyle-imagine-copyright-mes-pochoirs-858x1030.jpg",858,1030,true],"author_info":[],"comment_info":0,"_links":{"self":[{"href":"https:\/\/mes-pochoirs.com\/de\/wp-json\/wp\/v2\/product\/29861","targetHints":{"allow":["GET"]}}],"collection":[{"href":"https:\/\/mes-pochoirs.com\/de\/wp-json\/wp\/v2\/product"}],"about":[{"href":"https:\/\/mes-pochoirs.com\/de\/wp-json\/wp\/v2\/types\/product"}],"replies":[{"embeddable":true,"href":"https:\/\/mes-pochoirs.com\/de\/wp-json\/wp\/v2\/comments?post=29861"}],"wp:featuredmedia":[{"embeddable":true,"href":"https:\/\/mes-pochoirs.com\/de\/wp-json\/wp\/v2\/media\/30089"}],"wp:attachment":[{"href":"https:\/\/mes-pochoirs.com\/de\/wp-json\/wp\/v2\/media?parent=29861"}],"wp:term":[{"taxonomy":"product_brand","embeddable":true,"href":"https:\/\/mes-pochoirs.com\/de\/wp-json\/wp\/v2\/product_brand?post=29861"},{"taxonomy":"product_cat","embeddable":true,"href":"https:\/\/mes-pochoirs.com\/de\/wp-json\/wp\/v2\/product_cat?post=29861"},{"taxonomy":"product_tag","embeddable":true,"href":"https:\/\/mes-pochoirs.com\/de\/wp-json\/wp\/v2\/product_tag?post=29861"}],"curies":[{"name":"wp","href":"https:\/\/api.w.org\/{rel}","templated":true}]}}