{"id":29956,"date":"2025-10-16T11:27:37","date_gmt":"2025-10-16T09:27:37","guid":{"rendered":"https:\/\/mes-pochoirs.com\/?post_type=product&#038;p=29956"},"modified":"2025-10-31T12:43:37","modified_gmt":"2025-10-31T11:43:37","slug":"schablone-wildstyle-graffiti-spray-t0050","status":"publish","type":"product","link":"https:\/\/mes-pochoirs.com\/de\/produit\/pochoir-wildstyle-graffiti-spray-t0050","title":{"rendered":"Wildstyle Graffiti-Schablone \"SPRAY\" - Schattenkontur - T0050"},"content":{"rendered":"<h2>Wildstyle Graffiti Spray Schablone<\/h2>\n<p>Die <strong>Wildstyle Graffiti Spray Schablone<\/strong> ist ein starkes St\u00fcck, das die ganze Intensit\u00e4t und Kreativit\u00e4t der Street Art einf\u00e4ngt. Mit einem dichten, k\u00fchnen Schriftzug verwandelt es das Wort \"Spray\" in ein wahres Kunstwerk der Stadt, das von der komplexen und ausdrucksstarken \u00c4sthetik des Wildstyle inspiriert ist. Jedes Detail des Schriftzugs spiegelt die rohe Energie des Graffiti wider, wo Freiheit und visuelle Kraft in einer schlagkr\u00e4ftigen Komposition verschmelzen.<\/p>\n<p>Konturen spielen in diesem Design eine gro\u00dfe Rolle. Sie grenzen die Formen ab, strukturieren das Lettering und verst\u00e4rken die Gesamtdynamik. Diese pr\u00e4zisen Linien sorgen f\u00fcr einen intensiven visuellen Rhythmus und erinnern an die f\u00fcr Graffiti typische Kunst des Konturierens, bei der jeder Strich dazu beitr\u00e4gt, dem Schriftzug Pers\u00f6nlichkeit und Bewegung zu verleihen. Das Ganze ist zwar komplex, bewahrt aber die Harmonie, die den Wildstyle auszeichnet.<\/p>\n<p>Schatten verst\u00e4rken die Wirkung der Schablone. Sie erzeugen einen Reliefeffekt, der die Buchstaben hervorhebt und einen Eindruck von Tiefe vermittelt. Dieses subtile Spiel zwischen Umriss und Schatten erweckt das Wort \"Spray\" zum Leben, als w\u00fcrde es aus der Oberfl\u00e4che herauswachsen. Dieser dreidimensionale Effekt verst\u00e4rkt die visuelle Kraft des Kunstwerks und erinnert an die Wandmalereien, die den st\u00e4dtischen Raum pr\u00e4gen.<\/p>\n<p>Diese Schablone ist nicht nur ein dekoratives Motiv, sondern ein echtes Kreativwerkzeug f\u00fcr alle, die die Energie der Street Art in ihre Werke einflie\u00dfen lassen wollen. Egal, ob sie auf eine Wand, eine Leinwand, ein M\u00f6belst\u00fcck oder einen anderen Untergrund aufgebracht wird, sie verleiht eine einzigartige, zeitgem\u00e4\u00dfe und authentisch urbane Identit\u00e4t.<\/p>\n<p>Zusammenfassend l\u00e4sst sich sagen, dass der <strong>Wildstyle Graffiti Spray Schablone<\/strong> verk\u00f6rpert das Wesen des Graffiti: Kraft, Bewegung und Ausdrucksfreiheit. Mit seinem Spiel aus starken Konturen und ausdrucksstarken Schatten verwandelt er jede Kreation in ein vibrierendes und schlagkr\u00e4ftiges Werk, das dem Geist der Street Art treu bleibt.<\/p>","protected":false},"excerpt":{"rendered":"<p><strong>Wildstyle Graffiti Spray Schablone<\/strong> wiederverwendbar und beidseitig verwendbar, perfekt f\u00fcr Street Art, Gem\u00e4lde und moderne urbane Graffiti-Kreationen.<\/p>","protected":false},"featured_media":30093,"comment_status":"open","ping_status":"closed","template":"","meta":{"bwfblock_default_font":"","_kad_blocks_custom_css":"","_kad_blocks_head_custom_js":"","_kad_blocks_body_custom_js":"","_kad_blocks_footer_custom_js":"","_kadence_starter_templates_imported_post":false,"_kad_post_transparent":"default","_kad_post_title":"","_kad_post_layout":"default","_kad_post_sidebar_id":"","_kad_post_content_style":"default","_kad_post_vertical_padding":"default","_kad_post_feature":"","_kad_post_feature_position":"","_kad_post_header":false,"_kad_post_footer":false,"_kad_post_classname":""},"product_brand":[1415],"product_cat":[1738,284,1767,316,273],"product_tag":[1742,1106,285,275,577,1743,1741,830,327,1739,287,295,286,1740],"class_list":{"0":"post-29956","1":"product","2":"type-product","3":"status-publish","4":"has-post-thumbnail","6":"product_brand-mes-pochoirs","7":"product_cat-pochoirs-style-graffiti-wildstyle","8":"product_cat-pochoirs-graffitis","9":"product_cat-pochoirs-mot-spray","10":"product_cat-pochoirs-textes-et-messages","11":"product_cat-pochoirs-urbains","12":"product_tag-contour","13":"product_tag-graffeur","14":"product_tag-graffiti","15":"product_tag-message","16":"product_tag-mot","17":"product_tag-ombre","18":"product_tag-signature","19":"product_tag-spray","20":"product_tag-street-art","21":"product_tag-style-decriture","22":"product_tag-tag","23":"product_tag-texte","24":"product_tag-urbain","25":"product_tag-wildstyle","27":"first","28":"instock","29":"taxable","30":"shipping-taxable","31":"purchasable","32":"product-type-variable","33":"entry","34":"content-bg","35":"loop-entry"},"taxonomy_info":{"product_brand":[{"value":1415,"label":"Mes Pochoirs"}],"product_cat":[{"value":1738,"label":"Graffiti Wildstyle"},{"value":284,"label":"Graffitis"},{"value":1767,"label":"Spray"},{"value":316,"label":"Textes et Messages"},{"value":273,"label":"Urbains"}],"product_tag":[{"value":1742,"label":"contour"},{"value":1106,"label":"graffeur"},{"value":285,"label":"graffiti"},{"value":275,"label":"message"},{"value":577,"label":"mot"},{"value":1743,"label":"ombre"},{"value":1741,"label":"signature"},{"value":830,"label":"spray"},{"value":327,"label":"street art"},{"value":1739,"label":"style d'\u00e9criture"},{"value":287,"label":"tag"},{"value":295,"label":"Texte"},{"value":286,"label":"urbain"},{"value":1740,"label":"Wildstyle"}]},"featured_image_src_large":["https:\/\/mes-pochoirs.com\/wp-content\/uploads\/2025\/09\/T0050-pochoir-graffiti-wildstyle-spray-copyright-mes-pochoirs-858x1030.jpg",858,1030,true],"author_info":[],"comment_info":0,"_links":{"self":[{"href":"https:\/\/mes-pochoirs.com\/de\/wp-json\/wp\/v2\/product\/29956","targetHints":{"allow":["GET"]}}],"collection":[{"href":"https:\/\/mes-pochoirs.com\/de\/wp-json\/wp\/v2\/product"}],"about":[{"href":"https:\/\/mes-pochoirs.com\/de\/wp-json\/wp\/v2\/types\/product"}],"replies":[{"embeddable":true,"href":"https:\/\/mes-pochoirs.com\/de\/wp-json\/wp\/v2\/comments?post=29956"}],"wp:featuredmedia":[{"embeddable":true,"href":"https:\/\/mes-pochoirs.com\/de\/wp-json\/wp\/v2\/media\/30093"}],"wp:attachment":[{"href":"https:\/\/mes-pochoirs.com\/de\/wp-json\/wp\/v2\/media?parent=29956"}],"wp:term":[{"taxonomy":"product_brand","embeddable":true,"href":"https:\/\/mes-pochoirs.com\/de\/wp-json\/wp\/v2\/product_brand?post=29956"},{"taxonomy":"product_cat","embeddable":true,"href":"https:\/\/mes-pochoirs.com\/de\/wp-json\/wp\/v2\/product_cat?post=29956"},{"taxonomy":"product_tag","embeddable":true,"href":"https:\/\/mes-pochoirs.com\/de\/wp-json\/wp\/v2\/product_tag?post=29956"}],"curies":[{"name":"wp","href":"https:\/\/api.w.org\/{rel}","templated":true}]}}