{"id":30567,"date":"2026-02-04T09:33:09","date_gmt":"2026-02-04T08:33:09","guid":{"rendered":"https:\/\/mes-pochoirs.com\/?post_type=product&#038;p=30567"},"modified":"2026-02-16T01:01:01","modified_gmt":"2026-02-16T00:01:01","slug":"schablone-vase-und-blumenstraus-champetre-f0039","status":"publish","type":"product","link":"https:\/\/mes-pochoirs.com\/de\/produit\/pochoir-vase-et-bouquet-champetre-f0039","title":{"rendered":"Schablone Vase und l\u00e4ndlicher Strau\u00df - F0039"},"content":{"rendered":"<h2 class=\"p1\"><b>Schablone Vase und l\u00e4ndlicher Strau\u00df<\/b><\/h2>\n<p class=\"p1\">Diese Schablone Vase und Feldblumenstrau\u00df illustriert eine schlanke Vase mit einem Feldblumenstrau\u00df, dessen Formen ausdrucksstark und nat\u00fcrlich sind. Die Blumen bl\u00fchen frei, einige neigen sich leicht, wie von einem Windhauch belebt. Das Design spielt mit den Kontrasten zwischen tiefen Schatten und feinen Details und erinnert an handgefertigte Gravuren und illustrierte Vintage-Poster.<\/p>\n<p class=\"p1\">Der Stil verbindet Nat\u00fcrlichkeit mit grafischer Kraft: Die Vase, einfach und harmonisch, dient als Anker f\u00fcr einen Strau\u00df voller Bewegung und Energie. Das Motiv erinnert sowohl an die Frische eines rustikalen Blumenarrangements als auch an die Eleganz eines Atelierkunstwerks.<\/p>\n<p class=\"p1\">Je nachdem, welche Farben Sie w\u00e4hlen, kann es ganz unterschiedliche Stimmungen erzeugen: sanfte T\u00f6ne f\u00fcr eine romantische Dekoration oder intensive Farben f\u00fcr eine ausdrucksstarke, zeitgen\u00f6ssische Kreation. Als Wandbild, auf Leinwand oder als M\u00f6belst\u00fcck wird es zu einem starken dekorativen Element, das l\u00e4ndliche Poesie und selbstbewusste Grafiken miteinander verbindet.<\/p>\n<p class=\"p1\">Die Schablone Vase und Feldblumenstrau\u00df wird all diejenigen begeistern, die ausdrucksstarke Blumenmuster, naturinspirierte Malerei und handgefertigte Kreationen im neu interpretierten Vintage-Stil sch\u00e4tzen.<\/p>","protected":false},"excerpt":{"rendered":"<p>Un vase raffin\u00e9 rempli de fleurs des champs, au trac\u00e9 expressif et d\u00e9licat &#8211; Inspir\u00e9 des gravures artisanales, il \u00e9voque la beaut\u00e9 simple de la nature et apporte une touche champ\u00eatre et artistique \u00e0 toute cr\u00e9ation d\u00e9corative.<\/p>","protected":false},"featured_media":30318,"comment_status":"open","ping_status":"closed","template":"","meta":{"bwfblock_default_font":"","_kad_blocks_custom_css":"","_kad_blocks_head_custom_js":"","_kad_blocks_body_custom_js":"","_kad_blocks_footer_custom_js":"","_kadence_starter_templates_imported_post":false,"_kad_post_transparent":"default","_kad_post_title":"","_kad_post_layout":"default","_kad_post_sidebar_id":"","_kad_post_content_style":"default","_kad_post_vertical_padding":"default","_kad_post_feature":"","_kad_post_feature_position":"","_kad_post_header":false,"_kad_post_footer":false,"_kad_post_classname":""},"product_brand":[1415],"product_cat":[51,369],"product_tag":[679,1780,1773,1779,50,416,1781,1777,1775,1778,370,1776,646,1772],"class_list":{"0":"post-30567","1":"product","2":"type-product","3":"status-publish","4":"has-post-thumbnail","6":"product_brand-mes-pochoirs","7":"product_cat-pochoirs-fleurs","8":"product_cat-pochoirs-nature","9":"product_tag-art-moderne","10":"product_tag-bouquet-champetre","11":"product_tag-bouquet-de-fleurs","12":"product_tag-dessin-naturaliste","13":"product_tag-fleur","14":"product_tag-fleurs","15":"product_tag-fleurs-des-champs","16":"product_tag-fleurs-sauvages","17":"product_tag-gravure-datelier","18":"product_tag-motifs-floraux","19":"product_tag-nature","20":"product_tag-naturel","21":"product_tag-tige","22":"product_tag-vase","24":"first","25":"instock","26":"taxable","27":"shipping-taxable","28":"purchasable","29":"product-type-variable","30":"entry","31":"content-bg","32":"loop-entry"},"taxonomy_info":{"product_brand":[{"value":1415,"label":"Mes Pochoirs"}],"product_cat":[{"value":51,"label":"Fleurs"},{"value":369,"label":"Nature"}],"product_tag":[{"value":679,"label":"art moderne"},{"value":1780,"label":"Bouquet Champ\u00eatre"},{"value":1773,"label":"Bouquet de fleurs"},{"value":1779,"label":"dessin naturaliste"},{"value":50,"label":"fleur"},{"value":416,"label":"fleurs"},{"value":1781,"label":"fleurs des champs"},{"value":1777,"label":"fleurs sauvages"},{"value":1775,"label":"gravure d'atelier"},{"value":1778,"label":"motifs floraux"},{"value":370,"label":"nature"},{"value":1776,"label":"naturel"},{"value":646,"label":"tige"},{"value":1772,"label":"vase"}]},"featured_image_src_large":["https:\/\/mes-pochoirs.com\/wp-content\/uploads\/2025\/10\/F0039-pochoir-vase-fleurs-copyright-mes-pochoirs-858x1030.jpg",858,1030,true],"author_info":[],"comment_info":0,"_links":{"self":[{"href":"https:\/\/mes-pochoirs.com\/de\/wp-json\/wp\/v2\/product\/30567","targetHints":{"allow":["GET"]}}],"collection":[{"href":"https:\/\/mes-pochoirs.com\/de\/wp-json\/wp\/v2\/product"}],"about":[{"href":"https:\/\/mes-pochoirs.com\/de\/wp-json\/wp\/v2\/types\/product"}],"replies":[{"embeddable":true,"href":"https:\/\/mes-pochoirs.com\/de\/wp-json\/wp\/v2\/comments?post=30567"}],"wp:featuredmedia":[{"embeddable":true,"href":"https:\/\/mes-pochoirs.com\/de\/wp-json\/wp\/v2\/media\/30318"}],"wp:attachment":[{"href":"https:\/\/mes-pochoirs.com\/de\/wp-json\/wp\/v2\/media?parent=30567"}],"wp:term":[{"taxonomy":"product_brand","embeddable":true,"href":"https:\/\/mes-pochoirs.com\/de\/wp-json\/wp\/v2\/product_brand?post=30567"},{"taxonomy":"product_cat","embeddable":true,"href":"https:\/\/mes-pochoirs.com\/de\/wp-json\/wp\/v2\/product_cat?post=30567"},{"taxonomy":"product_tag","embeddable":true,"href":"https:\/\/mes-pochoirs.com\/de\/wp-json\/wp\/v2\/product_tag?post=30567"}],"curies":[{"name":"wp","href":"https:\/\/api.w.org\/{rel}","templated":true}]}}