{"id":31471,"date":"2025-11-28T12:01:53","date_gmt":"2025-11-28T11:01:53","guid":{"rendered":"https:\/\/mes-pochoirs.com\/?post_type=product&#038;p=31471"},"modified":"2025-12-08T23:45:42","modified_gmt":"2025-12-08T22:45:42","slug":"schablone-yorkshire-hund-a0146","status":"publish","type":"product","link":"https:\/\/mes-pochoirs.com\/de\/produit\/pochoir-chien-yorkshire-a0146","title":{"rendered":"Schablone Hund Yorkshire - A0146"},"content":{"rendered":"<h2 class=\"p1\">Schablone Yorkshire-Hund<\/h2>\n<p class=\"p1\">Ce pochoir chien Yorkshire repr\u00e9sente cet animal avec un niveau de d\u00e9tail fin et \u00e9l\u00e9gant. Les d\u00e9coupes mettent en valeur la texture soyeuse de son pelage et soulignent son regard vif, typique de cette race au caract\u00e8re alerte et affectueux. Les lignes nettes et expressives apportent une touche moderne tout en conservant la douceur propre au Yorkshire.<\/p>\n<p class=\"p1\">Diese Schablone ist ideal f\u00fcr die individuelle Gestaltung von W\u00e4nden, M\u00f6beln, Textilien, Kartons, Leinw\u00e4nden oder kreativen Projekten. Mit ihr lassen sich ganz einfach pr\u00e4zise und harmonische Motive realisieren. Sie ist wiederverwendbar und einfach zu positionieren. Sie eignet sich f\u00fcr Maltechniken mit Pinsel, Schwamm oder Spr\u00fchdose.<\/p>\n<p class=\"p1\">Parfait pour les amoureux des chiens ou pour ajouter une note chaleureuse et raffin\u00e9e \u00e0 votre d\u00e9coration DIY, ce pochoir chien Yorkshire offre un rendu visuel \u00e0 la fois d\u00e9licat, r\u00e9aliste et artistique.<\/p>","protected":false},"excerpt":{"rendered":"<p class=\"p1\">Pochoir chien Yorkshire au style fin et dynamique, parfait pour apporter une touche douce et expressive \u00e0 tous vos projets DIY. Un motif \u00e9l\u00e9gant et facile \u00e0 appliquer pour sublimer votre d\u00e9co.<\/p>","protected":false},"featured_media":31208,"comment_status":"open","ping_status":"closed","template":"","meta":{"bwfblock_default_font":"","_kad_blocks_custom_css":"","_kad_blocks_head_custom_js":"","_kad_blocks_body_custom_js":"","_kad_blocks_footer_custom_js":"","_kadence_starter_templates_imported_post":false,"_kad_post_transparent":"default","_kad_post_title":"","_kad_post_layout":"default","_kad_post_sidebar_id":"","_kad_post_content_style":"default","_kad_post_vertical_padding":"default","_kad_post_feature":"","_kad_post_feature_position":"","_kad_post_header":false,"_kad_post_footer":false,"_kad_post_classname":""},"product_brand":[1415],"product_cat":[364],"product_tag":[367,708,1818,1817,1486,1816,1814,1815,1813],"class_list":{"0":"post-31471","1":"product","2":"type-product","3":"status-publish","4":"has-post-thumbnail","6":"product_brand-mes-pochoirs","7":"product_cat-pochoirs-animaux","8":"product_tag-animal","9":"product_tag-chien","10":"product_tag-craft","11":"product_tag-decoration-murale","12":"product_tag-diy","13":"product_tag-petit-chien","14":"product_tag-pochoir-chien","15":"product_tag-pochoir-yorkshire","16":"product_tag-yorkshire","18":"first","19":"instock","20":"sale","21":"taxable","22":"shipping-taxable","23":"purchasable","24":"product-type-variable","25":"entry","26":"content-bg","27":"loop-entry"},"taxonomy_info":{"product_brand":[{"value":1415,"label":"Mes Pochoirs"}],"product_cat":[{"value":364,"label":"Animaux"}],"product_tag":[{"value":367,"label":"animal"},{"value":708,"label":"chien"},{"value":1818,"label":"craft"},{"value":1817,"label":"d\u00e9coration murale"},{"value":1486,"label":"DIY"},{"value":1816,"label":"petit chien"},{"value":1814,"label":"pochoir chien"},{"value":1815,"label":"pochoir yorkshire"},{"value":1813,"label":"yorkshire"}]},"featured_image_src_large":["https:\/\/mes-pochoirs.com\/wp-content\/uploads\/2025\/11\/A0146-pochoir-chien-yorkshire-copyright-mes-pochoirs-858x1030.jpg",858,1030,true],"author_info":[],"comment_info":0,"_links":{"self":[{"href":"https:\/\/mes-pochoirs.com\/de\/wp-json\/wp\/v2\/product\/31471","targetHints":{"allow":["GET"]}}],"collection":[{"href":"https:\/\/mes-pochoirs.com\/de\/wp-json\/wp\/v2\/product"}],"about":[{"href":"https:\/\/mes-pochoirs.com\/de\/wp-json\/wp\/v2\/types\/product"}],"replies":[{"embeddable":true,"href":"https:\/\/mes-pochoirs.com\/de\/wp-json\/wp\/v2\/comments?post=31471"}],"wp:featuredmedia":[{"embeddable":true,"href":"https:\/\/mes-pochoirs.com\/de\/wp-json\/wp\/v2\/media\/31208"}],"wp:attachment":[{"href":"https:\/\/mes-pochoirs.com\/de\/wp-json\/wp\/v2\/media?parent=31471"}],"wp:term":[{"taxonomy":"product_brand","embeddable":true,"href":"https:\/\/mes-pochoirs.com\/de\/wp-json\/wp\/v2\/product_brand?post=31471"},{"taxonomy":"product_cat","embeddable":true,"href":"https:\/\/mes-pochoirs.com\/de\/wp-json\/wp\/v2\/product_cat?post=31471"},{"taxonomy":"product_tag","embeddable":true,"href":"https:\/\/mes-pochoirs.com\/de\/wp-json\/wp\/v2\/product_tag?post=31471"}],"curies":[{"name":"wp","href":"https:\/\/api.w.org\/{rel}","templated":true}]}}