{"id":33232,"date":"2026-01-22T16:24:08","date_gmt":"2026-01-22T15:24:08","guid":{"rendered":"https:\/\/mes-pochoirs.com\/?post_type=product&#038;p=33232"},"modified":"2026-02-02T00:48:30","modified_gmt":"2026-02-01T23:48:30","slug":"schablone-urbanes-schild-no-trespassing","status":"publish","type":"product","link":"https:\/\/mes-pochoirs.com\/de\/produit\/pochoir-panneau-urbain-no-trespassing","title":{"rendered":"Urbanes Schild-Schablone \u2013 No Trespassing"},"content":{"rendered":"<h2>Urbanes Schild-Schablone \u2013 No Trespassing<\/h2>\n<p>Ce pochoir repr\u00e9sente un panneau &#8216;No Trespassing&#8217; avec un design us\u00e9 et industriel. Ses d\u00e9tails, comme les coins simulant des vis, ajoutent une authenticit\u00e9 brute et directe \u00e0 votre travail. Il impose une pr\u00e9sence forte et claire dans votre composition.<\/p>\n<p>Leicht in Ihre k\u00fcnstlerischen Projekte zu integrieren, funktioniert diese Schablone gut im Hintergrund oder als zentraler Bestandteil. Ihre Einfachheit und visuelle Wirkung machen sie zu einem vielseitigen Werkzeug, das perfekt zu urbanen oder industriellen Stilen passt. Lassen Sie Ihrer Kreativit\u00e4t freien Lauf.<\/p>\n<p>Einfach in der Anwendung, passt sich diese Beschilderungsschablone an verschiedene Anwendungstechniken an: Spr\u00fchdose, Pinsel, Rolle oder Airbrush. Sie erm\u00f6glicht klare und pr\u00e4zise Markierungen, selbst f\u00fcr schnelle oder wiederholte Projekte. Wendbar und wiederverwendbar, ist diese Schablone aus professionellem Material gefertigt f\u00fcr optimale Haltbarkeit. Ideal, um Ihre R\u00e4ume mit Charakter zu personalisieren.<\/p>","protected":false},"excerpt":{"rendered":"<p>Id\u00e9al pour le street art ou la d\u00e9co int\u00e9rieure, le pochoir No Trespassing est inspir\u00e9 de la signal\u00e9tique urbaine et industrielle.<br \/>\nUn message fort et graphique pour la d\u00e9coration murale et les projets cr\u00e9atifs.<\/p>","protected":false},"featured_media":33233,"comment_status":"open","ping_status":"closed","template":"","meta":{"bwfblock_default_font":"","_kad_blocks_custom_css":"","_kad_blocks_head_custom_js":"","_kad_blocks_body_custom_js":"","_kad_blocks_footer_custom_js":"","_kadence_starter_templates_imported_post":false,"_kad_post_transparent":"default","_kad_post_title":"","_kad_post_layout":"default","_kad_post_sidebar_id":"","_kad_post_content_style":"default","_kad_post_vertical_padding":"default","_kad_post_feature":"","_kad_post_feature_position":"","_kad_post_header":false,"_kad_post_footer":false,"_kad_post_classname":""},"product_brand":[1415],"product_cat":[273,316],"product_tag":[497,1949,1486,1951,1955,1954,1953,1952],"class_list":{"0":"post-33232","1":"product","2":"type-product","3":"status-publish","4":"has-post-thumbnail","6":"product_brand-mes-pochoirs","7":"product_cat-pochoirs-urbains","8":"product_cat-pochoirs-textes-et-messages","9":"product_tag-art-urbain","10":"product_tag-decoration-industrielle","11":"product_tag-diy","12":"product_tag-no-trespassing","13":"product_tag-panneau-interdiction","14":"product_tag-pochoir-industriel","15":"product_tag-pochoir-signaletique","16":"product_tag-pochoir-texte","18":"first","19":"instock","20":"taxable","21":"shipping-taxable","22":"purchasable","23":"product-type-variable","24":"entry","25":"content-bg","26":"loop-entry"},"taxonomy_info":{"product_brand":[{"value":1415,"label":"Mes Pochoirs"}],"product_cat":[{"value":273,"label":"Urbains"},{"value":316,"label":"Textes et Messages"}],"product_tag":[{"value":497,"label":"Art urbain"},{"value":1949,"label":"d\u00e9coration industrielle"},{"value":1486,"label":"DIY"},{"value":1951,"label":"no trespassing"},{"value":1955,"label":"panneau interdiction"},{"value":1954,"label":"pochoir industriel"},{"value":1953,"label":"pochoir signal\u00e9tique"},{"value":1952,"label":"pochoir texte"}]},"featured_image_src_large":["https:\/\/mes-pochoirs.com\/wp-content\/uploads\/2026\/01\/U0026-pochoir-panneau-interdiction-copyright-mes-pochoirs-858x1030.jpg",858,1030,true],"author_info":[],"comment_info":0,"_links":{"self":[{"href":"https:\/\/mes-pochoirs.com\/de\/wp-json\/wp\/v2\/product\/33232","targetHints":{"allow":["GET"]}}],"collection":[{"href":"https:\/\/mes-pochoirs.com\/de\/wp-json\/wp\/v2\/product"}],"about":[{"href":"https:\/\/mes-pochoirs.com\/de\/wp-json\/wp\/v2\/types\/product"}],"replies":[{"embeddable":true,"href":"https:\/\/mes-pochoirs.com\/de\/wp-json\/wp\/v2\/comments?post=33232"}],"wp:featuredmedia":[{"embeddable":true,"href":"https:\/\/mes-pochoirs.com\/de\/wp-json\/wp\/v2\/media\/33233"}],"wp:attachment":[{"href":"https:\/\/mes-pochoirs.com\/de\/wp-json\/wp\/v2\/media?parent=33232"}],"wp:term":[{"taxonomy":"product_brand","embeddable":true,"href":"https:\/\/mes-pochoirs.com\/de\/wp-json\/wp\/v2\/product_brand?post=33232"},{"taxonomy":"product_cat","embeddable":true,"href":"https:\/\/mes-pochoirs.com\/de\/wp-json\/wp\/v2\/product_cat?post=33232"},{"taxonomy":"product_tag","embeddable":true,"href":"https:\/\/mes-pochoirs.com\/de\/wp-json\/wp\/v2\/product_tag?post=33232"}],"curies":[{"name":"wp","href":"https:\/\/api.w.org\/{rel}","templated":true}]}}