{"id":33272,"date":"2026-01-22T22:41:01","date_gmt":"2026-01-22T21:41:01","guid":{"rendered":"https:\/\/mes-pochoirs.com\/?post_type=product&#038;p=33272"},"modified":"2026-02-02T00:48:37","modified_gmt":"2026-02-01T23:48:37","slug":"schablone-anzeige-verboten","status":"publish","type":"product","link":"https:\/\/mes-pochoirs.com\/de\/produit\/pochoir-affichage-interdit","title":{"rendered":"Schablone Anzeige Verboten \"Post No Bills\""},"content":{"rendered":"<h2>Pochoir Affichage &#8216;Post No Bills&#8217;<\/h2>\n<p>Le pochoir &#8216;Post No Bills&#8217; reprend l\u2019un des messages les plus iconiques de la culture urbaine : l\u2019interdiction d\u2019affichage devenue symbole graphique.<\/p>\n<p>Seit Jahrzehnten auf W\u00e4nden, Fassaden und Tafeln der St\u00e4dte pr\u00e4sent, ruft diese Botschaft sofort die urbane, rohe und authentische Welt hervor. Ihr schlichtes und strukturiertes Design macht sie zu einer idealen Textschablone f\u00fcr Street-Art-Projekte, Wanddekorationen oder Einrichtungen mit industriellem \u00c4sthetik.<\/p>\n<p>Leicht zu handhaben, kann diese Schablone mit verschiedenen Techniken verwendet werden: Spr\u00fchdose, Pinsel, Rolle oder Airbrush. Sie erm\u00f6glicht ein klares und lesbares Markieren, selbst auf gro\u00dfen Fl\u00e4chen.<\/p>\n<p>Verwenden Sie sie auf W\u00e4nden, Leinw\u00e4nden, Holz oder Metall, um Ihrem Innenraum, einem kreativen Raum oder einer k\u00fcnstlerischen Komposition einen urbanen Touch zu verleihen. Eine perfekte Schablone, um eine regulative Nachricht zu verwandeln und sie zu einem echten Stilelement zu machen.<\/p>","protected":false},"excerpt":{"rendered":"<p>Ce pochoir &#8216;Post No Bills&#8217; impose un message clair et direct. Id\u00e9al pour une communication visuelle percutante.<\/p>","protected":false},"featured_media":33273,"comment_status":"open","ping_status":"closed","template":"","meta":{"bwfblock_default_font":"","_kad_blocks_custom_css":"","_kad_blocks_head_custom_js":"","_kad_blocks_body_custom_js":"","_kad_blocks_footer_custom_js":"","_kadence_starter_templates_imported_post":false,"_kad_post_transparent":"default","_kad_post_title":"","_kad_post_layout":"default","_kad_post_sidebar_id":"","_kad_post_content_style":"default","_kad_post_vertical_padding":"default","_kad_post_feature":"","_kad_post_feature_position":"","_kad_post_header":false,"_kad_post_footer":false,"_kad_post_classname":""},"product_brand":[1415],"product_cat":[316,273],"product_tag":[1957,277,497,1959,1960,1491,1958,274,1956,502],"class_list":{"0":"post-33272","1":"product","2":"type-product","3":"status-publish","4":"has-post-thumbnail","6":"product_brand-mes-pochoirs","7":"product_cat-pochoirs-textes-et-messages","8":"product_cat-pochoirs-urbains","9":"product_tag-affichage","10":"product_tag-affiche","11":"product_tag-art-urbain","12":"product_tag-communication-visuelle","13":"product_tag-design-graphique","14":"product_tag-interdit","15":"product_tag-message-clair","16":"product_tag-panneau","17":"product_tag-post-no-bills","18":"product_tag-signalisation","20":"first","21":"instock","22":"taxable","23":"shipping-taxable","24":"purchasable","25":"product-type-variable","26":"entry","27":"content-bg","28":"loop-entry"},"taxonomy_info":{"product_brand":[{"value":1415,"label":"Mes Pochoirs"}],"product_cat":[{"value":316,"label":"Textes et Messages"},{"value":273,"label":"Urbains"}],"product_tag":[{"value":1957,"label":"affichage"},{"value":277,"label":"affiche"},{"value":497,"label":"Art urbain"},{"value":1959,"label":"communication visuelle"},{"value":1960,"label":"design graphique"},{"value":1491,"label":"interdit"},{"value":1958,"label":"message clair"},{"value":274,"label":"Panneau"},{"value":1956,"label":"post no bills"},{"value":502,"label":"signalisation"}]},"featured_image_src_large":["https:\/\/mes-pochoirs.com\/wp-content\/uploads\/2026\/01\/U0028-pochoir-panneau-interdiction-copyright-mes-pochoirs-858x1030.jpg",858,1030,true],"author_info":[],"comment_info":0,"_links":{"self":[{"href":"https:\/\/mes-pochoirs.com\/de\/wp-json\/wp\/v2\/product\/33272","targetHints":{"allow":["GET"]}}],"collection":[{"href":"https:\/\/mes-pochoirs.com\/de\/wp-json\/wp\/v2\/product"}],"about":[{"href":"https:\/\/mes-pochoirs.com\/de\/wp-json\/wp\/v2\/types\/product"}],"replies":[{"embeddable":true,"href":"https:\/\/mes-pochoirs.com\/de\/wp-json\/wp\/v2\/comments?post=33272"}],"wp:featuredmedia":[{"embeddable":true,"href":"https:\/\/mes-pochoirs.com\/de\/wp-json\/wp\/v2\/media\/33273"}],"wp:attachment":[{"href":"https:\/\/mes-pochoirs.com\/de\/wp-json\/wp\/v2\/media?parent=33272"}],"wp:term":[{"taxonomy":"product_brand","embeddable":true,"href":"https:\/\/mes-pochoirs.com\/de\/wp-json\/wp\/v2\/product_brand?post=33272"},{"taxonomy":"product_cat","embeddable":true,"href":"https:\/\/mes-pochoirs.com\/de\/wp-json\/wp\/v2\/product_cat?post=33272"},{"taxonomy":"product_tag","embeddable":true,"href":"https:\/\/mes-pochoirs.com\/de\/wp-json\/wp\/v2\/product_tag?post=33272"}],"curies":[{"name":"wp","href":"https:\/\/api.w.org\/{rel}","templated":true}]}}