{"id":3361,"date":"2021-10-10T08:06:56","date_gmt":"2021-10-10T08:06:56","guid":{"rendered":"https:\/\/mes-pochoirs.com\/?post_type=product&#038;p=3361"},"modified":"2025-10-31T11:40:33","modified_gmt":"2025-10-31T10:40:33","slug":"barocke-schablone-b0009","status":"publish","type":"product","link":"https:\/\/mes-pochoirs.com\/de\/produit\/pochoir-baroque-b0009","title":{"rendered":"Schablone Barock - B0009"},"content":{"rendered":"<h2>Schablone Barock<\/h2>\n<h3>Ein Muster, das Eleganz und Majest\u00e4t feiert<\/h3>\n<p><strong>Schablone Barock<\/strong> Dieses symmetrische Ornamentmuster erinnert an eine stilisierte Pflanzenkrone, die reich an Arabesken, Voluten und Akanthusbl\u00e4ttern ist. Jede Linie, jede Kurve scheint direkt aus der geschnitzten Holzvert\u00e4felung eines alten Palastes zu stammen. Das Ganze strahlt eine zeitlose Noblesse aus und vermittelt ein Gef\u00fchl von kontrolliertem Prunk zwischen dekorativer Tradition und selbstbewusstem k\u00fcnstlerischem Ausdruck. Es handelt sich um eine Schablone, die einen einfachen Untergrund in ein zentrales, charaktervolles Element der Wohndekoration verwandelt. Sie ist ein echtes Ausdrucksmittel, mit dem Sie eine Wand, ein Gem\u00e4lde oder ein M\u00f6belst\u00fcck mit einem Hauch von Erhabenheit aufwerten k\u00f6nnen. Mit wenigen Handgriffen schafft er einen Effekt wie ein Blumenfries oder ein barockes Medaillon, ganz nach Ihren W\u00fcnschen. Beim Malen, Vergolden oder Patinieren sorgt er f\u00fcr ein spektakul\u00e4res, feines Ergebnis. Es begeistert Maler und Dekorateure gleicherma\u00dfen, die auf der Suche nach Details sind, die einen bleibenden Eindruck hinterlassen und einzigartigen und raffinierten Kreationen Leben einhauchen.<\/p>\n<h3>Ein Stil zwischen Tradition und moderner Raffinesse<\/h3>\n<p><strong>Schablone Barock<\/strong> : tief inspiriert von der dekorativen Kunst des 17. und 18. Jahrhunderts, interpretiert er die gro\u00dfen Klassiker des Barockstils mit einem zeitgen\u00f6ssischen Touch neu. Man findet die imposante Struktur der ornamentalen Kronen, die Anmut der floralen Arabesken und den romantischen Hauch der stilisierten Blumen, alles in einem harmonischen und luftigen Design. Diese Schablone verk\u00f6rpert perfekt das Zusammentreffen von historischem Erbe und kreativer Modernit\u00e4t. Sie passt sowohl in ein klassisches Ambiente als auch in eine moderne Einrichtung, wo sie einen starken und eleganten Kontrast bilden wird. Ideal f\u00fcr eine Akzentwand, ein Kopfende des Bettes oder eine M\u00f6belfront, wird es zu einem echten dekorativen Schmuckst\u00fcck. Wiederverwendbar, von hoher Qualit\u00e4t, beidseitig verwendbar und in verschiedenen Gr\u00f6\u00dfen erh\u00e4ltlich, ist sie so konzipiert, dass sie jedes Kunstwerk oder jeden Raum mit Stil, Pers\u00f6nlichkeit und Raffinesse veredelt. Eine unumg\u00e4ngliche Wahl f\u00fcr Liebhaber von Details und kraftvollen k\u00fcnstlerischen Formen.<\/p>","protected":false},"excerpt":{"rendered":"<p><strong data-start=\"1139\" data-end=\"1158\">Barocke Schablone<\/strong> mit raffinierten Arabesken, perfekt f\u00fcr Gem\u00e4lde, M\u00f6bel oder Kunstwerke. Hohe Qualit\u00e4t und beidseitig verwendbar.<\/p>","protected":false},"featured_media":3371,"comment_status":"open","ping_status":"closed","template":"","meta":{"bwfblock_default_font":"","_kad_blocks_custom_css":"","_kad_blocks_head_custom_js":"","_kad_blocks_body_custom_js":"","_kad_blocks_footer_custom_js":"","_kadence_starter_templates_imported_post":false,"_kad_post_transparent":"default","_kad_post_title":"","_kad_post_layout":"default","_kad_post_sidebar_id":"","_kad_post_content_style":"default","_kad_post_vertical_padding":"default","_kad_post_feature":"","_kad_post_feature_position":"","_kad_post_header":false,"_kad_post_footer":false,"_kad_post_classname":""},"product_brand":[1415],"product_cat":[224],"product_tag":[1368,1369,225,1366,226,567,416,1371,1360,1277,675,1370,1365,955,1367],"class_list":{"0":"post-3361","1":"product","2":"type-product","3":"status-publish","4":"has-post-thumbnail","6":"product_brand-mes-pochoirs","7":"product_cat-pochoirs-baroques","8":"product_tag-acanthes","9":"product_tag-arabesques","10":"product_tag-baroque","11":"product_tag-boiseries","12":"product_tag-couronne","13":"product_tag-decoration","14":"product_tag-fleurs","15":"product_tag-frise","16":"product_tag-maison","17":"product_tag-majeste","18":"product_tag-moderne","19":"product_tag-noblesse","20":"product_tag-palais","21":"product_tag-tradition","22":"product_tag-volutes","24":"first","25":"instock","26":"taxable","27":"shipping-taxable","28":"purchasable","29":"product-type-variable","30":"has-default-attributes","31":"entry","32":"content-bg","33":"loop-entry"},"taxonomy_info":{"product_brand":[{"value":1415,"label":"Mes Pochoirs"}],"product_cat":[{"value":224,"label":"Baroques"}],"product_tag":[{"value":1368,"label":"acanthes"},{"value":1369,"label":"arabesques"},{"value":225,"label":"baroque"},{"value":1366,"label":"boiseries"},{"value":226,"label":"couronne"},{"value":567,"label":"decoration"},{"value":416,"label":"fleurs"},{"value":1371,"label":"frise"},{"value":1360,"label":"maison"},{"value":1277,"label":"majest\u00e9"},{"value":675,"label":"moderne"},{"value":1370,"label":"noblesse"},{"value":1365,"label":"palais"},{"value":955,"label":"tradition"},{"value":1367,"label":"volutes"}]},"featured_image_src_large":["https:\/\/mes-pochoirs.com\/wp-content\/uploads\/2021\/10\/B0009-mes-pochoirs-com-858x1030.jpg",858,1030,true],"author_info":[],"comment_info":0,"_links":{"self":[{"href":"https:\/\/mes-pochoirs.com\/de\/wp-json\/wp\/v2\/product\/3361","targetHints":{"allow":["GET"]}}],"collection":[{"href":"https:\/\/mes-pochoirs.com\/de\/wp-json\/wp\/v2\/product"}],"about":[{"href":"https:\/\/mes-pochoirs.com\/de\/wp-json\/wp\/v2\/types\/product"}],"replies":[{"embeddable":true,"href":"https:\/\/mes-pochoirs.com\/de\/wp-json\/wp\/v2\/comments?post=3361"}],"wp:featuredmedia":[{"embeddable":true,"href":"https:\/\/mes-pochoirs.com\/de\/wp-json\/wp\/v2\/media\/3371"}],"wp:attachment":[{"href":"https:\/\/mes-pochoirs.com\/de\/wp-json\/wp\/v2\/media?parent=3361"}],"wp:term":[{"taxonomy":"product_brand","embeddable":true,"href":"https:\/\/mes-pochoirs.com\/de\/wp-json\/wp\/v2\/product_brand?post=3361"},{"taxonomy":"product_cat","embeddable":true,"href":"https:\/\/mes-pochoirs.com\/de\/wp-json\/wp\/v2\/product_cat?post=3361"},{"taxonomy":"product_tag","embeddable":true,"href":"https:\/\/mes-pochoirs.com\/de\/wp-json\/wp\/v2\/product_tag?post=3361"}],"curies":[{"name":"wp","href":"https:\/\/api.w.org\/{rel}","templated":true}]}}