{"id":33923,"date":"2026-02-18T11:23:16","date_gmt":"2026-02-18T10:23:16","guid":{"rendered":"https:\/\/mes-pochoirs.com\/?post_type=product&#038;p=33923"},"modified":"2026-04-05T04:30:42","modified_gmt":"2026-04-05T02:30:42","slug":"schablone-pariser-horizont","status":"publish","type":"product","link":"https:\/\/mes-pochoirs.com\/de\/produit\/pochoir-horizon-parisien","title":{"rendered":"Schablone Pariser Horizont"},"content":{"rendered":"<h2>Schablone Pariser Horizont<\/h2>\n<p>Verleihen Sie Ihren Kreationen einen Hauch Pariser Charme mit unserer Schablone Pariser Horizont, die die ikonische Silhouette der franz\u00f6sischen Hauptstadt darstellt.<\/p>\n<p>Mit ihrem grafischen und klaren Stil hebt dieses Modell den Eiffelturm hervor, umgeben von einer urbanen Skyline, in einer modernen Komposition, die an architektonische Skizzen und Street-Art-Atmosph\u00e4ren erinnert. Als weltweites Symbol f\u00fcr Frankreich und die Pariser Kultur wird der Eiffelturm hier in einer zeitgen\u00f6ssischen Version neu interpretiert, perfekt f\u00fcr ein urbanes, minimalistisches oder sogar Pop-Art-Universum.<\/p>\n<p>Ce motif fonctionne aussi bien en noir et blanc pour un rendu chic et moderne, qu\u2019en version plus color\u00e9e avec des effets de fond (spray, textures, b\u00e9ton, projections) &#8211; id\u00e9al pour cr\u00e9er une d\u00e9coration murale, une toile artistique ou personnaliser un meuble avec une touche \u00e9l\u00e9gante et citadine.<\/p>","protected":false},"excerpt":{"rendered":"<p>Verleihen Sie Ihren Kreationen mit dieser Schablone, die den Eiffelturm und die Silhouette der Hauptstadt darstellt, einen Hauch Pariser Charme. Ein grafisches und modernes Design, ideal f\u00fcr eine Wanddekoration oder eine Leinwand im urbanen und eleganten Stil.<\/p>","protected":false},"featured_media":33924,"comment_status":"open","ping_status":"closed","template":"","meta":{"bwfblock_default_font":"","_kad_blocks_custom_css":"","_kad_blocks_head_custom_js":"","_kad_blocks_body_custom_js":"","_kad_blocks_footer_custom_js":"","_kadence_starter_templates_imported_post":false,"_kad_post_transparent":"default","_kad_post_title":"","_kad_post_layout":"default","_kad_post_sidebar_id":"","_kad_post_content_style":"default","_kad_post_vertical_padding":"default","_kad_post_feature":"","_kad_post_feature_position":"","_kad_post_header":false,"_kad_post_footer":false,"_kad_post_classname":""},"product_brand":[1415],"product_cat":[273,732,1864,315,290],"product_tag":[2003,2005,2004,1763,729,625,1045,726,341,727],"class_list":{"0":"post-33923","1":"product","2":"type-product","3":"status-publish","4":"has-post-thumbnail","6":"product_brand-mes-pochoirs","7":"product_cat-pochoirs-urbains","8":"product_cat-pochoirs-icones-celebrites","9":"product_cat-pochoirs-paris","10":"product_cat-pochoirs-symboles","11":"product_cat-pochoirs-villes","12":"product_tag-architecture","13":"product_tag-capital","14":"product_tag-charme-parisien","15":"product_tag-design-urbain","16":"product_tag-france","17":"product_tag-horizon","18":"product_tag-monument","19":"product_tag-paris","20":"product_tag-skyline","21":"product_tag-tour-eiffel","23":"first","24":"instock","25":"taxable","26":"shipping-taxable","27":"purchasable","28":"product-type-variable","29":"entry","30":"content-bg","31":"loop-entry"},"taxonomy_info":{"product_brand":[{"value":1415,"label":"Mes Pochoirs"}],"product_cat":[{"value":273,"label":"Urbains"},{"value":732,"label":"Ic\u00f4nes &amp; C\u00e9l\u00e9brit\u00e9s"},{"value":1864,"label":"Paris"},{"value":315,"label":"Symboles"},{"value":290,"label":"Villes"}],"product_tag":[{"value":2003,"label":"architecture"},{"value":2005,"label":"capital"},{"value":2004,"label":"charme parisien"},{"value":1763,"label":"design urbain"},{"value":729,"label":"france"},{"value":625,"label":"horizon"},{"value":1045,"label":"monument"},{"value":726,"label":"paris"},{"value":341,"label":"skyline"},{"value":727,"label":"tour Eiffel"}]},"featured_image_src_large":["https:\/\/mes-pochoirs.com\/wp-content\/uploads\/2026\/02\/U0029-pochoir-tour-eiffel-copyright-mes-pochoirs-858x1030.jpg",858,1030,true],"author_info":[],"comment_info":0,"_links":{"self":[{"href":"https:\/\/mes-pochoirs.com\/de\/wp-json\/wp\/v2\/product\/33923","targetHints":{"allow":["GET"]}}],"collection":[{"href":"https:\/\/mes-pochoirs.com\/de\/wp-json\/wp\/v2\/product"}],"about":[{"href":"https:\/\/mes-pochoirs.com\/de\/wp-json\/wp\/v2\/types\/product"}],"replies":[{"embeddable":true,"href":"https:\/\/mes-pochoirs.com\/de\/wp-json\/wp\/v2\/comments?post=33923"}],"wp:featuredmedia":[{"embeddable":true,"href":"https:\/\/mes-pochoirs.com\/de\/wp-json\/wp\/v2\/media\/33924"}],"wp:attachment":[{"href":"https:\/\/mes-pochoirs.com\/de\/wp-json\/wp\/v2\/media?parent=33923"}],"wp:term":[{"taxonomy":"product_brand","embeddable":true,"href":"https:\/\/mes-pochoirs.com\/de\/wp-json\/wp\/v2\/product_brand?post=33923"},{"taxonomy":"product_cat","embeddable":true,"href":"https:\/\/mes-pochoirs.com\/de\/wp-json\/wp\/v2\/product_cat?post=33923"},{"taxonomy":"product_tag","embeddable":true,"href":"https:\/\/mes-pochoirs.com\/de\/wp-json\/wp\/v2\/product_tag?post=33923"}],"curies":[{"name":"wp","href":"https:\/\/api.w.org\/{rel}","templated":true}]}}