{"id":33934,"date":"2026-02-18T11:23:20","date_gmt":"2026-02-18T10:23:20","guid":{"rendered":"https:\/\/mes-pochoirs.com\/?post_type=product&#038;p=33934"},"modified":"2026-04-06T04:34:11","modified_gmt":"2026-04-06T02:34:11","slug":"eiffelturm-schablone","status":"publish","type":"product","link":"https:\/\/mes-pochoirs.com\/de\/produit\/pochoir-tour-eiffel","title":{"rendered":"Eiffelturm-Schablone"},"content":{"rendered":"<h2>Eiffelturm-Schablone<\/h2>\n<p>Diese Schablone zeigt die ikonische Silhouette des Eiffelturms und erfasst seine eleganten und unverwechselbaren Linien. Sie setzt ein starkes visuelles Statement, w\u00e4hrend sie gleichzeitig Platz f\u00fcr Ihre Kreativit\u00e4t l\u00e4sst.<\/p>\n<p>Parfait pour les compositions artistiques, ce pochoir permet d&#8217;ajouter un symbole de Paris \u00e0 vos projets. Utilisez-le pour cr\u00e9er des motifs r\u00e9p\u00e9titifs ou comme \u00e9l\u00e9ment central de votre \u0153uvre. Son style simple et \u00e9pur\u00e9 s&#8217;int\u00e8gre facilement dans divers contextes.<\/p>\n<p>Explorez diverses techniques et supports avec ce pochoir r\u00e9utilisable et durable. Que ce soit sur toile, tissu ou papier, il offre une multitude de possibilit\u00e9s pour l&#8217;artiste en qu\u00eate de nouveaut\u00e9. Laissez libre cours \u00e0 votre imagination et apportez une touche de charme parisien \u00e0 vos cr\u00e9ations.<\/p>","protected":false},"excerpt":{"rendered":"<p>Verleihen Sie Ihren Kreationen einen Hauch von Chic und Zeitlosigkeit mit dieser minimalistischen Schablone. Ein ikonisches Pariser Motiv, das die eleganten und unverkennbaren Linien des Eiffelturms einf\u00e4ngt. Sie setzt ein starkes visuelles Statement und l\u00e4sst zugleich Raum f\u00fcr Ihre Kreativit\u00e4t.<\/p>","protected":false},"featured_media":33935,"comment_status":"open","ping_status":"closed","template":"","meta":{"bwfblock_default_font":"","_kad_blocks_custom_css":"","_kad_blocks_head_custom_js":"","_kad_blocks_body_custom_js":"","_kad_blocks_footer_custom_js":"","_kadence_starter_templates_imported_post":false,"_kad_post_transparent":"default","_kad_post_title":"","_kad_post_layout":"default","_kad_post_sidebar_id":"","_kad_post_content_style":"default","_kad_post_vertical_padding":"default","_kad_post_feature":"","_kad_post_feature_position":"","_kad_post_header":false,"_kad_post_footer":false,"_kad_post_classname":""},"product_brand":[1415],"product_cat":[273,732,1864,315,290],"product_tag":[2003,439,728,2004,1459,1763,729,1045,726,727],"class_list":{"0":"post-33934","1":"product","2":"type-product","3":"status-publish","4":"has-post-thumbnail","6":"product_brand-mes-pochoirs","7":"product_cat-pochoirs-urbains","8":"product_cat-pochoirs-icones-celebrites","9":"product_cat-pochoirs-paris","10":"product_cat-pochoirs-symboles","11":"product_cat-pochoirs-villes","12":"product_tag-architecture","13":"product_tag-art","14":"product_tag-capitale","15":"product_tag-charme-parisien","16":"product_tag-creation","17":"product_tag-design-urbain","18":"product_tag-france","19":"product_tag-monument","20":"product_tag-paris","21":"product_tag-tour-eiffel","23":"first","24":"instock","25":"taxable","26":"shipping-taxable","27":"purchasable","28":"product-type-variable","29":"entry","30":"content-bg","31":"loop-entry"},"taxonomy_info":{"product_brand":[{"value":1415,"label":"Mes Pochoirs"}],"product_cat":[{"value":273,"label":"Urbains"},{"value":732,"label":"Ic\u00f4nes &amp; C\u00e9l\u00e9brit\u00e9s"},{"value":1864,"label":"Paris"},{"value":315,"label":"Symboles"},{"value":290,"label":"Villes"}],"product_tag":[{"value":2003,"label":"architecture"},{"value":439,"label":"art"},{"value":728,"label":"capitale"},{"value":2004,"label":"charme parisien"},{"value":1459,"label":"cr\u00e9ation"},{"value":1763,"label":"design urbain"},{"value":729,"label":"france"},{"value":1045,"label":"monument"},{"value":726,"label":"paris"},{"value":727,"label":"tour Eiffel"}]},"featured_image_src_large":["https:\/\/mes-pochoirs.com\/wp-content\/uploads\/2026\/02\/U0030-pochoir-tour-eiffel-copyright-mes-pochoirs-858x1030.jpg",858,1030,true],"author_info":[],"comment_info":0,"_links":{"self":[{"href":"https:\/\/mes-pochoirs.com\/de\/wp-json\/wp\/v2\/product\/33934","targetHints":{"allow":["GET"]}}],"collection":[{"href":"https:\/\/mes-pochoirs.com\/de\/wp-json\/wp\/v2\/product"}],"about":[{"href":"https:\/\/mes-pochoirs.com\/de\/wp-json\/wp\/v2\/types\/product"}],"replies":[{"embeddable":true,"href":"https:\/\/mes-pochoirs.com\/de\/wp-json\/wp\/v2\/comments?post=33934"}],"wp:featuredmedia":[{"embeddable":true,"href":"https:\/\/mes-pochoirs.com\/de\/wp-json\/wp\/v2\/media\/33935"}],"wp:attachment":[{"href":"https:\/\/mes-pochoirs.com\/de\/wp-json\/wp\/v2\/media?parent=33934"}],"wp:term":[{"taxonomy":"product_brand","embeddable":true,"href":"https:\/\/mes-pochoirs.com\/de\/wp-json\/wp\/v2\/product_brand?post=33934"},{"taxonomy":"product_cat","embeddable":true,"href":"https:\/\/mes-pochoirs.com\/de\/wp-json\/wp\/v2\/product_cat?post=33934"},{"taxonomy":"product_tag","embeddable":true,"href":"https:\/\/mes-pochoirs.com\/de\/wp-json\/wp\/v2\/product_tag?post=33934"}],"curies":[{"name":"wp","href":"https:\/\/api.w.org\/{rel}","templated":true}]}}