{"id":34197,"date":"2026-02-24T20:53:07","date_gmt":"2026-02-24T19:53:07","guid":{"rendered":"https:\/\/mes-pochoirs.com\/?post_type=product&#038;p=34197"},"modified":"2026-02-24T20:55:37","modified_gmt":"2026-02-24T19:55:37","slug":"pack-fond-urbain-3-pochoirs-30cm","status":"publish","type":"product","link":"https:\/\/mes-pochoirs.com\/de\/produit\/pack-fond-urbain-3-pochoirs-30cm","title":{"rendered":"Pack Fond Urbain \u2013 3 Pochoirs 30cm"},"content":{"rendered":"<h2 data-start=\"744\" data-end=\"768\">Pack Fond Urbain<\/h2>\n<p data-start=\"770\" data-end=\"788\">Ce pack comprend :<\/p>\n<p data-start=\"790\" data-end=\"905\">\u2714 U0002 \u2013 Mur de briques \u2013 30x30cm<br data-start=\"824\" data-end=\"827\" \/>\u2714 GR0015 \u2013 Graffiti mural \u2013 24x30cm<br data-start=\"862\" data-end=\"865\" \/>\u2714 GR0004 \u2013 Graffiti abstrait \u2013 30x30cm<\/p>\n<p data-start=\"907\" data-end=\"1055\">Ces 3 pochoirs ont \u00e9t\u00e9 s\u00e9lectionn\u00e9s pour fonctionner ensemble et vous permettre de cr\u00e9er facilement un fond urbain coh\u00e9rent, structur\u00e9 et impactant.<\/p>\n<p data-start=\"1057\" data-end=\"1071\">Parfait pour :<\/p>\n<ul data-start=\"1072\" data-end=\"1141\">\n<li data-start=\"1072\" data-end=\"1087\">\n<p data-start=\"1074\" data-end=\"1087\">Personnages<\/p>\n<\/li>\n<li data-start=\"1088\" data-end=\"1099\">\n<p data-start=\"1090\" data-end=\"1099\">tiere<\/p>\n<\/li>\n<li data-start=\"1100\" data-end=\"1113\">\n<p data-start=\"1102\" data-end=\"1113\">Portraits<\/p>\n<\/li>\n<li data-start=\"1114\" data-end=\"1141\">\n<p data-start=\"1116\" data-end=\"1141\">Compositions street art<\/p>\n<\/li>\n<\/ul>\n<p data-start=\"1143\" data-end=\"1230\">\ud83d\udca1 Id\u00e9al pour gagner du temps et donner imm\u00e9diatement de la profondeur \u00e0 vos cr\u00e9ations.<\/p>","protected":false},"excerpt":{"rendered":"<p>Pack Fond Urbain Ce pack comprend : \u2714 U0002 \u2013 Mur de briques \u2013 30x30cm\u2714 GR0015 \u2013 Graffiti mural \u2013 24x30cm\u2714 GR0004 \u2013 Graffiti abstrait \u2013 30x30cm Ces 3 pochoirs ont \u00e9t\u00e9 s\u00e9lectionn\u00e9s pour fonctionner ensemble et vous permettre de cr\u00e9er facilement un fond urbain coh\u00e9rent, structur\u00e9 et impactant. Parfait pour : Personnages Animaux Portraits&#8230;<\/p>","protected":false},"featured_media":34198,"comment_status":"open","ping_status":"closed","template":"","meta":{"bwfblock_default_font":"","_kad_blocks_custom_css":"","_kad_blocks_head_custom_js":"","_kad_blocks_body_custom_js":"","_kad_blocks_footer_custom_js":"","_kadence_starter_templates_imported_post":false,"_kad_post_transparent":"default","_kad_post_title":"","_kad_post_layout":"default","_kad_post_sidebar_id":"","_kad_post_content_style":"default","_kad_post_vertical_padding":"default","_kad_post_feature":"","_kad_post_feature_position":"","_kad_post_header":false,"_kad_post_footer":false,"_kad_post_classname":""},"product_brand":[],"product_cat":[284],"product_tag":[],"class_list":{"0":"post-34197","1":"product","2":"type-product","3":"status-publish","4":"has-post-thumbnail","6":"product_cat-pochoirs-graffitis","8":"first","9":"instock","10":"taxable","11":"shipping-taxable","12":"purchasable","13":"product-type-simple","14":"entry","15":"content-bg","16":"loop-entry"},"taxonomy_info":{"product_cat":[{"value":284,"label":"Graffitis"}]},"featured_image_src_large":["https:\/\/mes-pochoirs.com\/wp-content\/uploads\/2026\/02\/PCKFU01-pack-pochoir-urban-mes-pochoirs-858x1030.jpg",858,1030,true],"author_info":[],"comment_info":0,"_links":{"self":[{"href":"https:\/\/mes-pochoirs.com\/de\/wp-json\/wp\/v2\/product\/34197","targetHints":{"allow":["GET"]}}],"collection":[{"href":"https:\/\/mes-pochoirs.com\/de\/wp-json\/wp\/v2\/product"}],"about":[{"href":"https:\/\/mes-pochoirs.com\/de\/wp-json\/wp\/v2\/types\/product"}],"replies":[{"embeddable":true,"href":"https:\/\/mes-pochoirs.com\/de\/wp-json\/wp\/v2\/comments?post=34197"}],"wp:featuredmedia":[{"embeddable":true,"href":"https:\/\/mes-pochoirs.com\/de\/wp-json\/wp\/v2\/media\/34198"}],"wp:attachment":[{"href":"https:\/\/mes-pochoirs.com\/de\/wp-json\/wp\/v2\/media?parent=34197"}],"wp:term":[{"taxonomy":"product_brand","embeddable":true,"href":"https:\/\/mes-pochoirs.com\/de\/wp-json\/wp\/v2\/product_brand?post=34197"},{"taxonomy":"product_cat","embeddable":true,"href":"https:\/\/mes-pochoirs.com\/de\/wp-json\/wp\/v2\/product_cat?post=34197"},{"taxonomy":"product_tag","embeddable":true,"href":"https:\/\/mes-pochoirs.com\/de\/wp-json\/wp\/v2\/product_tag?post=34197"}],"curies":[{"name":"wp","href":"https:\/\/api.w.org\/{rel}","templated":true}]}}