{"id":34579,"date":"2026-03-05T14:36:57","date_gmt":"2026-03-05T13:36:57","guid":{"rendered":"https:\/\/mes-pochoirs.com\/?post_type=product&#038;p=34579"},"modified":"2026-05-03T06:43:15","modified_gmt":"2026-05-03T04:43:15","slug":"schablone-fliegerin","status":"publish","type":"product","link":"https:\/\/mes-pochoirs.com\/de\/produit\/pochoir-femme-aviatrice","title":{"rendered":"schablone fliegerin"},"content":{"rendered":"<h2>schablone fliegerin<\/h2>\n<p>Ce pochoir illustre une femme aviatrice, casque et lunettes de pilote bien en place. Le motif impose une figure forte et d\u00e9termin\u00e9e, capturant l&#8217;essence m\u00eame du courage et de l&#8217;exploration. Il attire imm\u00e9diatement l&#8217;oeil et inspire par son dynamisme.<\/p>\n<p>Der Blick gen Himmel symbolisiert den Drang zu erkunden, zu tr\u00e4umen und immer weiter zu gehen. Das Design, sowohl pr\u00e4zise als auch k\u00fchn, eignet sich perfekt f\u00fcr farbige oder kontrastreiche Hintergr\u00fcnde, um mit Schatten und Licht ein beeindruckendes Ergebnis zu erzielen.<\/p>\n<p>Que ce soit sur une toile, un mur ou tout autre support, ce pochoir offre une multitude de possibilit\u00e9s. Sa r\u00e9utilisabilit\u00e9 et sa robustesse en font un outil pr\u00e9cieux pour les artistes cherchant \u00e0 exprimer l&#8217;audace et l&#8217;esprit d&#8217;aventure. Laissez libre cours \u00e0 votre cr\u00e9ativit\u00e9 et cr\u00e9ez des \u0153uvres qui inspirent et captivent.<\/p>","protected":false},"excerpt":{"rendered":"<p>Diese Schablone Fliegerin zeigt eine Pilotin mit Helm und Fliegerbrille. Sie steht f\u00fcr Freiheit, Mut und Abenteuer und verleiht Ihren Kreationen eine starke und inspirierende Dimension.<\/p>","protected":false},"featured_media":34580,"comment_status":"open","ping_status":"closed","template":"","meta":{"bwfblock_default_font":"","_kad_blocks_custom_css":"","_kad_blocks_head_custom_js":"","_kad_blocks_body_custom_js":"","_kad_blocks_footer_custom_js":"","_kadence_starter_templates_imported_post":false,"_kad_post_transparent":"default","_kad_post_title":"","_kad_post_layout":"default","_kad_post_sidebar_id":"","_kad_post_content_style":"default","_kad_post_vertical_padding":"default","_kad_post_feature":"","_kad_post_feature_position":"","_kad_post_header":false,"_kad_post_footer":false,"_kad_post_classname":""},"product_brand":[1415],"product_cat":[36,328],"product_tag":[751,2032,2030,2031,359,809],"class_list":{"0":"post-34579","1":"product","2":"type-product","3":"status-publish","4":"has-post-thumbnail","6":"product_brand-mes-pochoirs","7":"product_cat-pochoirs-portraits-visages","8":"product_cat-pochoirs-street-art","9":"product_tag-aventure","10":"product_tag-aviation","11":"product_tag-aviatrice","12":"product_tag-courage","13":"product_tag-femme","14":"product_tag-pilote","16":"first","17":"instock","18":"taxable","19":"shipping-taxable","20":"purchasable","21":"product-type-variable","22":"entry","23":"content-bg","24":"loop-entry"},"taxonomy_info":{"product_brand":[{"value":1415,"label":"Mes Pochoirs"}],"product_cat":[{"value":36,"label":"Portraits &amp; Visages"},{"value":328,"label":"Street Art"}],"product_tag":[{"value":751,"label":"aventure"},{"value":2032,"label":"aviation"},{"value":2030,"label":"aviatrice"},{"value":2031,"label":"courage"},{"value":359,"label":"femme"},{"value":809,"label":"pilote"}]},"featured_image_src_large":["https:\/\/mes-pochoirs.com\/wp-content\/uploads\/2026\/03\/SA0061-pochoir-femme-aviatrice-copyright-mes-pochoirs-858x1030.jpg",858,1030,true],"author_info":[],"comment_info":0,"_links":{"self":[{"href":"https:\/\/mes-pochoirs.com\/de\/wp-json\/wp\/v2\/product\/34579","targetHints":{"allow":["GET"]}}],"collection":[{"href":"https:\/\/mes-pochoirs.com\/de\/wp-json\/wp\/v2\/product"}],"about":[{"href":"https:\/\/mes-pochoirs.com\/de\/wp-json\/wp\/v2\/types\/product"}],"replies":[{"embeddable":true,"href":"https:\/\/mes-pochoirs.com\/de\/wp-json\/wp\/v2\/comments?post=34579"}],"wp:featuredmedia":[{"embeddable":true,"href":"https:\/\/mes-pochoirs.com\/de\/wp-json\/wp\/v2\/media\/34580"}],"wp:attachment":[{"href":"https:\/\/mes-pochoirs.com\/de\/wp-json\/wp\/v2\/media?parent=34579"}],"wp:term":[{"taxonomy":"product_brand","embeddable":true,"href":"https:\/\/mes-pochoirs.com\/de\/wp-json\/wp\/v2\/product_brand?post=34579"},{"taxonomy":"product_cat","embeddable":true,"href":"https:\/\/mes-pochoirs.com\/de\/wp-json\/wp\/v2\/product_cat?post=34579"},{"taxonomy":"product_tag","embeddable":true,"href":"https:\/\/mes-pochoirs.com\/de\/wp-json\/wp\/v2\/product_tag?post=34579"}],"curies":[{"name":"wp","href":"https:\/\/api.w.org\/{rel}","templated":true}]}}