{"id":35507,"date":"2026-04-02T09:36:21","date_gmt":"2026-04-02T07:36:21","guid":{"rendered":"https:\/\/mes-pochoirs.com\/?post_type=product&#038;p=35507"},"modified":"2026-05-17T07:57:03","modified_gmt":"2026-05-17T05:57:03","slug":"bulldog-bubble-gum-schablone","status":"publish","type":"product","link":"https:\/\/mes-pochoirs.com\/de\/produit\/pochoir-bulldog-bubble-gum","title":{"rendered":"Bulldog Bubble Gum Schablone"},"content":{"rendered":"<h2>Bulldog Bubble Gum Schablone<\/h2>\n<p>Er bewegt sich kaum. Doch alle Blicke richten sich auf ihn.<\/p>\n<p>Der Bulldogge hat eine sofortige Pr\u00e4senz. Massiv, gelassen, selbstbewusst. Er muss nichts beweisen, und das ist offensichtlich.<\/p>\n<p>Dann gibt es da dieses Detail. Eine Kaugummiblase, selbstbewusst pr\u00e4sentiert, die den allzu ernsten Look auflockert und genau den richtigen Hauch von Verschrobenheit hinzuf\u00fcgt.<\/p>\n<p>Der Kontrast ist einfach, aber \u00e4u\u00dferst wirkungsvoll. Zwischen stiller St\u00e4rke und cooler Haltung findet das Design ganz selbstverst\u00e4ndlich seinen Platz.<\/p>\n<p>Dieser Hund sucht nicht nach Aufmerksamkeit. Sie kommt ganz von selbst zu ihm.<\/p>\n<p>Mit der Bubble Gum Attitude Kollektion nehmen selbst die standhaftesten Silhouetten einen Schritt zur\u00fcck. Sie entspannen sich, spielen mit ihrem Image und lassen eine neue Energie durchscheinen.<\/p>\n<p>Der Kaugummi wird zu diesem kleinen Twist, der das Auge fesselt, neugierig macht und dem Design seine ganze Pers\u00f6nlichkeit verleiht.<\/p>\n<p>Ein starkes, direktes und unm\u00f6glich zu ignorierendes Design.<\/p>","protected":false},"excerpt":{"rendered":"<p>Ein Hund, eine Blase und eine unersch\u00fctterliche Haltung. Kraftvoll, gelassen und stilvoll, er zieht Blicke auf sich, ohne es zu erzwingen. Dieser Bulldog vereint St\u00e4rke und L\u00e4ssigkeit mit einer einzigartigen visuellen Note.<\/p>","protected":false},"featured_media":35508,"comment_status":"open","ping_status":"closed","template":"","meta":{"bwfblock_default_font":"","_kad_blocks_custom_css":"","_kad_blocks_head_custom_js":"","_kad_blocks_body_custom_js":"","_kad_blocks_footer_custom_js":"","_kadence_starter_templates_imported_post":false,"_kad_post_transparent":"default","_kad_post_title":"","_kad_post_layout":"default","_kad_post_sidebar_id":"","_kad_post_content_style":"default","_kad_post_vertical_padding":"default","_kad_post_feature":"","_kad_post_feature_position":"","_kad_post_header":false,"_kad_post_footer":false,"_kad_post_classname":""},"product_brand":[1415],"product_cat":[2058,364,481,332,328],"product_tag":[2024,2060,708,2048,578,360],"class_list":{"0":"post-35507","1":"product","2":"type-product","3":"status-publish","4":"has-post-thumbnail","6":"product_brand-mes-pochoirs","7":"product_cat-bubble-gum-attitude","8":"product_cat-pochoirs-animaux","9":"product_cat-collections","10":"product_cat-pochoirs-pop-art","11":"product_cat-pochoirs-street-art","12":"product_tag-bulldog","13":"product_tag-chewing-gum","14":"product_tag-chien","15":"product_tag-creation-artistique","16":"product_tag-humour","17":"product_tag-lunettes-de-soleil","19":"first","20":"instock","21":"taxable","22":"shipping-taxable","23":"purchasable","24":"product-type-variable","25":"entry","26":"content-bg","27":"loop-entry"},"taxonomy_info":{"product_brand":[{"value":1415,"label":"Mes Pochoirs"}],"product_cat":[{"value":2058,"label":"Bubble Gum Attitude"},{"value":364,"label":"Animaux"},{"value":481,"label":"Collections"},{"value":332,"label":"Pop Art"},{"value":328,"label":"Street Art"}],"product_tag":[{"value":2024,"label":"bulldog"},{"value":2060,"label":"chewing-gum"},{"value":708,"label":"chien"},{"value":2048,"label":"cr\u00e9ation artistique"},{"value":578,"label":"humour"},{"value":360,"label":"lunettes de soleil"}]},"featured_image_src_large":["https:\/\/mes-pochoirs.com\/wp-content\/uploads\/2026\/03\/BBG020-pochoir-collection-bubble-gum-copyright-mes-pochoirs-858x1030.jpg",858,1030,true],"author_info":[],"comment_info":0,"_links":{"self":[{"href":"https:\/\/mes-pochoirs.com\/de\/wp-json\/wp\/v2\/product\/35507","targetHints":{"allow":["GET"]}}],"collection":[{"href":"https:\/\/mes-pochoirs.com\/de\/wp-json\/wp\/v2\/product"}],"about":[{"href":"https:\/\/mes-pochoirs.com\/de\/wp-json\/wp\/v2\/types\/product"}],"replies":[{"embeddable":true,"href":"https:\/\/mes-pochoirs.com\/de\/wp-json\/wp\/v2\/comments?post=35507"}],"wp:featuredmedia":[{"embeddable":true,"href":"https:\/\/mes-pochoirs.com\/de\/wp-json\/wp\/v2\/media\/35508"}],"wp:attachment":[{"href":"https:\/\/mes-pochoirs.com\/de\/wp-json\/wp\/v2\/media?parent=35507"}],"wp:term":[{"taxonomy":"product_brand","embeddable":true,"href":"https:\/\/mes-pochoirs.com\/de\/wp-json\/wp\/v2\/product_brand?post=35507"},{"taxonomy":"product_cat","embeddable":true,"href":"https:\/\/mes-pochoirs.com\/de\/wp-json\/wp\/v2\/product_cat?post=35507"},{"taxonomy":"product_tag","embeddable":true,"href":"https:\/\/mes-pochoirs.com\/de\/wp-json\/wp\/v2\/product_tag?post=35507"}],"curies":[{"name":"wp","href":"https:\/\/api.w.org\/{rel}","templated":true}]}}