{"id":3551,"date":"2021-11-01T13:29:51","date_gmt":"2021-11-01T13:29:51","guid":{"rendered":"https:\/\/mes-pochoirs.com\/?post_type=product&#038;p=3551"},"modified":"2025-10-31T11:40:39","modified_gmt":"2025-10-31T10:40:39","slug":"schablone-rosette-blume-f0006","status":"publish","type":"product","link":"https:\/\/mes-pochoirs.com\/de\/produit\/pochoir-rosace-fleur-f0006","title":{"rendered":"Schablone Rosette Blume - F0006"},"content":{"rendered":"<h2>Schablone Rosette Blume<\/h2>\n<h3>Ein Blumenmuster, das zur Harmonie einl\u00e4dt<\/h3>\n<p><strong>Schablone Rosette Blume<\/strong> In der Mitte dieser Schablone bl\u00fcht eine stilisierte Blume mit doppeltem Stiel, die zart von einem geometrischen Geflecht in Form einer Rosette umgeben ist. Das Ganze erinnert gleichzeitig an die Feinheit alter Fayencen, die Symmetrie nat\u00fcrlicher Mandalas und die Sanftheit einer romantischen Pflanzenkomposition. Jede Kurve, jeder Winkel scheint mit den anderen in Dialog zu treten, um ein Gef\u00fchl der Gelassenheit und des Gleichgewichts zu erzeugen. Dieses Blumenmotiv spricht von Zen, Eleganz und einer R\u00fcckbesinnung auf das Wesentliche. Es ist eine Einladung, Ihre Untergr\u00fcnde in lebendige und ausdrucksstarke Oberfl\u00e4chen zu verwandeln. Ob Sie eine Wand individuell gestalten, eine Leinwand dekorieren oder ein M\u00f6belst\u00fcck stilisieren m\u00f6chten, diese Schablone verleiht einen subtilen und raffinierten k\u00fcnstlerischen Touch und ist ideal f\u00fcr eine Wohndekoration im Boh\u00e8me- und Pflanzenstil. Sie zieht die Aufmerksamkeit auf sich und l\u00e4sst der Kreativit\u00e4t Raum f\u00fcr einf\u00fchlsame, blumige und leuchtende Kreationen.<\/p>\n<h3>Ein Stil Zwischen Tradition und Modernit\u00e4t Poetisch<\/h3>\n<p><strong>Schablone Rosette Blume<\/strong> Das Design verbindet strukturierte Linien mit einer zeitlosen floralen Ikonografie und schl\u00e4gt so eine Br\u00fccke zwischen dekorativer Tradition und grafischer Modernit\u00e4t. Die Inspiration stammt sowohl von architektonischen Rosetten als auch von neu interpretierten orientalischen Motiven, wobei eine gro\u00dfe visuelle Leichtigkeit erhalten bleibt. Dieser hybride Stil verf\u00fchrt Liebhaber von romantischen Dekorationen, Zen-Welten oder sanften und symbolischen grafischen Kompositionen. Die Schablone wurde f\u00fcr Maler, DIY-K\u00fcnstler und Liebhaber der dekorativen Malerei entwickelt, ist wiederverwendbar, beidseitig verwendbar und in verschiedenen Gr\u00f6\u00dfen erh\u00e4ltlich, um sich an alle Projekte anzupassen. Diese Schablone wird zu einem echten Ausdrucksmittel, das jedes Kunstwerk oder jeden Raum mit einem floralen, b\u00f6hmischen und leuchtenden Touch veredeln kann. Lassen Sie sich von der Poesie des Motivs tragen und erwecken Sie Kreationen zum Leben, die eine Geschichte erz\u00e4hlen.<\/p>","protected":false},"excerpt":{"rendered":"<p><strong data-start=\"1607\" data-end=\"1631\">Schablone Rosette Blume<\/strong> grafisch und pflanzlich, ideal f\u00fcr Wandmalerei oder Zen-Bilder. Wiederverwendbar und in verschiedenen Gr\u00f6\u00dfen erh\u00e4ltlich.<\/p>","protected":false},"featured_media":3561,"comment_status":"open","ping_status":"closed","template":"","meta":{"bwfblock_default_font":"","_kad_blocks_custom_css":"","_kad_blocks_head_custom_js":"","_kad_blocks_body_custom_js":"","_kad_blocks_footer_custom_js":"","_kadence_starter_templates_imported_post":false,"_kad_post_transparent":"default","_kad_post_title":"","_kad_post_layout":"default","_kad_post_sidebar_id":"","_kad_post_content_style":"default","_kad_post_vertical_padding":"default","_kad_post_feature":"","_kad_post_feature_position":"","_kad_post_header":false,"_kad_post_footer":false,"_kad_post_classname":""},"product_brand":[1415],"product_cat":[51],"product_tag":[1364,567,227,50,1360,1363,1361,763,1362,955,1337,1256],"class_list":{"0":"post-3551","1":"product","2":"type-product","3":"status-publish","4":"has-post-thumbnail","6":"product_brand-mes-pochoirs","7":"product_cat-pochoirs-fleurs","8":"product_tag-boheme","9":"product_tag-decoration","10":"product_tag-faience","11":"product_tag-fleur","12":"product_tag-maison","13":"product_tag-mandalas-naturels","14":"product_tag-modernite","15":"product_tag-romantique","16":"product_tag-rosaces","17":"product_tag-tradition","18":"product_tag-vegetal","19":"product_tag-zen","21":"first","22":"instock","23":"taxable","24":"shipping-taxable","25":"purchasable","26":"product-type-variable","27":"has-default-attributes","28":"entry","29":"content-bg","30":"loop-entry"},"taxonomy_info":{"product_brand":[{"value":1415,"label":"Mes Pochoirs"}],"product_cat":[{"value":51,"label":"Fleurs"}],"product_tag":[{"value":1364,"label":"boh\u00e8me"},{"value":567,"label":"decoration"},{"value":227,"label":"fa\u00efence"},{"value":50,"label":"fleur"},{"value":1360,"label":"maison"},{"value":1363,"label":"mandalas naturels"},{"value":1361,"label":"modernit\u00e9"},{"value":763,"label":"romantique"},{"value":1362,"label":"rosaces"},{"value":955,"label":"tradition"},{"value":1337,"label":"v\u00e9g\u00e9tal"},{"value":1256,"label":"zen"}]},"featured_image_src_large":["https:\/\/mes-pochoirs.com\/wp-content\/uploads\/2021\/11\/F0006-mes-pochoirs-com-858x1030.jpg",858,1030,true],"author_info":[],"comment_info":0,"_links":{"self":[{"href":"https:\/\/mes-pochoirs.com\/de\/wp-json\/wp\/v2\/product\/3551","targetHints":{"allow":["GET"]}}],"collection":[{"href":"https:\/\/mes-pochoirs.com\/de\/wp-json\/wp\/v2\/product"}],"about":[{"href":"https:\/\/mes-pochoirs.com\/de\/wp-json\/wp\/v2\/types\/product"}],"replies":[{"embeddable":true,"href":"https:\/\/mes-pochoirs.com\/de\/wp-json\/wp\/v2\/comments?post=3551"}],"wp:featuredmedia":[{"embeddable":true,"href":"https:\/\/mes-pochoirs.com\/de\/wp-json\/wp\/v2\/media\/3561"}],"wp:attachment":[{"href":"https:\/\/mes-pochoirs.com\/de\/wp-json\/wp\/v2\/media?parent=3551"}],"wp:term":[{"taxonomy":"product_brand","embeddable":true,"href":"https:\/\/mes-pochoirs.com\/de\/wp-json\/wp\/v2\/product_brand?post=3551"},{"taxonomy":"product_cat","embeddable":true,"href":"https:\/\/mes-pochoirs.com\/de\/wp-json\/wp\/v2\/product_cat?post=3551"},{"taxonomy":"product_tag","embeddable":true,"href":"https:\/\/mes-pochoirs.com\/de\/wp-json\/wp\/v2\/product_tag?post=3551"}],"curies":[{"name":"wp","href":"https:\/\/api.w.org\/{rel}","templated":true}]}}