{"id":35546,"date":"2026-04-09T20:02:59","date_gmt":"2026-04-09T18:02:59","guid":{"rendered":"https:\/\/mes-pochoirs.com\/?post_type=product&#038;p=35546"},"modified":"2026-04-09T20:03:02","modified_gmt":"2026-04-09T18:03:02","slug":"schablone-affe-bubble-gum","status":"publish","type":"product","link":"https:\/\/mes-pochoirs.com\/de\/produit\/pochoir-singe-bubble-gum","title":{"rendered":"Schablone Affe Bubble Gum"},"content":{"rendered":"<h2>Schablone Affe Bubble Gum<\/h2>\n<p>Schwer, bei diesem Anblick ernst zu bleiben.<\/p>\n<p>Der Ausdruck ist da, etwas schelmisch, etwas provokant\u2026 aber vor allem verspielt. Man sp\u00fcrt, dass er Spa\u00df hat, und das ver\u00e4ndert alles.<\/p>\n<p>Und dann ist da diese Kaugummiblase. Rund, prall gef\u00fcllt, fast am Platzen. Ein einfaches Detail, aber unglaublich wirkungsvoll.<\/p>\n<p>Dieses Motiv will nicht beeindrucken. Es tut noch mehr. Es zieht die Aufmerksamkeit auf sich, bringt zum L\u00e4cheln und schafft eine leichtere, lebendigere Atmosph\u00e4re.<\/p>\n<p>Das ist genau der Spirit der Bubble Gum Attitude. Weniger Regeln, mehr Spontaneit\u00e4t. Ein Stil, der sich weniger ernst nimmt, aber sofort \u00fcberzeugt.<\/p>\n<p>Hier dreht sich alles um den Spa\u00df. Um diesen kleinen Twist, der ein einfaches Motiv in etwas wirklich Anziehendes verwandelt.<\/p>\n<p>Ein lustiges, cooles und unm\u00f6glich zu ignorierendes Motiv.<\/p>","protected":false},"excerpt":{"rendered":"<p>Zwischen Humor und Stil nimmt sich dieser Affe nicht zu ernst\u2026 aber zieht alle Blicke auf sich. Eine prall gef\u00fcllte Kaugummiblase, ein schelmischer Blick und eine ordentliche Portion Attit\u00fcde. Unm\u00f6glich, nicht zu l\u00e4cheln.<\/p>","protected":false},"featured_media":35547,"comment_status":"open","ping_status":"closed","template":"","meta":{"bwfblock_default_font":"","_kad_blocks_custom_css":"","_kad_blocks_head_custom_js":"","_kad_blocks_body_custom_js":"","_kad_blocks_footer_custom_js":"","_kadence_starter_templates_imported_post":false,"_kad_post_transparent":"default","_kad_post_title":"","_kad_post_layout":"default","_kad_post_sidebar_id":"","_kad_post_content_style":"default","_kad_post_vertical_padding":"default","_kad_post_feature":"","_kad_post_feature_position":"","_kad_post_header":false,"_kad_post_footer":false,"_kad_post_classname":""},"product_brand":[1415],"product_cat":[2058,364,481,332,328],"product_tag":[2060,322,1021,557,360,1411,664],"class_list":{"0":"post-35546","1":"product","2":"type-product","3":"status-publish","4":"has-post-thumbnail","6":"product_brand-mes-pochoirs","7":"product_cat-bubble-gum-attitude","8":"product_cat-pochoirs-animaux","9":"product_cat-collections","10":"product_cat-pochoirs-pop-art","11":"product_cat-pochoirs-street-art","12":"product_tag-chewing-gum","13":"product_tag-cool","14":"product_tag-decontracte","15":"product_tag-fun","16":"product_tag-lunettes-de-soleil","17":"product_tag-original","18":"product_tag-singe","20":"first","21":"instock","22":"sale","23":"taxable","24":"shipping-taxable","25":"purchasable","26":"product-type-variable","27":"entry","28":"content-bg","29":"loop-entry"},"taxonomy_info":{"product_brand":[{"value":1415,"label":"Mes Pochoirs"}],"product_cat":[{"value":2058,"label":"Bubble Gum Attitude"},{"value":364,"label":"Animaux"},{"value":481,"label":"Collections"},{"value":332,"label":"Pop Art"},{"value":328,"label":"Street Art"}],"product_tag":[{"value":2060,"label":"chewing-gum"},{"value":322,"label":"cool"},{"value":1021,"label":"d\u00e9contract\u00e9"},{"value":557,"label":"Fun"},{"value":360,"label":"lunettes de soleil"},{"value":1411,"label":"original"},{"value":664,"label":"singe"}]},"featured_image_src_large":["https:\/\/mes-pochoirs.com\/wp-content\/uploads\/2026\/04\/BBG017-pochoir-collection-bubble-gum-copyright-mes-pochoirs-858x1030.jpg",858,1030,true],"author_info":[],"comment_info":0,"_links":{"self":[{"href":"https:\/\/mes-pochoirs.com\/de\/wp-json\/wp\/v2\/product\/35546","targetHints":{"allow":["GET"]}}],"collection":[{"href":"https:\/\/mes-pochoirs.com\/de\/wp-json\/wp\/v2\/product"}],"about":[{"href":"https:\/\/mes-pochoirs.com\/de\/wp-json\/wp\/v2\/types\/product"}],"replies":[{"embeddable":true,"href":"https:\/\/mes-pochoirs.com\/de\/wp-json\/wp\/v2\/comments?post=35546"}],"wp:featuredmedia":[{"embeddable":true,"href":"https:\/\/mes-pochoirs.com\/de\/wp-json\/wp\/v2\/media\/35547"}],"wp:attachment":[{"href":"https:\/\/mes-pochoirs.com\/de\/wp-json\/wp\/v2\/media?parent=35546"}],"wp:term":[{"taxonomy":"product_brand","embeddable":true,"href":"https:\/\/mes-pochoirs.com\/de\/wp-json\/wp\/v2\/product_brand?post=35546"},{"taxonomy":"product_cat","embeddable":true,"href":"https:\/\/mes-pochoirs.com\/de\/wp-json\/wp\/v2\/product_cat?post=35546"},{"taxonomy":"product_tag","embeddable":true,"href":"https:\/\/mes-pochoirs.com\/de\/wp-json\/wp\/v2\/product_tag?post=35546"}],"curies":[{"name":"wp","href":"https:\/\/api.w.org\/{rel}","templated":true}]}}