{"id":3575,"date":"2021-11-01T14:19:04","date_gmt":"2021-11-01T14:19:04","guid":{"rendered":"https:\/\/mes-pochoirs.com\/?post_type=product&#038;p=3575"},"modified":"2025-10-31T11:40:42","modified_gmt":"2025-10-31T10:40:42","slug":"schablone-karo-fleur-de-lys-cc0008","status":"publish","type":"product","link":"https:\/\/mes-pochoirs.com\/de\/produit\/pochoir-carreau-fleur-de-lys-cc0008","title":{"rendered":"Schablone Karo Fleur de Lys - CC0008"},"content":{"rendered":"<h2>Schablone Karo Fleur de Lys<\/h2>\n<h3>Ein symboltr\u00e4chtiges und traditionsreiches Motiv<\/h3>\n<p><strong>Schablone Karo Fleur de Lys<\/strong> - dieses geschichtstr\u00e4chtige Motiv erinnert sowohl an die zeitlose Eleganz der Tradition als auch an die Ausdruckskraft der gro\u00dfen dekorativen Epochen. Die Lilie, das Symbol des Adels, erbl\u00fcht hier in einer symmetrischen Rosette, die von den raffinierten Voluten der klassischen Arabesken inspiriert ist. Dieses Motiv erz\u00e4hlt eine Geschichte, die Geschichte eines wertvollen ornamentalen Erbes, das \u00fcber die Jahrhunderte weitergegeben wurde. Es ist ein Blickfang, der die Aufmerksamkeit auf sich zieht und Ihrer Dekoration einen floralen Hauch verleiht, der jede Fliese in eine starke visuelle Botschaft verwandelt. Diese Schablone ist ideal f\u00fcr Innendekorations- und Kunstprojekte. Sie wurde entwickelt, um W\u00e4nde, M\u00f6bel oder Leinw\u00e4nde mit ihrer edlen und stimmungsvollen \u00c4sthetik zum Schwingen zu bringen. Sie verleiht Ihren Kreationen einen b\u00f6hmischen und zugleich traditionellen Charakter mit einem Hauch von historischer Eleganz. Perfekt, um eine Zementoberfl\u00e4che, ein Wandgem\u00e4lde oder eine Reihe kreativer Bilder zu veredeln, bringt er einen Hauch von Poesie in Ihren Alltag.<\/p>\n<h3>Ein handwerklicher Stil im Zentrum Ihrer Kreativit\u00e4t<\/h3>\n<p><strong>Schablone Karo Fleur de Lys<\/strong> - mehr als ein Werkzeug, es ist ein Medium der Inspiration. Jedes Detail des Designs wurde durchdacht, um die handwerkliche Geste des K\u00fcnstlers hervorzuheben. Der florale und ornamentale Stil schmiegt sich subtil an die geometrischen Konturen der Fliese an und schafft ein Gleichgewicht zwischen Strenge und Spontaneit\u00e4t. Die Voluten wellen sich leichtf\u00fc\u00dfig, w\u00e4hrend die Arabesken sich ineinander verschlingen und eine harmonische, symmetrische Komposition zum Leben erwecken. Mit ihrem b\u00f6hmischen und zugleich raffinierten Geist eignet sich diese Schablone sowohl f\u00fcr eine Wanddekoration als auch f\u00fcr Textilprojekte, Kreationen auf Leinwand oder personalisierte Objekte. Sie eignet sich f\u00fcr K\u00fcnstler, die ihre Einzigartigkeit mit K\u00fchnheit und Feingef\u00fchl zum Ausdruck bringen m\u00f6chten und dabei handwerkliches K\u00f6nnen und Liebe zum Detail zum Ausdruck bringen wollen. Dank ihm wird jede Kreation zu einem einzigartigen Werk, das von Emotionen und Charakter vibriert.<\/p>","protected":false},"excerpt":{"rendered":"<p><strong>Schablone Karo Fleur de Lys<\/strong> wiederverwendbar als Wandmalerei. Hohe Qualit\u00e4t, Blumenmuster, Arabesken und handwerklicher Stil f\u00fcr Ihre Kunstwerke.<\/p>","protected":false},"featured_media":3585,"comment_status":"open","ping_status":"closed","template":"","meta":{"bwfblock_default_font":"","_kad_blocks_custom_css":"","_kad_blocks_head_custom_js":"","_kad_blocks_body_custom_js":"","_kad_blocks_footer_custom_js":"","_kadence_starter_templates_imported_post":false,"_kad_post_transparent":"default","_kad_post_title":"","_kad_post_layout":"default","_kad_post_sidebar_id":"","_kad_post_content_style":"default","_kad_post_vertical_padding":"default","_kad_post_feature":"","_kad_post_feature_position":"","_kad_post_header":false,"_kad_post_footer":false,"_kad_post_classname":""},"product_brand":[1415],"product_cat":[37],"product_tag":[229,1376,1364,1374,1373,567,50,228,648,1375,252,1372,955,1367],"class_list":{"0":"post-3575","1":"product","2":"type-product","3":"status-publish","4":"has-post-thumbnail","6":"product_brand-mes-pochoirs","7":"product_cat-pochoirs-pour-carreaux-ciment","8":"product_tag-arabesque","9":"product_tag-artisanal","10":"product_tag-boheme","11":"product_tag-carreau","12":"product_tag-ciment","13":"product_tag-decoration","14":"product_tag-fleur","15":"product_tag-fleur-de-lys","16":"product_tag-floral","17":"product_tag-ornemental","18":"product_tag-rosace","19":"product_tag-symetrique","20":"product_tag-tradition","21":"product_tag-volutes","23":"first","24":"instock","25":"taxable","26":"shipping-taxable","27":"purchasable","28":"product-type-variable","29":"has-default-attributes","30":"entry","31":"content-bg","32":"loop-entry"},"taxonomy_info":{"product_brand":[{"value":1415,"label":"Mes Pochoirs"}],"product_cat":[{"value":37,"label":"Carreaux de ciment"}],"product_tag":[{"value":229,"label":"arabesque"},{"value":1376,"label":"artisanal"},{"value":1364,"label":"boh\u00e8me"},{"value":1374,"label":"carreau"},{"value":1373,"label":"ciment"},{"value":567,"label":"decoration"},{"value":50,"label":"fleur"},{"value":228,"label":"fleur de lys"},{"value":648,"label":"floral"},{"value":1375,"label":"ornemental"},{"value":252,"label":"rosace"},{"value":1372,"label":"sym\u00e9trique"},{"value":955,"label":"tradition"},{"value":1367,"label":"volutes"}]},"featured_image_src_large":["https:\/\/mes-pochoirs.com\/wp-content\/uploads\/2021\/11\/CC0008-mes-pochoirs-com-858x1030.jpg",858,1030,true],"author_info":[],"comment_info":0,"_links":{"self":[{"href":"https:\/\/mes-pochoirs.com\/de\/wp-json\/wp\/v2\/product\/3575","targetHints":{"allow":["GET"]}}],"collection":[{"href":"https:\/\/mes-pochoirs.com\/de\/wp-json\/wp\/v2\/product"}],"about":[{"href":"https:\/\/mes-pochoirs.com\/de\/wp-json\/wp\/v2\/types\/product"}],"replies":[{"embeddable":true,"href":"https:\/\/mes-pochoirs.com\/de\/wp-json\/wp\/v2\/comments?post=3575"}],"wp:featuredmedia":[{"embeddable":true,"href":"https:\/\/mes-pochoirs.com\/de\/wp-json\/wp\/v2\/media\/3585"}],"wp:attachment":[{"href":"https:\/\/mes-pochoirs.com\/de\/wp-json\/wp\/v2\/media?parent=3575"}],"wp:term":[{"taxonomy":"product_brand","embeddable":true,"href":"https:\/\/mes-pochoirs.com\/de\/wp-json\/wp\/v2\/product_brand?post=3575"},{"taxonomy":"product_cat","embeddable":true,"href":"https:\/\/mes-pochoirs.com\/de\/wp-json\/wp\/v2\/product_cat?post=3575"},{"taxonomy":"product_tag","embeddable":true,"href":"https:\/\/mes-pochoirs.com\/de\/wp-json\/wp\/v2\/product_tag?post=3575"}],"curies":[{"name":"wp","href":"https:\/\/api.w.org\/{rel}","templated":true}]}}