{"id":3624,"date":"2021-11-01T14:38:58","date_gmt":"2021-11-01T14:38:58","guid":{"rendered":"https:\/\/mes-pochoirs.com\/?post_type=product&#038;p=3624"},"modified":"2025-10-31T11:40:50","modified_gmt":"2025-10-31T10:40:50","slug":"mandala-schablone-lotusherz-m0013","status":"publish","type":"product","link":"https:\/\/mes-pochoirs.com\/de\/produit\/pochoir-mandala-coeur-de-lotus-m0013","title":{"rendered":"Schablone Mandala Lotusherz - M0013"},"content":{"rendered":"<h2>Schablone Mandala Lotusherz<\/h2>\n<h3>Ein Symbol f\u00fcr Liebe, Frieden und inneres Gleichgewicht<\/h3>\n<p><strong>Mandala-Schablone Lotusherz<\/strong> - Dieses zarte Muster ist von nat\u00fcrlichen Mandalas und dem universellen Symbol der Lotusblume inspiriert, einer heiligen Blume, die mit Reinheit, Wiedergeburt und Gelassenheit in Verbindung gebracht wird. Es besteht aus herzf\u00f6rmigen Rosetten und stilisierten Bl\u00fctenbl\u00e4ttern und erinnert an das Gleichgewicht zwischen innerer St\u00e4rke und Sanftheit. Diese Schablone ist eine Einladung, eine harmonische, beruhigende Dekoration zu schaffen, die ideal ist, um eine Wand, eine Leinwand oder ein M\u00f6belst\u00fcck in einem Haus im Zen- oder Boh\u00e8me-Stil zu versch\u00f6nern. Die Formen ordnen sich in perfekten Kreisen an, in einer pflanzlichen Symmetrie, die eine positive Energie ausstrahlt. Jedes Detail, jede Kurve erinnert an die Eleganz orientalischer Arabesken und die Feinheit traditioneller Steingutmotive und verleiht Ihren Kreationen gleichzeitig einen modernen Touch.<\/p>\n<h3>Ein Kunststil zwischen Spiritualit\u00e4t und Modernit\u00e4t<\/h3>\n<p><strong>Mandala-Schablone Lotusherz<\/strong> - Diese Schablone ist viel mehr als nur ein dekoratives Motiv, sie wird zu einem echten Werkzeug f\u00fcr den k\u00fcnstlerischen Ausdruck. Mit ihrem traditionellen und zugleich zeitgen\u00f6ssischen Design eignet sie sich sowohl f\u00fcr Liebhaber von Wohndekorationen als auch f\u00fcr K\u00fcnstler, die eine inspirierende Unterlage f\u00fcr ihre Werke, Gem\u00e4lde oder DIY-Projekte suchen. Seine visuelle Sprache vereint das Symbol der Lotusblume, die Sanftheit stilisierter Herzen und die Harmonie von Mandalas zu einer grafischen und zugleich spirituellen Komposition. Diese hochwertige Schablone ist wiederverwendbar und in verschiedenen Gr\u00f6\u00dfen erh\u00e4ltlich. Sie eignet sich f\u00fcr alle Materialien und Techniken. Sie passt perfekt in eine Boh\u00e8me-, Pflanzen- oder minimalistische Kreation und verleiht Ihren R\u00e4umen eine ruhige und inspirierende Atmosph\u00e4re. Lassen Sie sich von ihrer strahlenden Sch\u00f6nheit leiten und schaffen Sie ein Werk, das Ihnen \u00e4hnelt, das gleichzeitig sanft, stark und bedeutungsvoll ist.<\/p>","protected":false},"excerpt":{"rendered":"<p><strong>Mandala-Schablone Lotusherz<\/strong> wiederverwendbar und hohe Qualit\u00e4t. Perfekt f\u00fcr Gem\u00e4lde, Bilder oder Zen-Dekorationen. Mehrere Gr\u00f6\u00dfen verf\u00fcgbar.<\/p>","protected":false},"featured_media":3634,"comment_status":"open","ping_status":"closed","template":"","meta":{"bwfblock_default_font":"","_kad_blocks_custom_css":"","_kad_blocks_head_custom_js":"","_kad_blocks_body_custom_js":"","_kad_blocks_footer_custom_js":"","_kadence_starter_templates_imported_post":false,"_kad_post_transparent":"default","_kad_post_title":"","_kad_post_layout":"default","_kad_post_sidebar_id":"","_kad_post_content_style":"default","_kad_post_vertical_padding":"default","_kad_post_feature":"","_kad_post_feature_position":"","_kad_post_header":false,"_kad_post_footer":false,"_kad_post_classname":""},"product_brand":[1415],"product_cat":[38],"product_tag":[229,1364,567,227,50,1404,1360,230,1363,1361,1362,955,1337,1256],"class_list":{"0":"post-3624","1":"product","2":"type-product","3":"status-publish","4":"has-post-thumbnail","6":"product_brand-mes-pochoirs","7":"product_cat-pochoirs-mandala","8":"product_tag-arabesque","9":"product_tag-boheme","10":"product_tag-decoration","11":"product_tag-faience","12":"product_tag-fleur","13":"product_tag-lotus","14":"product_tag-maison","15":"product_tag-mandala","16":"product_tag-mandalas-naturels","17":"product_tag-modernite","18":"product_tag-rosaces","19":"product_tag-tradition","20":"product_tag-vegetal","21":"product_tag-zen","23":"first","24":"instock","25":"featured","26":"taxable","27":"shipping-taxable","28":"purchasable","29":"product-type-variable","30":"has-default-attributes","31":"entry","32":"content-bg","33":"loop-entry"},"taxonomy_info":{"product_brand":[{"value":1415,"label":"Mes Pochoirs"}],"product_cat":[{"value":38,"label":"Mandala"}],"product_tag":[{"value":229,"label":"arabesque"},{"value":1364,"label":"boh\u00e8me"},{"value":567,"label":"decoration"},{"value":227,"label":"fa\u00efence"},{"value":50,"label":"fleur"},{"value":1404,"label":"lotus"},{"value":1360,"label":"maison"},{"value":230,"label":"mandala"},{"value":1363,"label":"mandalas naturels"},{"value":1361,"label":"modernit\u00e9"},{"value":1362,"label":"rosaces"},{"value":955,"label":"tradition"},{"value":1337,"label":"v\u00e9g\u00e9tal"},{"value":1256,"label":"zen"}]},"featured_image_src_large":["https:\/\/mes-pochoirs.com\/wp-content\/uploads\/2021\/11\/M0013-pochoir-mandala-mes-pochoirs-com-858x1030.jpg",858,1030,true],"author_info":[],"comment_info":0,"_links":{"self":[{"href":"https:\/\/mes-pochoirs.com\/de\/wp-json\/wp\/v2\/product\/3624","targetHints":{"allow":["GET"]}}],"collection":[{"href":"https:\/\/mes-pochoirs.com\/de\/wp-json\/wp\/v2\/product"}],"about":[{"href":"https:\/\/mes-pochoirs.com\/de\/wp-json\/wp\/v2\/types\/product"}],"replies":[{"embeddable":true,"href":"https:\/\/mes-pochoirs.com\/de\/wp-json\/wp\/v2\/comments?post=3624"}],"wp:featuredmedia":[{"embeddable":true,"href":"https:\/\/mes-pochoirs.com\/de\/wp-json\/wp\/v2\/media\/3634"}],"wp:attachment":[{"href":"https:\/\/mes-pochoirs.com\/de\/wp-json\/wp\/v2\/media?parent=3624"}],"wp:term":[{"taxonomy":"product_brand","embeddable":true,"href":"https:\/\/mes-pochoirs.com\/de\/wp-json\/wp\/v2\/product_brand?post=3624"},{"taxonomy":"product_cat","embeddable":true,"href":"https:\/\/mes-pochoirs.com\/de\/wp-json\/wp\/v2\/product_cat?post=3624"},{"taxonomy":"product_tag","embeddable":true,"href":"https:\/\/mes-pochoirs.com\/de\/wp-json\/wp\/v2\/product_tag?post=3624"}],"curies":[{"name":"wp","href":"https:\/\/api.w.org\/{rel}","templated":true}]}}