{"id":3648,"date":"2021-11-01T14:44:44","date_gmt":"2021-11-01T14:44:44","guid":{"rendered":"https:\/\/mes-pochoirs.com\/?post_type=product&#038;p=3648"},"modified":"2025-10-31T11:40:53","modified_gmt":"2025-10-31T10:40:53","slug":"schablone-rosettenblume-f0015","status":"publish","type":"product","link":"https:\/\/mes-pochoirs.com\/de\/produit\/pochoir-fleur-rosace-f0015","title":{"rendered":"Schablone Rosettenblume - F00015"},"content":{"rendered":"<h2>Schablone Blume Rosette<\/h2>\n<h3>Ein beruhigendes Blumenmuster inmitten einer romantischen Dekoration<\/h3>\n<p><strong>Schablone Blume Rosette<\/strong> - Dieses fesselnde Muster erinnert an die Sanftheit eines nat\u00fcrlichen Mandalas, eine Mischung aus traditioneller Rosette und stilisierter Blume. In der Mitte erbl\u00fcht eine strahlende Bl\u00fctenkrone in perfekter pflanzlicher Symmetrie, die von einem fein gewellten Rand umschlossen wird. Dieses Design strahlt Zen-Attit\u00fcde aus und passt ebenso gut zu einem romantischen, b\u00f6hmischen oder meditativen Ambiente. Es ist ideal, um eine Wand, ein M\u00f6belst\u00fcck oder ein Gem\u00e4lde in einer gef\u00fchlvollen Wohndekoration zu sublimieren. Diese Schablone verwandelt den Raum auf zarte Weise und verleiht Ihren Kreationen einen Hauch von Harmonie und Modernit\u00e4t. Sie l\u00e4dt zur Kontemplation ein und suggeriert eine stilisierte Natur, die wie in alten Fayencen gedruckt ist. Eine geometrische Blume, die von einem schwebenden Moment erz\u00e4hlt.<\/p>\n<h3>Ein k\u00fcnstlerischer Stil zwischen Blumentradition und modernem Ausdruck<\/h3>\n<p><strong>Schablone Blume Rosette<\/strong> - Diese Schablone wurde f\u00fcr Liebhaber raffinierter Dekorationen entworfen und verbindet die grafische Strenge der klassischen Rosetten mit der Poesie nat\u00fcrlicher Mandalas. Sie bietet K\u00fcnstlern eine elegante Grundlage, die perfekt ist, um ihre Kreativit\u00e4t in einem zeitgen\u00f6ssischen oder von der Vergangenheit inspirierten Werk auszudr\u00fccken. Jedes Bl\u00fctenblatt, jede Kurve tr\u00e4gt eine k\u00fcnstlerische Sprache in sich, die von Tradition und Moderne gepr\u00e4gt ist. Diese hochwertige Schablone ist wiederverwendbar, pr\u00e4zise und in verschiedenen Gr\u00f6\u00dfen erh\u00e4ltlich. Sie eignet sich ideal zum Malen, f\u00fcr DIY-Projekte und zur individuellen Gestaltung von Dekorationsgegenst\u00e4nden. Sie f\u00fcgt sich harmonisch in eine Pflanzen-, Zen- oder Boh\u00e8me-Welt ein und verleiht ihr einen starken, aber zarten floralen Touch. Lassen Sie sich von seiner weichen und ausgewogenen Struktur leiten, um ein Kunstwerk zu schaffen, das Ihnen \u00e4hnelt.<\/p>","protected":false},"excerpt":{"rendered":"<p><strong>Schablone Blume Rosette<\/strong> Ideal f\u00fcr Zen-Blumen oder Wandarbeiten. Beidseitig verwendbar, hohe Qualit\u00e4t, perfekt f\u00fcr Wohndekorationen oder Boho-Kreationen.<\/p>","protected":false},"featured_media":3658,"comment_status":"open","ping_status":"closed","template":"","meta":{"bwfblock_default_font":"","_kad_blocks_custom_css":"","_kad_blocks_head_custom_js":"","_kad_blocks_body_custom_js":"","_kad_blocks_footer_custom_js":"","_kadence_starter_templates_imported_post":false,"_kad_post_transparent":"default","_kad_post_title":"","_kad_post_layout":"default","_kad_post_sidebar_id":"","_kad_post_content_style":"default","_kad_post_vertical_padding":"default","_kad_post_feature":"","_kad_post_feature_position":"","_kad_post_header":false,"_kad_post_footer":false,"_kad_post_classname":""},"product_brand":[1415],"product_cat":[51],"product_tag":[1364,567,227,50,1360,1363,1361,763,1362,955,1337,1256],"class_list":{"0":"post-3648","1":"product","2":"type-product","3":"status-publish","4":"has-post-thumbnail","6":"product_brand-mes-pochoirs","7":"product_cat-pochoirs-fleurs","8":"product_tag-boheme","9":"product_tag-decoration","10":"product_tag-faience","11":"product_tag-fleur","12":"product_tag-maison","13":"product_tag-mandalas-naturels","14":"product_tag-modernite","15":"product_tag-romantique","16":"product_tag-rosaces","17":"product_tag-tradition","18":"product_tag-vegetal","19":"product_tag-zen","21":"first","22":"instock","23":"taxable","24":"shipping-taxable","25":"purchasable","26":"product-type-variable","27":"has-default-attributes","28":"entry","29":"content-bg","30":"loop-entry"},"taxonomy_info":{"product_brand":[{"value":1415,"label":"Mes Pochoirs"}],"product_cat":[{"value":51,"label":"Fleurs"}],"product_tag":[{"value":1364,"label":"boh\u00e8me"},{"value":567,"label":"decoration"},{"value":227,"label":"fa\u00efence"},{"value":50,"label":"fleur"},{"value":1360,"label":"maison"},{"value":1363,"label":"mandalas naturels"},{"value":1361,"label":"modernit\u00e9"},{"value":763,"label":"romantique"},{"value":1362,"label":"rosaces"},{"value":955,"label":"tradition"},{"value":1337,"label":"v\u00e9g\u00e9tal"},{"value":1256,"label":"zen"}]},"featured_image_src_large":["https:\/\/mes-pochoirs.com\/wp-content\/uploads\/2021\/11\/F0015-mes-pochoirs-com-858x1030.jpg",858,1030,true],"author_info":[],"comment_info":0,"_links":{"self":[{"href":"https:\/\/mes-pochoirs.com\/de\/wp-json\/wp\/v2\/product\/3648","targetHints":{"allow":["GET"]}}],"collection":[{"href":"https:\/\/mes-pochoirs.com\/de\/wp-json\/wp\/v2\/product"}],"about":[{"href":"https:\/\/mes-pochoirs.com\/de\/wp-json\/wp\/v2\/types\/product"}],"replies":[{"embeddable":true,"href":"https:\/\/mes-pochoirs.com\/de\/wp-json\/wp\/v2\/comments?post=3648"}],"wp:featuredmedia":[{"embeddable":true,"href":"https:\/\/mes-pochoirs.com\/de\/wp-json\/wp\/v2\/media\/3658"}],"wp:attachment":[{"href":"https:\/\/mes-pochoirs.com\/de\/wp-json\/wp\/v2\/media?parent=3648"}],"wp:term":[{"taxonomy":"product_brand","embeddable":true,"href":"https:\/\/mes-pochoirs.com\/de\/wp-json\/wp\/v2\/product_brand?post=3648"},{"taxonomy":"product_cat","embeddable":true,"href":"https:\/\/mes-pochoirs.com\/de\/wp-json\/wp\/v2\/product_cat?post=3648"},{"taxonomy":"product_tag","embeddable":true,"href":"https:\/\/mes-pochoirs.com\/de\/wp-json\/wp\/v2\/product_tag?post=3648"}],"curies":[{"name":"wp","href":"https:\/\/api.w.org\/{rel}","templated":true}]}}