{"id":36538,"date":"2026-04-23T16:12:35","date_gmt":"2026-04-23T14:12:35","guid":{"rendered":"https:\/\/mes-pochoirs.com\/?post_type=product&#038;p=36538"},"modified":"2026-04-23T16:12:38","modified_gmt":"2026-04-23T14:12:38","slug":"schablone-kleiner-astronaut","status":"publish","type":"product","link":"https:\/\/mes-pochoirs.com\/de\/produit\/pochoir-le-petit-astronaute","title":{"rendered":"schablone der kleine astronaut"},"content":{"rendered":"<h2>schablone der kleine astronaut<\/h2>\n<p>Avant les missions, avant la technologie, avant m\u00eame l\u2019espace\u2026<br \/>\nil y a un r\u00eave.<\/p>\n<p>Den Traum, den fast jeder von uns einmal hatte: in den Himmel zu schauen und sich vorzustellen, was dar\u00fcber hinaus existiert.<\/p>\n<p>Ce pochoir ne repr\u00e9sente pas seulement un astronaute.<br \/>\nIl repr\u00e9sente ce moment pr\u00e9cis o\u00f9 tout commence.<\/p>\n<p>Un enfant qui r\u00eave.<br \/>\nUn esprit qui s\u2019\u00e9vade.<br \/>\nUne id\u00e9e qui prend forme.<\/p>\n<p>Ici, l\u2019astronaute n\u2019est pas encore en orbite.<br \/>\nIl n\u2019est pas en train de conqu\u00e9rir l\u2019espace.<\/p>\n<p>Er steht ganz am Anfang.<\/p>\n<p>In dieser Phase, in der alles m\u00f6glich ist.<\/p>\n<p>Ce visuel apporte une dimension plus douce, plus intime \u00e0 l\u2019univers spatial.<br \/>\nIl ne parle pas de performance, mais de projection.<\/p>\n<p>Eine Einladung zum Schaffen, Tr\u00e4umen und dem Raumgeben f\u00fcr das, was noch nicht existiert.<\/p>","protected":false},"excerpt":{"rendered":"<p>Un r\u00eave d\u2019enfant, simple et universel : devenir astronaute.<br \/>\nCe pochoir capture ce moment pr\u00e9cis o\u00f9 tout commence \u2014 l\u2019imagination, la curiosit\u00e9, l\u2019envie d\u2019ailleurs.<\/p>","protected":false},"featured_media":36539,"comment_status":"open","ping_status":"closed","template":"","meta":{"bwfblock_default_font":"","_kad_blocks_custom_css":"","_kad_blocks_head_custom_js":"","_kad_blocks_body_custom_js":"","_kad_blocks_footer_custom_js":"","_kadence_starter_templates_imported_post":false,"_kad_post_transparent":"default","_kad_post_title":"","_kad_post_layout":"default","_kad_post_sidebar_id":"","_kad_post_content_style":"default","_kad_post_vertical_padding":"default","_kad_post_feature":"","_kad_post_feature_position":"","_kad_post_header":false,"_kad_post_footer":false,"_kad_post_classname":""},"product_brand":[1415],"product_cat":[2033,332,36],"product_tag":[391,1947,825,392,722,2084,1100],"class_list":{"0":"post-36538","1":"product","2":"type-product","3":"status-publish","4":"has-post-thumbnail","6":"product_brand-mes-pochoirs","7":"product_cat-pochoirs-univers-spatial","8":"product_cat-pochoirs-pop-art","9":"product_cat-pochoirs-portraits-visages","10":"product_tag-astronaute","11":"product_tag-creativite","12":"product_tag-enfant","13":"product_tag-espace","14":"product_tag-exploration","15":"product_tag-petit","16":"product_tag-science-fiction","18":"first","19":"instock","20":"sale","21":"taxable","22":"shipping-taxable","23":"purchasable","24":"product-type-variable","25":"entry","26":"content-bg","27":"loop-entry"},"taxonomy_info":{"product_brand":[{"value":1415,"label":"Mes Pochoirs"}],"product_cat":[{"value":2033,"label":"Univers Spatial"},{"value":332,"label":"Pop Art"},{"value":36,"label":"Portraits &amp; Visages"}],"product_tag":[{"value":391,"label":"astronaute"},{"value":1947,"label":"cr\u00e9ativit\u00e9"},{"value":825,"label":"enfant"},{"value":392,"label":"espace"},{"value":722,"label":"exploration"},{"value":2084,"label":"petit"},{"value":1100,"label":"science-fiction"}]},"featured_image_src_large":["https:\/\/mes-pochoirs.com\/wp-content\/uploads\/2026\/04\/US0006-pochoir-astronaute-copyright-mes-pochoirs-858x1030.jpg",858,1030,true],"author_info":[],"comment_info":0,"_links":{"self":[{"href":"https:\/\/mes-pochoirs.com\/de\/wp-json\/wp\/v2\/product\/36538","targetHints":{"allow":["GET"]}}],"collection":[{"href":"https:\/\/mes-pochoirs.com\/de\/wp-json\/wp\/v2\/product"}],"about":[{"href":"https:\/\/mes-pochoirs.com\/de\/wp-json\/wp\/v2\/types\/product"}],"replies":[{"embeddable":true,"href":"https:\/\/mes-pochoirs.com\/de\/wp-json\/wp\/v2\/comments?post=36538"}],"wp:featuredmedia":[{"embeddable":true,"href":"https:\/\/mes-pochoirs.com\/de\/wp-json\/wp\/v2\/media\/36539"}],"wp:attachment":[{"href":"https:\/\/mes-pochoirs.com\/de\/wp-json\/wp\/v2\/media?parent=36538"}],"wp:term":[{"taxonomy":"product_brand","embeddable":true,"href":"https:\/\/mes-pochoirs.com\/de\/wp-json\/wp\/v2\/product_brand?post=36538"},{"taxonomy":"product_cat","embeddable":true,"href":"https:\/\/mes-pochoirs.com\/de\/wp-json\/wp\/v2\/product_cat?post=36538"},{"taxonomy":"product_tag","embeddable":true,"href":"https:\/\/mes-pochoirs.com\/de\/wp-json\/wp\/v2\/product_tag?post=36538"}],"curies":[{"name":"wp","href":"https:\/\/api.w.org\/{rel}","templated":true}]}}