{"id":3672,"date":"2021-11-01T14:51:00","date_gmt":"2021-11-01T14:51:00","guid":{"rendered":"https:\/\/mes-pochoirs.com\/?post_type=product&#038;p=3672"},"modified":"2025-10-31T11:40:57","modified_gmt":"2025-10-31T10:40:57","slug":"karierte-schablone-arabesque-vegetale-cc0017","status":"publish","type":"product","link":"https:\/\/mes-pochoirs.com\/de\/produit\/pochoir-carreau-arabesque-vegetale-cc0017","title":{"rendered":"Schablone Karo Arabesque Vegetal - CC0017"},"content":{"rendered":"<h2>Fliesenschablone Arabeske pflanzlich<\/h2>\n<h3>Eine von handwerklicher Eleganz inspirierte pflanzliche Komposition<\/h3>\n<p><strong>Schablone Karo Arabesque Vegetal<\/strong> - dieses zarte Muster erinnert an die Leichtigkeit stilisierter Bl\u00e4tter in einem Tanz aus Voluten und weichen Formen, die sich anmutig um ein schlichtes Zentrum winden. Es ist von traditionellen Zementfliesen, alten Fayencen und floralen Ornamenten des dekorativen Erbes inspiriert. Jeder Winkel scheint eine Pflanzenkrone zu erz\u00e4hlen, wie eine abstrakte Lilie, die auf Harmonie ausgerichtet ist. Diese Schablone wurde entwickelt, um Leben und Poesie in Ihre h\u00e4uslichen Dekorationsprojekte zu bringen. Auf einer Wand, einem M\u00f6belst\u00fcck oder einer Leinwand bringt sie eine sanfte, nat\u00fcrliche und beruhigende Energie mit sich. Sie zieht den Blick auf sich, ohne ihn aufzudr\u00e4ngen, und verwandelt jeden Untergrund in einen sensiblen Raum, der von einem b\u00f6hmischen und handwerklichen Geist gepr\u00e4gt ist.<\/p>\n<h3>Ein k\u00fcnstlerischer Stil zwischen Arabesken und symmetrischer Geometrie<\/h3>\n<p><strong>Schablone Karo Arabesque Vegetal<\/strong> - auf halbem Weg zwischen ornamentaler Tradition und grafischer Moderne ist diese Schablone ein starkes Mittel des visuellen Ausdrucks. Ihre Linien erinnern gleichzeitig an Arabesken, florale Elemente und eine stilisierte Rosette, in einer perfekten Symmetrie, die den Raum raffiniert strukturiert. Das Muster kann als Fries, in einer Reihe oder in einer zentralen Komposition wiederholt werden, um ein dekoratives Werk mit starker Wirkung zu schaffen. Diese hochwertige Schablone ist wiederverwendbar, beidseitig verwendbar und in verschiedenen Gr\u00f6\u00dfen erh\u00e4ltlich. Sie eignet sich ideal zum Malen, f\u00fcr die individuelle Gestaltung von M\u00f6beln oder f\u00fcr Kunstprojekte auf Leinwand. Sie eignet sich f\u00fcr Kreative, die eine sanfte, von der Natur inspirierte Bildsprache suchen, die in einer zeitlosen dekorativen \u00c4sthetik verwurzelt ist. Mit ihm erwachen Ihre Fliesen in einem floralen und ornamentalen Geist zum Leben, der ebenso poetisch wie strukturiert ist.<\/p>","protected":false},"excerpt":{"rendered":"<p><strong>Schablone Karo Arabesque Vegetal<\/strong> mit floralem und symmetrischem Muster. Hohe Qualit\u00e4t, beidseitig verwendbar, ideal f\u00fcr Gem\u00e4lde oder handwerkliche Kreationen.<\/p>","protected":false},"featured_media":3682,"comment_status":"open","ping_status":"closed","template":"","meta":{"bwfblock_default_font":"","_kad_blocks_custom_css":"","_kad_blocks_head_custom_js":"","_kad_blocks_body_custom_js":"","_kad_blocks_footer_custom_js":"","_kadence_starter_templates_imported_post":false,"_kad_post_transparent":"default","_kad_post_title":"","_kad_post_layout":"default","_kad_post_sidebar_id":"","_kad_post_content_style":"default","_kad_post_vertical_padding":"default","_kad_post_feature":"","_kad_post_feature_position":"","_kad_post_header":false,"_kad_post_footer":false,"_kad_post_classname":""},"product_brand":[1415],"product_cat":[37],"product_tag":[229,1376,1364,1374,1373,226,567,227,50,228,648,1375,252,1372,955,1367],"class_list":{"0":"post-3672","1":"product","2":"type-product","3":"status-publish","4":"has-post-thumbnail","6":"product_brand-mes-pochoirs","7":"product_cat-pochoirs-pour-carreaux-ciment","8":"product_tag-arabesque","9":"product_tag-artisanal","10":"product_tag-boheme","11":"product_tag-carreau","12":"product_tag-ciment","13":"product_tag-couronne","14":"product_tag-decoration","15":"product_tag-faience","16":"product_tag-fleur","17":"product_tag-fleur-de-lys","18":"product_tag-floral","19":"product_tag-ornemental","20":"product_tag-rosace","21":"product_tag-symetrique","22":"product_tag-tradition","23":"product_tag-volutes","25":"first","26":"instock","27":"taxable","28":"shipping-taxable","29":"purchasable","30":"product-type-variable","31":"has-default-attributes","32":"entry","33":"content-bg","34":"loop-entry"},"taxonomy_info":{"product_brand":[{"value":1415,"label":"Mes Pochoirs"}],"product_cat":[{"value":37,"label":"Carreaux de ciment"}],"product_tag":[{"value":229,"label":"arabesque"},{"value":1376,"label":"artisanal"},{"value":1364,"label":"boh\u00e8me"},{"value":1374,"label":"carreau"},{"value":1373,"label":"ciment"},{"value":226,"label":"couronne"},{"value":567,"label":"decoration"},{"value":227,"label":"fa\u00efence"},{"value":50,"label":"fleur"},{"value":228,"label":"fleur de lys"},{"value":648,"label":"floral"},{"value":1375,"label":"ornemental"},{"value":252,"label":"rosace"},{"value":1372,"label":"sym\u00e9trique"},{"value":955,"label":"tradition"},{"value":1367,"label":"volutes"}]},"featured_image_src_large":["https:\/\/mes-pochoirs.com\/wp-content\/uploads\/2021\/11\/CC00017-mes-pochoirs-com-858x1030.jpg",858,1030,true],"author_info":[],"comment_info":0,"_links":{"self":[{"href":"https:\/\/mes-pochoirs.com\/de\/wp-json\/wp\/v2\/product\/3672","targetHints":{"allow":["GET"]}}],"collection":[{"href":"https:\/\/mes-pochoirs.com\/de\/wp-json\/wp\/v2\/product"}],"about":[{"href":"https:\/\/mes-pochoirs.com\/de\/wp-json\/wp\/v2\/types\/product"}],"replies":[{"embeddable":true,"href":"https:\/\/mes-pochoirs.com\/de\/wp-json\/wp\/v2\/comments?post=3672"}],"wp:featuredmedia":[{"embeddable":true,"href":"https:\/\/mes-pochoirs.com\/de\/wp-json\/wp\/v2\/media\/3682"}],"wp:attachment":[{"href":"https:\/\/mes-pochoirs.com\/de\/wp-json\/wp\/v2\/media?parent=3672"}],"wp:term":[{"taxonomy":"product_brand","embeddable":true,"href":"https:\/\/mes-pochoirs.com\/de\/wp-json\/wp\/v2\/product_brand?post=3672"},{"taxonomy":"product_cat","embeddable":true,"href":"https:\/\/mes-pochoirs.com\/de\/wp-json\/wp\/v2\/product_cat?post=3672"},{"taxonomy":"product_tag","embeddable":true,"href":"https:\/\/mes-pochoirs.com\/de\/wp-json\/wp\/v2\/product_tag?post=3672"}],"curies":[{"name":"wp","href":"https:\/\/api.w.org\/{rel}","templated":true}]}}