{"id":3684,"date":"2021-11-01T14:53:24","date_gmt":"2021-11-01T14:53:24","guid":{"rendered":"https:\/\/mes-pochoirs.com\/?post_type=product&#038;p=3684"},"modified":"2025-10-31T11:40:59","modified_gmt":"2025-10-31T10:40:59","slug":"schablone-karo-konigsrosette-cc0018","status":"publish","type":"product","link":"https:\/\/mes-pochoirs.com\/de\/produit\/pochoir-carreau-rosace-royale-cc0018","title":{"rendered":"Schablone Carreau Rosace Royale - CC0018"},"content":{"rendered":"<h2>Schablone Karo K\u00f6nigsrosette<\/h2>\n<h3>Ein majest\u00e4tisches Muster im Herzen der dekorativen Tradition<\/h3>\n<p><strong>Schablone Karo K\u00f6nigsrosette<\/strong> - Dieses raffinierte Motiv ist von den symboltr\u00e4chtigen Rosetten der klassischen dekorativen Kunst inspiriert. Die strukturierte Blumenmitte, die von ausgewogenen Voluten und arabeskenartigen Spitzen umgeben ist, erinnert an eine elegante ornamentale Krone. Diese Schablone verk\u00f6rpert sowohl den Reichtum der traditionellen Zementfliesen als auch den kreativen Elan zeitgen\u00f6ssischer K\u00fcnstler. Sie zeigt den Adel einer Lilie, stilisiert und zeitlos. Diese Schablone wurde entwickelt, um eine Wand, eine Leinwand oder ein M\u00f6belst\u00fcck zu veredeln, und verleiht Ihrer Wohndekoration sofort einen besonderen Charakter. Ihr symmetrisches und florales Design l\u00e4sst einen Raum sanft und kraftvoll erstrahlen, wie ein visuelles Emblem mit starkem Ausdruckswert. Eine Hommage an alte Fayencen, die mit Finesse f\u00fcr die Inneneinrichtung von heute \u00fcberarbeitet wurde.<\/p>\n<h3>Ein k\u00fcnstlerischer Stil zwischen k\u00f6niglicher Arabeske und handwerklicher Eleganz<\/h3>\n<p><strong>Schablone Karo K\u00f6nigsrosette<\/strong> - Mit ihren pr\u00e4zisen Linien, stilisierten Blumenformen und edlen Arabesken bietet diese Schablone einen reichen und grafischen handwerklichen Stil. Sie vereint die ornamentale Tradition alter dekorierter B\u00f6den mit einem modernen Boh\u00e8me-Geist, bei dem jede Linie zu einer Geste des k\u00fcnstlerischen Ausdrucks wird. Das strenge und zugleich poetische Muster eignet sich f\u00fcr Wandkompositionen, malerische Werke oder sorgf\u00e4ltig dekorierte Objekte. Diese hochwertige Schablone, die wiederverwendbar, beidseitig verwendbar und in verschiedenen Gr\u00f6\u00dfen erh\u00e4ltlich ist, ist der Verb\u00fcndete von Kreativen, Amateuren oder erfahrenen K\u00fcnstlern. Sie erm\u00f6glicht es, eine Kreation in einer starken \u00c4sthetik zu verankern: zugleich k\u00f6niglich, blumig und symmetrisch. Mit dem <strong>Schablone Karo K\u00f6nigsrosette<\/strong>Lassen Sie Ihrer Fantasie freien Lauf und verwandeln Sie jede Oberfl\u00e4che in ein Meisterwerk mit Geschichte und Pers\u00f6nlichkeit.<\/p>","protected":false},"excerpt":{"rendered":"<p><strong>Schablone Karo K\u00f6nigsrosette<\/strong> in Form einer symmetrischen Rosette. Wiederverwendbar, hohe Qualit\u00e4t, ideal f\u00fcr dekorative Malerei oder Wandgem\u00e4lde.<\/p>","protected":false},"featured_media":3694,"comment_status":"open","ping_status":"closed","template":"","meta":{"bwfblock_default_font":"","_kad_blocks_custom_css":"","_kad_blocks_head_custom_js":"","_kad_blocks_body_custom_js":"","_kad_blocks_footer_custom_js":"","_kadence_starter_templates_imported_post":false,"_kad_post_transparent":"default","_kad_post_title":"","_kad_post_layout":"default","_kad_post_sidebar_id":"","_kad_post_content_style":"default","_kad_post_vertical_padding":"default","_kad_post_feature":"","_kad_post_feature_position":"","_kad_post_header":false,"_kad_post_footer":false,"_kad_post_classname":""},"product_brand":[1415],"product_cat":[37],"product_tag":[229,1376,1364,1374,1373,226,567,227,50,228,648,1375,252,1372,955,1367],"class_list":{"0":"post-3684","1":"product","2":"type-product","3":"status-publish","4":"has-post-thumbnail","6":"product_brand-mes-pochoirs","7":"product_cat-pochoirs-pour-carreaux-ciment","8":"product_tag-arabesque","9":"product_tag-artisanal","10":"product_tag-boheme","11":"product_tag-carreau","12":"product_tag-ciment","13":"product_tag-couronne","14":"product_tag-decoration","15":"product_tag-faience","16":"product_tag-fleur","17":"product_tag-fleur-de-lys","18":"product_tag-floral","19":"product_tag-ornemental","20":"product_tag-rosace","21":"product_tag-symetrique","22":"product_tag-tradition","23":"product_tag-volutes","25":"first","26":"instock","27":"taxable","28":"shipping-taxable","29":"purchasable","30":"product-type-variable","31":"has-default-attributes","32":"entry","33":"content-bg","34":"loop-entry"},"taxonomy_info":{"product_brand":[{"value":1415,"label":"Mes Pochoirs"}],"product_cat":[{"value":37,"label":"Carreaux de ciment"}],"product_tag":[{"value":229,"label":"arabesque"},{"value":1376,"label":"artisanal"},{"value":1364,"label":"boh\u00e8me"},{"value":1374,"label":"carreau"},{"value":1373,"label":"ciment"},{"value":226,"label":"couronne"},{"value":567,"label":"decoration"},{"value":227,"label":"fa\u00efence"},{"value":50,"label":"fleur"},{"value":228,"label":"fleur de lys"},{"value":648,"label":"floral"},{"value":1375,"label":"ornemental"},{"value":252,"label":"rosace"},{"value":1372,"label":"sym\u00e9trique"},{"value":955,"label":"tradition"},{"value":1367,"label":"volutes"}]},"featured_image_src_large":["https:\/\/mes-pochoirs.com\/wp-content\/uploads\/2021\/11\/CC00018-mes-pochoirs-com-858x1030.jpg",858,1030,true],"author_info":[],"comment_info":0,"_links":{"self":[{"href":"https:\/\/mes-pochoirs.com\/de\/wp-json\/wp\/v2\/product\/3684","targetHints":{"allow":["GET"]}}],"collection":[{"href":"https:\/\/mes-pochoirs.com\/de\/wp-json\/wp\/v2\/product"}],"about":[{"href":"https:\/\/mes-pochoirs.com\/de\/wp-json\/wp\/v2\/types\/product"}],"replies":[{"embeddable":true,"href":"https:\/\/mes-pochoirs.com\/de\/wp-json\/wp\/v2\/comments?post=3684"}],"wp:featuredmedia":[{"embeddable":true,"href":"https:\/\/mes-pochoirs.com\/de\/wp-json\/wp\/v2\/media\/3694"}],"wp:attachment":[{"href":"https:\/\/mes-pochoirs.com\/de\/wp-json\/wp\/v2\/media?parent=3684"}],"wp:term":[{"taxonomy":"product_brand","embeddable":true,"href":"https:\/\/mes-pochoirs.com\/de\/wp-json\/wp\/v2\/product_brand?post=3684"},{"taxonomy":"product_cat","embeddable":true,"href":"https:\/\/mes-pochoirs.com\/de\/wp-json\/wp\/v2\/product_cat?post=3684"},{"taxonomy":"product_tag","embeddable":true,"href":"https:\/\/mes-pochoirs.com\/de\/wp-json\/wp\/v2\/product_tag?post=3684"}],"curies":[{"name":"wp","href":"https:\/\/api.w.org\/{rel}","templated":true}]}}