{"id":3708,"date":"2021-11-01T15:44:56","date_gmt":"2021-11-01T15:44:56","guid":{"rendered":"https:\/\/mes-pochoirs.com\/?post_type=product&#038;p=3708"},"modified":"2025-10-31T11:41:03","modified_gmt":"2025-10-31T10:41:03","slug":"schablone-karo-boheme-cc0022","status":"publish","type":"product","link":"https:\/\/mes-pochoirs.com\/de\/produit\/pochoir-carreau-boheme-cc0022","title":{"rendered":"Schablone Karo Boh\u00e8me - CC0022"},"content":{"rendered":"<h2>Schablone Karo Boh\u00e8me<\/h2>\n<h3>Ein von der Natur und handwerklichen Traditionen inspiriertes Motiv<\/h3>\n<p><strong>Schablone Karo Boh\u00e8me<\/strong> - dieses reiche und ausgewogene Muster ist von traditionellen Zementfliesen inspiriert und vereint Rosetten, stilisierte Blumen und flie\u00dfende Arabesken. Jedes Element scheint um die Mitte zu tanzen, wodurch eine pflanzliche Symmetrie entsteht, in der sich die Voluten elegant winden. Es erinnert sowohl an die Zartheit einer neu interpretierten Lilie als auch an die W\u00e4rme eines Fayence-Motivs, das aus der alten dekorativen Kunst stammt. Diese Schablone eignet sich perfekt als Wand-, M\u00f6bel- oder Leinwanddekoration und verleiht dem Raum eine leichte und gleichzeitig strukturierte Boh\u00e8me-Atmosph\u00e4re. Sie verwandelt Oberfl\u00e4chen in poetische Kompositionen, die sich ideal f\u00fcr eine nat\u00fcrliche, inspirierende und charaktervolle Wohndekoration eignen.<\/p>\n<h3>Ein k\u00fcnstlerischer Stil zwischen Blumentradition und Boh\u00e8me-Geist<\/h3>\n<p><strong>Schablone Karo Boh\u00e8me<\/strong> - Diese Schablone, die f\u00fcr Designer auf der Suche nach authentischem Ausdruck gedacht ist, verbindet ornamentale Tradition mit k\u00fcnstlerischer Freiheit. Ihr symmetrisches, florales Design aus Voluten und pflanzlichen Kurven erinnert an die Fayencedekorationen s\u00fcdl\u00e4ndischer H\u00e4user, passt aber auch perfekt in moderne Innenr\u00e4ume. Es erinnert an einen dekorativen Kranz, der gleichzeitig handwerklich gefertigt und anspruchsvoll ist. Sie ist wiederverwendbar, beidseitig verwendbar und in verschiedenen Gr\u00f6\u00dfen erh\u00e4ltlich. Sie ist ideal f\u00fcr Maler, Liebhaber von dekorativen Bildern, Wandmalereien oder der individuellen Gestaltung von M\u00f6beln. Der <strong>Schablone Karo Boh\u00e8me<\/strong> wird zu einem echten Inspirationswerkzeug, das ein einzigartiges Kunstwerk hervorbringen kann, das in der Sch\u00f6nheit nat\u00fcrlicher Formen und dekorativer Traditionen verwurzelt ist.<\/p>","protected":false},"excerpt":{"rendered":"<p><strong>Schablone Karo Boh\u00e8me<\/strong> in Blumenrosetten f\u00fcr Gem\u00e4lde, M\u00f6bel oder Leinwand. Hohe Qualit\u00e4t, beidseitig verwendbar, in verschiedenen Gr\u00f6\u00dfen erh\u00e4ltlich.<\/p>","protected":false},"featured_media":3718,"comment_status":"open","ping_status":"closed","template":"","meta":{"bwfblock_default_font":"","_kad_blocks_custom_css":"","_kad_blocks_head_custom_js":"","_kad_blocks_body_custom_js":"","_kad_blocks_footer_custom_js":"","_kadence_starter_templates_imported_post":false,"_kad_post_transparent":"default","_kad_post_title":"","_kad_post_layout":"default","_kad_post_sidebar_id":"","_kad_post_content_style":"default","_kad_post_vertical_padding":"default","_kad_post_feature":"","_kad_post_feature_position":"","_kad_post_header":false,"_kad_post_footer":false,"_kad_post_classname":""},"product_brand":[1415],"product_cat":[37],"product_tag":[229,1376,1364,1374,1373,226,567,227,50,228,648,1375,252,1372,955,1367],"class_list":{"0":"post-3708","1":"product","2":"type-product","3":"status-publish","4":"has-post-thumbnail","6":"product_brand-mes-pochoirs","7":"product_cat-pochoirs-pour-carreaux-ciment","8":"product_tag-arabesque","9":"product_tag-artisanal","10":"product_tag-boheme","11":"product_tag-carreau","12":"product_tag-ciment","13":"product_tag-couronne","14":"product_tag-decoration","15":"product_tag-faience","16":"product_tag-fleur","17":"product_tag-fleur-de-lys","18":"product_tag-floral","19":"product_tag-ornemental","20":"product_tag-rosace","21":"product_tag-symetrique","22":"product_tag-tradition","23":"product_tag-volutes","25":"first","26":"instock","27":"taxable","28":"shipping-taxable","29":"purchasable","30":"product-type-variable","31":"has-default-attributes","32":"entry","33":"content-bg","34":"loop-entry"},"taxonomy_info":{"product_brand":[{"value":1415,"label":"Mes Pochoirs"}],"product_cat":[{"value":37,"label":"Carreaux de ciment"}],"product_tag":[{"value":229,"label":"arabesque"},{"value":1376,"label":"artisanal"},{"value":1364,"label":"boh\u00e8me"},{"value":1374,"label":"carreau"},{"value":1373,"label":"ciment"},{"value":226,"label":"couronne"},{"value":567,"label":"decoration"},{"value":227,"label":"fa\u00efence"},{"value":50,"label":"fleur"},{"value":228,"label":"fleur de lys"},{"value":648,"label":"floral"},{"value":1375,"label":"ornemental"},{"value":252,"label":"rosace"},{"value":1372,"label":"sym\u00e9trique"},{"value":955,"label":"tradition"},{"value":1367,"label":"volutes"}]},"featured_image_src_large":["https:\/\/mes-pochoirs.com\/wp-content\/uploads\/2021\/11\/CC00022-mes-pochoirs-com-858x1030.jpg",858,1030,true],"author_info":[],"comment_info":0,"_links":{"self":[{"href":"https:\/\/mes-pochoirs.com\/de\/wp-json\/wp\/v2\/product\/3708","targetHints":{"allow":["GET"]}}],"collection":[{"href":"https:\/\/mes-pochoirs.com\/de\/wp-json\/wp\/v2\/product"}],"about":[{"href":"https:\/\/mes-pochoirs.com\/de\/wp-json\/wp\/v2\/types\/product"}],"replies":[{"embeddable":true,"href":"https:\/\/mes-pochoirs.com\/de\/wp-json\/wp\/v2\/comments?post=3708"}],"wp:featuredmedia":[{"embeddable":true,"href":"https:\/\/mes-pochoirs.com\/de\/wp-json\/wp\/v2\/media\/3718"}],"wp:attachment":[{"href":"https:\/\/mes-pochoirs.com\/de\/wp-json\/wp\/v2\/media?parent=3708"}],"wp:term":[{"taxonomy":"product_brand","embeddable":true,"href":"https:\/\/mes-pochoirs.com\/de\/wp-json\/wp\/v2\/product_brand?post=3708"},{"taxonomy":"product_cat","embeddable":true,"href":"https:\/\/mes-pochoirs.com\/de\/wp-json\/wp\/v2\/product_cat?post=3708"},{"taxonomy":"product_tag","embeddable":true,"href":"https:\/\/mes-pochoirs.com\/de\/wp-json\/wp\/v2\/product_tag?post=3708"}],"curies":[{"name":"wp","href":"https:\/\/api.w.org\/{rel}","templated":true}]}}