{"id":3720,"date":"2021-11-01T15:49:35","date_gmt":"2021-11-01T15:49:35","guid":{"rendered":"https:\/\/mes-pochoirs.com\/?post_type=product&#038;p=3720"},"modified":"2025-10-31T12:46:47","modified_gmt":"2025-10-31T11:46:47","slug":"schablone-kachel-mandala-grafik-cc0023","status":"publish","type":"product","link":"https:\/\/mes-pochoirs.com\/de\/produit\/pochoir-carreau-mandala-graphique-cc0023","title":{"rendered":"Schablone Karo Mandala Grafik - CC0023"},"content":{"rendered":"<h2>Schablone Karo Mandala Grafik<\/h2>\n<h3>Ein Motiv zwischen symbolischer Geometrie und stilisierter Blume<\/h3>\n<p><strong>Schablone Karo Mandala Grafik<\/strong> - dieses einzigartige Muster verbindet die Reinheit der floralen Symmetrie mit der Kraft geometrischer Grafiken. Im Zentrum steht eine stilisierte Blume mit l\u00e4nglichen Bl\u00fctenbl\u00e4ttern, die wie eine moderne Rosette strahlt, umgeben von tropfen-, augen- oder volutenf\u00f6rmigen Formen, die dem Ganzen einen eleganten Rhythmus verleihen. Jedes Element scheint in einem flie\u00dfenden und zugleich pr\u00e4zisen Tanz orchestriert zu sein, der an alte Zementfliesen und mediterran inspirierte Ornamentkr\u00e4nze erinnert. Bei der Verwendung als Wanddekoration, auf Leinwand oder auf M\u00f6beln wird diese Schablone zu einem echten visuellen Ankerpunkt. Sie dr\u00fcckt eine starke dekorative Vision zwischen Tradition und zeitgen\u00f6ssischer Energie aus und ist perfekt f\u00fcr alle, die ihr Zuhause mit einer k\u00fcnstlerischen Note bereichern m\u00f6chten, die sowohl floral als auch symbolisch ist.<\/p>\n<h3>Ein Kunststil zwischen modernem Mandala und b\u00f6hmischem Ornament<\/h3>\n<p><strong>Schablone Karo Mandala Grafik<\/strong> - diese Schablone ist eine Einladung, eine handwerkliche und b\u00f6hmische Welt zu erkunden, in der die Strenge des Mandalas auf die Freiheit der dekorativen Geste trifft. Ihre diskreten Arabesken, symmetrischen Formen und ihr zugleich florales und grafisches Design machen sie zu einem idealen Werkzeug f\u00fcr K\u00fcnstler, die ein Gleichgewicht zwischen Intuition und Struktur suchen. Es erinnert an alte Fayence-Dekore und \u00f6ffnet sich gleichzeitig der Modernit\u00e4t stilisierter Motive. Diese hochwertige Schablone ist wiederverwendbar, beidseitig verwendbar und in verschiedenen Gr\u00f6\u00dfen erh\u00e4ltlich. Sie eignet sich perfekt f\u00fcr Ihre gemalten Werke, Ihre Bilder oder Ihre Dekorationsprojekte zu Hause. Mit dem <strong>Schablone Karo Mandala Grafik<\/strong>Jede Kreation wird zu einer lebendigen, pr\u00e4zisen und inspirierten Komposition - ein einzigartiger Fingerabdruck an der Schnittstelle zwischen Kunst und Tradition.<\/p>","protected":false},"excerpt":{"rendered":"<p><strong>Schablone Karo Mandala Grafik<\/strong>wiederverwendbar und ornamental. Ideal zum Malen auf Leinwand oder f\u00fcr Boho-Dekorationen, professionelle Qualit\u00e4t.<\/p>","protected":false},"featured_media":3730,"comment_status":"open","ping_status":"closed","template":"","meta":{"bwfblock_default_font":"","_kad_blocks_custom_css":"","_kad_blocks_head_custom_js":"","_kad_blocks_body_custom_js":"","_kad_blocks_footer_custom_js":"","_kadence_starter_templates_imported_post":false,"_kad_post_transparent":"default","_kad_post_title":"","_kad_post_layout":"default","_kad_post_sidebar_id":"","_kad_post_content_style":"default","_kad_post_vertical_padding":"default","_kad_post_feature":"","_kad_post_feature_position":"","_kad_post_header":false,"_kad_post_footer":false,"_kad_post_classname":""},"product_brand":[1415],"product_cat":[37],"product_tag":[229,1376,1364,1374,1373,226,567,227,50,228,648,1375,252,1372,955,1367],"class_list":{"0":"post-3720","1":"product","2":"type-product","3":"status-publish","4":"has-post-thumbnail","6":"product_brand-mes-pochoirs","7":"product_cat-pochoirs-pour-carreaux-ciment","8":"product_tag-arabesque","9":"product_tag-artisanal","10":"product_tag-boheme","11":"product_tag-carreau","12":"product_tag-ciment","13":"product_tag-couronne","14":"product_tag-decoration","15":"product_tag-faience","16":"product_tag-fleur","17":"product_tag-fleur-de-lys","18":"product_tag-floral","19":"product_tag-ornemental","20":"product_tag-rosace","21":"product_tag-symetrique","22":"product_tag-tradition","23":"product_tag-volutes","25":"first","26":"instock","27":"taxable","28":"shipping-taxable","29":"purchasable","30":"product-type-variable","31":"has-default-attributes","32":"entry","33":"content-bg","34":"loop-entry"},"taxonomy_info":{"product_brand":[{"value":1415,"label":"Mes Pochoirs"}],"product_cat":[{"value":37,"label":"Carreaux de ciment"}],"product_tag":[{"value":229,"label":"arabesque"},{"value":1376,"label":"artisanal"},{"value":1364,"label":"boh\u00e8me"},{"value":1374,"label":"carreau"},{"value":1373,"label":"ciment"},{"value":226,"label":"couronne"},{"value":567,"label":"decoration"},{"value":227,"label":"fa\u00efence"},{"value":50,"label":"fleur"},{"value":228,"label":"fleur de lys"},{"value":648,"label":"floral"},{"value":1375,"label":"ornemental"},{"value":252,"label":"rosace"},{"value":1372,"label":"sym\u00e9trique"},{"value":955,"label":"tradition"},{"value":1367,"label":"volutes"}]},"featured_image_src_large":["https:\/\/mes-pochoirs.com\/wp-content\/uploads\/2021\/11\/CC00023-mes-pochoirs-com-858x1030.jpg",858,1030,true],"author_info":[],"comment_info":0,"_links":{"self":[{"href":"https:\/\/mes-pochoirs.com\/de\/wp-json\/wp\/v2\/product\/3720","targetHints":{"allow":["GET"]}}],"collection":[{"href":"https:\/\/mes-pochoirs.com\/de\/wp-json\/wp\/v2\/product"}],"about":[{"href":"https:\/\/mes-pochoirs.com\/de\/wp-json\/wp\/v2\/types\/product"}],"replies":[{"embeddable":true,"href":"https:\/\/mes-pochoirs.com\/de\/wp-json\/wp\/v2\/comments?post=3720"}],"wp:featuredmedia":[{"embeddable":true,"href":"https:\/\/mes-pochoirs.com\/de\/wp-json\/wp\/v2\/media\/3730"}],"wp:attachment":[{"href":"https:\/\/mes-pochoirs.com\/de\/wp-json\/wp\/v2\/media?parent=3720"}],"wp:term":[{"taxonomy":"product_brand","embeddable":true,"href":"https:\/\/mes-pochoirs.com\/de\/wp-json\/wp\/v2\/product_brand?post=3720"},{"taxonomy":"product_cat","embeddable":true,"href":"https:\/\/mes-pochoirs.com\/de\/wp-json\/wp\/v2\/product_cat?post=3720"},{"taxonomy":"product_tag","embeddable":true,"href":"https:\/\/mes-pochoirs.com\/de\/wp-json\/wp\/v2\/product_tag?post=3720"}],"curies":[{"name":"wp","href":"https:\/\/api.w.org\/{rel}","templated":true}]}}