{"id":3808,"date":"2021-11-11T17:27:35","date_gmt":"2021-11-11T17:27:35","guid":{"rendered":"https:\/\/mes-pochoirs.com\/?post_type=product&#038;p=3808"},"modified":"2025-10-31T12:46:59","modified_gmt":"2025-10-31T11:46:59","slug":"schablone-rosette-lotusblute-bohmisch-cc0029","status":"publish","type":"product","link":"https:\/\/mes-pochoirs.com\/de\/produit\/pochoir-rosace-fleur-de-lotus-boheme-cc0029","title":{"rendered":"Schablone Zementfliese - CC0029"},"content":{"rendered":"<h2>Schablone Rosette Lotusbl\u00fcte Boh\u00e8me\u00a0<\/h2>\n<h3>Ein blumiger Ausdruck voller Anmut<\/h3>\n<p><strong>Schablone Rosette Lotusbl\u00fcte Boh\u00e8me<\/strong> ist eine wahre Einladung zur Gelassenheit und k\u00fcnstlerischen Entfaltung. Sein zentrales Motiv in Form einer Lotusbl\u00fcte strahlt Eleganz aus und erinnert an Reinheit, Wiedergeburt und botanische Harmonie. Jedes stilisierte Bl\u00fctenblatt entfaltet seine Sanftheit in einer symmetrischen Krone, die perfekt ist, um ausgewogene und kraftvolle Kompositionen zu schaffen. Diese Schablone wird so zu einem Werkzeug f\u00fcr Ihren pers\u00f6nlichen Ausdruck und verwandelt Ihre W\u00e4nde, Leinw\u00e4nde oder Objekte in wahre Blumenkunstwerke. Dieses handgefertigte Modell wurde f\u00fcr K\u00fcnstler auf der Suche nach Bedeutung entworfen und verk\u00f6rpert die Begegnung zwischen stilisierter Natur und b\u00f6hmischer Inspiration. Es passt sowohl in ein Zen-Interieur als auch in ein Vintage- oder modernes Ambiente. Jede Anwendung l\u00e4dt zur Ruhe, zur Kreativit\u00e4t und zur Aufwertung des dekorativen Raums ein, mit einem Motiv, das sowohl an die Lilie als auch an orientalische Voluten erinnert.<\/p>\n<h3>Dekorative Kunst am Kreuzweg der Traditionen<\/h3>\n<p><strong>Schablone Rosette Lotusbl\u00fcte Boh\u00e8me<\/strong> l\u00e4sst den Charme traditioneller Zementfliesen neu aufleben und verleiht ihnen einen Hauch von Boh\u00e8me-Poesie. Ihr ornamentales, symmetrisches Design steht in der gro\u00dfen Tradition der dekorativen Fayencen, \u00f6ffnet sich aber gleichzeitig orientalischen Einfl\u00fcssen und weichen Arabesken. Die Motive dieser Schablone erinnern an alte Palastrosetten und meditative Fresken, in denen sich Blume und Geometrie in einem raffinierten Dialog begegnen. Diese Schablone kann auf zahlreichen Materialien verwendet werden, ist wiederverwendbar, beidseitig verwendbar und wird in verschiedenen Gr\u00f6\u00dfen angeboten, um sich an alle Ihre handgefertigten Dekorationsprojekte anzupassen. Die Qualit\u00e4t des Schnitts garantiert klare und pr\u00e4zise Linien, die der k\u00fcnstlerischen Absicht treu bleiben. Sie eignet sich perfekt, um einen Raum, ein Wandfries, eine Leinwand oder ein M\u00f6belst\u00fcck zu bereichern, und wird zu einem Tr\u00e4ger der Authentizit\u00e4t und der Blumentradition, der Ihre Fantasie befl\u00fcgelt.<\/p>","protected":false},"excerpt":{"rendered":"<p><strong>Schablone Rosette Lotusbl\u00fcte Boh\u00e8me<\/strong> inspiriert von Zementfliesen. Wiederverwendbar, pr\u00e4zise, perfekt f\u00fcr Malerei und Wanddekoration<\/p>","protected":false},"featured_media":3818,"comment_status":"open","ping_status":"closed","template":"","meta":{"bwfblock_default_font":"","_kad_blocks_custom_css":"","_kad_blocks_head_custom_js":"","_kad_blocks_body_custom_js":"","_kad_blocks_footer_custom_js":"","_kadence_starter_templates_imported_post":false,"_kad_post_transparent":"default","_kad_post_title":"","_kad_post_layout":"default","_kad_post_sidebar_id":"","_kad_post_content_style":"default","_kad_post_vertical_padding":"default","_kad_post_feature":"","_kad_post_feature_position":"","_kad_post_header":false,"_kad_post_footer":false,"_kad_post_classname":""},"product_brand":[1415],"product_cat":[37],"product_tag":[229,1376,1364,1407,1374,1373,226,567,227,50,228,648,1375,252,1372,955,1367],"class_list":{"0":"post-3808","1":"product","2":"type-product","3":"status-publish","4":"has-post-thumbnail","6":"product_brand-mes-pochoirs","7":"product_cat-pochoirs-pour-carreaux-ciment","8":"product_tag-arabesque","9":"product_tag-artisanal","10":"product_tag-boheme","11":"product_tag-botanique","12":"product_tag-carreau","13":"product_tag-ciment","14":"product_tag-couronne","15":"product_tag-decoration","16":"product_tag-faience","17":"product_tag-fleur","18":"product_tag-fleur-de-lys","19":"product_tag-floral","20":"product_tag-ornemental","21":"product_tag-rosace","22":"product_tag-symetrique","23":"product_tag-tradition","24":"product_tag-volutes","26":"first","27":"instock","28":"taxable","29":"shipping-taxable","30":"purchasable","31":"product-type-variable","32":"has-default-attributes","33":"entry","34":"content-bg","35":"loop-entry"},"taxonomy_info":{"product_brand":[{"value":1415,"label":"Mes Pochoirs"}],"product_cat":[{"value":37,"label":"Carreaux de ciment"}],"product_tag":[{"value":229,"label":"arabesque"},{"value":1376,"label":"artisanal"},{"value":1364,"label":"boh\u00e8me"},{"value":1407,"label":"botanique"},{"value":1374,"label":"carreau"},{"value":1373,"label":"ciment"},{"value":226,"label":"couronne"},{"value":567,"label":"decoration"},{"value":227,"label":"fa\u00efence"},{"value":50,"label":"fleur"},{"value":228,"label":"fleur de lys"},{"value":648,"label":"floral"},{"value":1375,"label":"ornemental"},{"value":252,"label":"rosace"},{"value":1372,"label":"sym\u00e9trique"},{"value":955,"label":"tradition"},{"value":1367,"label":"volutes"}]},"featured_image_src_large":["https:\/\/mes-pochoirs.com\/wp-content\/uploads\/2021\/11\/CC00029-mes-pochoirs-com-858x1030.jpg",858,1030,true],"author_info":[],"comment_info":0,"_links":{"self":[{"href":"https:\/\/mes-pochoirs.com\/de\/wp-json\/wp\/v2\/product\/3808","targetHints":{"allow":["GET"]}}],"collection":[{"href":"https:\/\/mes-pochoirs.com\/de\/wp-json\/wp\/v2\/product"}],"about":[{"href":"https:\/\/mes-pochoirs.com\/de\/wp-json\/wp\/v2\/types\/product"}],"replies":[{"embeddable":true,"href":"https:\/\/mes-pochoirs.com\/de\/wp-json\/wp\/v2\/comments?post=3808"}],"wp:featuredmedia":[{"embeddable":true,"href":"https:\/\/mes-pochoirs.com\/de\/wp-json\/wp\/v2\/media\/3818"}],"wp:attachment":[{"href":"https:\/\/mes-pochoirs.com\/de\/wp-json\/wp\/v2\/media?parent=3808"}],"wp:term":[{"taxonomy":"product_brand","embeddable":true,"href":"https:\/\/mes-pochoirs.com\/de\/wp-json\/wp\/v2\/product_brand?post=3808"},{"taxonomy":"product_cat","embeddable":true,"href":"https:\/\/mes-pochoirs.com\/de\/wp-json\/wp\/v2\/product_cat?post=3808"},{"taxonomy":"product_tag","embeddable":true,"href":"https:\/\/mes-pochoirs.com\/de\/wp-json\/wp\/v2\/product_tag?post=3808"}],"curies":[{"name":"wp","href":"https:\/\/api.w.org\/{rel}","templated":true}]}}