{"id":3983,"date":"2021-11-15T14:27:08","date_gmt":"2021-11-15T14:27:08","guid":{"rendered":"https:\/\/mes-pochoirs.com\/?post_type=product&#038;p=3983"},"modified":"2025-10-31T12:47:29","modified_gmt":"2025-10-31T11:47:29","slug":"schablone-geometrische-rosette-g0009","status":"publish","type":"product","link":"https:\/\/mes-pochoirs.com\/de\/produit\/pochoir-rosace-geometrique-g0009","title":{"rendered":"Schablone Geometrische Rosette - G0009"},"content":{"rendered":"<h2>Schablone Geometrische Rosette<\/h2>\n<h3>Eine Harmonie aus nat\u00fcrlichen und grafischen Formen<\/h3>\n<p><strong>Schablone Geometrische Rosette<\/strong>\u00a0qui capture l&#8217;essence de l&#8217;harmonie en fusionnant la perfection de la nature et la rigueur du design. Son c\u0153ur, un d\u00e9licat\u00a0motif\u00a0de\u00a0nid d&#8217;abeille, est une ode \u00e0 la g\u00e9om\u00e9trie naturelle, tandis que sa couronne ext\u00e9rieure de losanges graphiques \u00e9voque les p\u00e9tales d&#8217;une fleur stylis\u00e9e. Cette\u00a0rosace\u00a0rayonne depuis son centre, cr\u00e9ant un sentiment d&#8217;expansion et d&#8217;\u00e9quilibre parfait.<\/p>\n<p><strong>Schablone Geometrische Rosette<\/strong>\u00a0qui diffuse une \u00e9nergie profond\u00e9ment\u00a0zen\u00a0et apaisante. Contrairement \u00e0 l&#8217;aspect plus ludique de\u00a0bulles\u00a0ou de\u00a0cercles graphiques, ce\u00a0motif\u00a0complexe et sym\u00e9trique invite au centrage et \u00e0 la m\u00e9ditation. Il offre un point d&#8217;ancrage visuel puissant, apportant une structure calme et une beaut\u00e9 intemporelle \u00e0 vos cr\u00e9ations, bien loin d&#8217;un effet de\u00a0tissage\u00a0ou d&#8217;un jeu de\u00a0perspective.<\/p>\n<h3>Ein b\u00f6hmischer und zeitgen\u00f6ssischer Stil<\/h3>\n<p><strong>Schablone Geometrische Rosette<\/strong>\u00a0qui est un v\u00e9ritable cam\u00e9l\u00e9on stylistique, aussi \u00e0 l&#8217;aise dans un univers boh\u00e8me que dans un d\u00e9cor \u00e9pur\u00e9. C&#8217;est la pi\u00e8ce ma\u00eetresse d&#8217;une d\u00e9coration &#8220;boho chic&#8221;, mais sa puret\u00e9\u00a0g\u00e9om\u00e9trique\u00a0lui permet de s&#8217;int\u00e9grer parfaitement dans un int\u00e9rieur\u00a0moderne\u00a0ou\u00a0contemporain. Osez les couleurs vives pour une touche\u00a0pop art\u00a0inattendue ou les tons m\u00e9talliques pour un rendu pr\u00e9cieux et sophistiqu\u00e9.<\/p>\n<p><strong>Schablone Geometrische Rosette<\/strong>\u00a0qui est bien plus qu&#8217;un simple dessin, c&#8217;est un symbole d&#8217;\u00e9quilibre \u00e0 port\u00e9e de main. Utilisez cette\u00a0rosace\u00a0pour cr\u00e9er un mandala au sol, pour personnaliser le plateau d&#8217;une table ronde, pour d\u00e9corer un mur ou pour cr\u00e9er une \u0153uvre d&#8217;art unique. Laissez ce\u00a0cercle\u00a0d&#8217;harmonie rayonner dans votre int\u00e9rieur et transformer vos id\u00e9es en cr\u00e9ations vibrantes d&#8217;\u00e9nergie positive.<\/p>","protected":false},"excerpt":{"rendered":"<p class=\"ng-star-inserted\"><span class=\"ng-star-inserted\"><strong>Schablone Geometrische Rosette<\/strong>. Das perfekte Werkzeug f\u00fcr Ihre Malerei! Erstellen Sie ein einzigartiges Gem\u00e4lde mit dieser hochwertigen, wiederverwendbaren und beidseitig verwendbaren Schablone.<\/span><\/p>","protected":false},"featured_media":3993,"comment_status":"open","ping_status":"closed","template":"","meta":{"bwfblock_default_font":"","_kad_blocks_custom_css":"","_kad_blocks_head_custom_js":"","_kad_blocks_body_custom_js":"","_kad_blocks_footer_custom_js":"","_kadence_starter_templates_imported_post":false,"_kad_post_transparent":"default","_kad_post_title":"","_kad_post_layout":"default","_kad_post_sidebar_id":"","_kad_post_content_style":"default","_kad_post_vertical_padding":"default","_kad_post_feature":"","_kad_post_feature_position":"","_kad_post_header":false,"_kad_post_footer":false,"_kad_post_classname":""},"product_brand":[1415],"product_cat":[241],"product_tag":[248,232,242,247,243],"class_list":{"0":"post-3983","1":"product","2":"type-product","3":"status-publish","4":"has-post-thumbnail","6":"product_brand-mes-pochoirs","7":"product_cat-pochoirs-geometriques","8":"product_tag-cercle","9":"product_tag-geometrique","10":"product_tag-hexagone","11":"product_tag-losanges","12":"product_tag-nids-abeilles","14":"first","15":"instock","16":"taxable","17":"shipping-taxable","18":"purchasable","19":"product-type-variable","20":"has-default-attributes","21":"entry","22":"content-bg","23":"loop-entry"},"taxonomy_info":{"product_brand":[{"value":1415,"label":"Mes Pochoirs"}],"product_cat":[{"value":241,"label":"G\u00e9om\u00e9triques"}],"product_tag":[{"value":248,"label":"cercle"},{"value":232,"label":"g\u00e9om\u00e9trique"},{"value":242,"label":"hexagone"},{"value":247,"label":"losanges"},{"value":243,"label":"nids abeilles"}]},"featured_image_src_large":["https:\/\/mes-pochoirs.com\/wp-content\/uploads\/2021\/11\/G0009-pochoir-geometrique-mes-pochoirs-com-858x1030.jpg",858,1030,true],"author_info":[],"comment_info":0,"_links":{"self":[{"href":"https:\/\/mes-pochoirs.com\/de\/wp-json\/wp\/v2\/product\/3983","targetHints":{"allow":["GET"]}}],"collection":[{"href":"https:\/\/mes-pochoirs.com\/de\/wp-json\/wp\/v2\/product"}],"about":[{"href":"https:\/\/mes-pochoirs.com\/de\/wp-json\/wp\/v2\/types\/product"}],"replies":[{"embeddable":true,"href":"https:\/\/mes-pochoirs.com\/de\/wp-json\/wp\/v2\/comments?post=3983"}],"wp:featuredmedia":[{"embeddable":true,"href":"https:\/\/mes-pochoirs.com\/de\/wp-json\/wp\/v2\/media\/3993"}],"wp:attachment":[{"href":"https:\/\/mes-pochoirs.com\/de\/wp-json\/wp\/v2\/media?parent=3983"}],"wp:term":[{"taxonomy":"product_brand","embeddable":true,"href":"https:\/\/mes-pochoirs.com\/de\/wp-json\/wp\/v2\/product_brand?post=3983"},{"taxonomy":"product_cat","embeddable":true,"href":"https:\/\/mes-pochoirs.com\/de\/wp-json\/wp\/v2\/product_cat?post=3983"},{"taxonomy":"product_tag","embeddable":true,"href":"https:\/\/mes-pochoirs.com\/de\/wp-json\/wp\/v2\/product_tag?post=3983"}],"curies":[{"name":"wp","href":"https:\/\/api.w.org\/{rel}","templated":true}]}}