{"id":4042,"date":"2021-11-15T14:39:52","date_gmt":"2021-11-15T14:39:52","guid":{"rendered":"https:\/\/mes-pochoirs.com\/?post_type=product&#038;p=4042"},"modified":"2025-10-31T11:42:09","modified_gmt":"2025-10-31T10:42:09","slug":"schablone-rauten-kreuz-und-quer-g0015","status":"publish","type":"product","link":"https:\/\/mes-pochoirs.com\/de\/produit\/pochoir-losanges-croises-g0015","title":{"rendered":"Schablone Gekreuzte Rauten - G0015"},"content":{"rendered":"<h2>Schablone Gekreuzte Rauten\u00a0<\/h2>\n<h3>Gleichgewicht, Struktur und Bewegung<\/h3>\n<p><strong>Schablone Gekreuzte Rauten<\/strong> erinnert gleichzeitig an Strenge und Leichtigkeit. Sein sich wiederholendes Muster von <strong>Rauten<\/strong> ineinander verwobene Elemente schaffen eine hypnotische, ausgewogene und rhythmische visuelle Struktur, die perfekt ist, um ein Gef\u00fchl von <strong>Zen-Meisterschaft<\/strong> in Ihre Kreationen einflie\u00dfen lassen. Jeder Schnittpunkt suggeriert einen Ankerpunkt in einem dynamischen Raster, das den Blick einf\u00e4ngt und zum Erkunden einl\u00e4dt. Der diagonale Gittereffekt erinnert an moderne Glasmalereien oder zeitgen\u00f6ssische Webstrukturen.<\/p>\n<p>Ob auf einer Leinwand, einer Wand oder einem M\u00f6belst\u00fcck, diese Schablone verleiht einen Hauch von Pr\u00e4zision und Regelm\u00e4\u00dfigkeit, w\u00e4hrend Sie Ihren k\u00fcnstlerischen Sinn frei entfalten k\u00f6nnen. Dank ihrer klaren Linien und ihrer sauberen Wiedergabe passt sie sowohl zu einer Dekoration <strong>modern<\/strong> als an eine eher k\u00fcnstlerische oder architektonische Atmosph\u00e4re.<\/p>\n<h3>ein geometrischer Stil f\u00fcr moderne Werke<\/h3>\n<p><strong>Schablone Gekreuzte Rauten<\/strong> steht ganz im Zeichen einer geometrischen, zeitgen\u00f6ssischen \u00c4sthetik und ist ideal f\u00fcr Liebhaber strukturierter Designs oder K\u00fcnstler, die auf der Suche nach einem auff\u00e4lligen grafischen Effekt sind. Sein gekreuztes Rautenmuster bietet ein Spiel mit Winkeln und Perspektiven, das sich sowohl in Pop-Art-Kompositionen mit kr\u00e4ftigen Farben als auch in schlichte Kreationen mit \u00fcberwiegend monochromen Elementen einf\u00fcgt.<\/p>\n<p>Diese Schablone eignet sich hervorragend, um einen texturreichen Hintergrund, ein dekoratives Raster oder einen faszinierenden visuellen Effekt zu schaffen. Sie verleiht einen Hauch von Originalit\u00e4t und ist gleichzeitig flexibel genug, um mit anderen Motiven oder visuellen Elementen kombiniert zu werden. Sie eignet sich perfekt f\u00fcr Maler, M\u00f6beldesigner und Zen-Liebhaber, da sie je nach gew\u00e4hlter Farbe und Material unendlich viele Variationen zul\u00e4sst.<\/p>\n<h3><\/h3>","protected":false},"excerpt":{"rendered":"<p><strong data-start=\"1179\" data-end=\"1207\">Schablone Gekreuzte Rauten<\/strong> mit einem zeitgen\u00f6ssischen Motiv. Hohe Qualit\u00e4t, beidseitig verwendbar, ideal f\u00fcr dekorative Malerei oder k\u00fcnstlerische Kreationen.<\/p>","protected":false},"featured_media":4052,"comment_status":"open","ping_status":"closed","template":"","meta":{"bwfblock_default_font":"","_kad_blocks_custom_css":"","_kad_blocks_head_custom_js":"","_kad_blocks_body_custom_js":"","_kad_blocks_footer_custom_js":"","_kadence_starter_templates_imported_post":false,"_kad_post_transparent":"default","_kad_post_title":"","_kad_post_layout":"default","_kad_post_sidebar_id":"","_kad_post_content_style":"default","_kad_post_vertical_padding":"default","_kad_post_feature":"","_kad_post_feature_position":"","_kad_post_header":false,"_kad_post_footer":false,"_kad_post_classname":""},"product_brand":[1415],"product_cat":[241],"product_tag":[676,232,247,675,521,333,1256],"class_list":{"0":"post-4042","1":"product","2":"type-product","3":"status-publish","4":"has-post-thumbnail","6":"product_brand-mes-pochoirs","7":"product_cat-pochoirs-geometriques","8":"product_tag-contemporain","9":"product_tag-geometrique","10":"product_tag-losanges","11":"product_tag-moderne","12":"product_tag-motif","13":"product_tag-pop-art","14":"product_tag-zen","16":"first","17":"instock","18":"taxable","19":"shipping-taxable","20":"purchasable","21":"product-type-variable","22":"has-default-attributes","23":"entry","24":"content-bg","25":"loop-entry"},"taxonomy_info":{"product_brand":[{"value":1415,"label":"Mes Pochoirs"}],"product_cat":[{"value":241,"label":"G\u00e9om\u00e9triques"}],"product_tag":[{"value":676,"label":"contemporain"},{"value":232,"label":"g\u00e9om\u00e9trique"},{"value":247,"label":"losanges"},{"value":675,"label":"moderne"},{"value":521,"label":"motif"},{"value":333,"label":"pop art"},{"value":1256,"label":"zen"}]},"featured_image_src_large":["https:\/\/mes-pochoirs.com\/wp-content\/uploads\/2021\/11\/G0015-pochoir-geometrique-mes-pochoirs-com-858x1030.jpg",858,1030,true],"author_info":[],"comment_info":0,"_links":{"self":[{"href":"https:\/\/mes-pochoirs.com\/de\/wp-json\/wp\/v2\/product\/4042","targetHints":{"allow":["GET"]}}],"collection":[{"href":"https:\/\/mes-pochoirs.com\/de\/wp-json\/wp\/v2\/product"}],"about":[{"href":"https:\/\/mes-pochoirs.com\/de\/wp-json\/wp\/v2\/types\/product"}],"replies":[{"embeddable":true,"href":"https:\/\/mes-pochoirs.com\/de\/wp-json\/wp\/v2\/comments?post=4042"}],"wp:featuredmedia":[{"embeddable":true,"href":"https:\/\/mes-pochoirs.com\/de\/wp-json\/wp\/v2\/media\/4052"}],"wp:attachment":[{"href":"https:\/\/mes-pochoirs.com\/de\/wp-json\/wp\/v2\/media?parent=4042"}],"wp:term":[{"taxonomy":"product_brand","embeddable":true,"href":"https:\/\/mes-pochoirs.com\/de\/wp-json\/wp\/v2\/product_brand?post=4042"},{"taxonomy":"product_cat","embeddable":true,"href":"https:\/\/mes-pochoirs.com\/de\/wp-json\/wp\/v2\/product_cat?post=4042"},{"taxonomy":"product_tag","embeddable":true,"href":"https:\/\/mes-pochoirs.com\/de\/wp-json\/wp\/v2\/product_tag?post=4042"}],"curies":[{"name":"wp","href":"https:\/\/api.w.org\/{rel}","templated":true}]}}