{"id":4138,"date":"2021-11-25T14:32:04","date_gmt":"2021-11-25T14:32:04","guid":{"rendered":"https:\/\/mes-pochoirs.com\/?post_type=product&#038;p=4138"},"modified":"2025-10-31T11:42:16","modified_gmt":"2025-10-31T10:42:16","slug":"schablone-kreis-rosette-g0019","status":"publish","type":"product","link":"https:\/\/mes-pochoirs.com\/de\/produit\/pochoir-cercle-rosace-g0019","title":{"rendered":"Schablone Kreis Rosette - G0019"},"content":{"rendered":"<h2>Schablone Kreis Rosette<\/h2>\n<p><strong>Schablone Kreis Rosette<\/strong>Ein geometrisches Muster, das von nat\u00fcrlichen Formen und Mandalas inspiriert ist. Mit ihren zarten Kurven, die sich in perfekten konzentrischen Kreisen winden, erinnert diese Schablone gleichzeitig an Harmonie, Symmetrie und Bewegung. Jedes Detail wurde durchdacht, um einen hypnotisierenden visuellen Effekt zu erzielen, bei dem sich die Muster mit einer fast magischen Regelm\u00e4\u00dfigkeit wiederholen.<\/p>\n<p>Dieses Modell ist ideal, um eine Vielzahl von Untergr\u00fcnden zu versch\u00f6nern, sei es f\u00fcr Inneneinrichtungsprojekte, k\u00fcnstlerische Kreationen oder personalisierte Objekte. Es eignet sich f\u00fcr die Anwendung auf M\u00f6beln, W\u00e4nden, Leinw\u00e4nden, Notizb\u00fcchern, Stoffen oder Wohnaccessoires. Seine geometrische Spiralstruktur verleiht Modernit\u00e4t und Raffinesse, ohne dabei die organische Inspiration zu vernachl\u00e4ssigen, die an Rosetten und stilisierte Pflanzenmotive erinnert.<\/p>\n<p>Dank ihres pr\u00e4zisen und ausgewogenen Designs eignet sich diese Schablone besonders f\u00fcr diejenigen, die ein Zen-, Bohemian- oder zeitgen\u00f6ssisches Ambiente schaffen m\u00f6chten. Die Schablone kann auch in Dekorationsprojekte f\u00fcr Veranstaltungen, kreative Hobbys oder Wandkunst integriert werden. Er ist einfach zu verwenden und erm\u00f6glicht es Ihnen, in einem einzigen Durchgang ein sauberes und gleichm\u00e4\u00dfiges Ergebnis zu erzielen. Gleichzeitig bietet er die M\u00f6glichkeit, ihn mit anderen Motiven oder Techniken zu kombinieren, um noch originellere Kreationen zu schaffen.<\/p>\n<p>Ob Sie nun K\u00fcnstler, Handwerker, Dekorateur oder einfach nur ein DIY-Fan sind, diese Schablone er\u00f6ffnet Ihnen ein unendliches Feld an kreativen M\u00f6glichkeiten. Mit ihr k\u00f6nnen Sie ganz einfach einen gew\u00f6hnlichen Untergrund in ein einzigartiges Kunstwerk verwandeln, das jedem Projekt einen Hauch von Raffinesse und Originalit\u00e4t verleiht. Die regelm\u00e4\u00dfigen Kurven und die Tiefenwirkung, die durch die Wiederholung der Motive entsteht, machen diese Schablone zu einem zeitlosen und zugleich grafischen Modell.<\/p>","protected":false},"excerpt":{"rendered":"<p><strong>Schablone Kreis Rosette<\/strong> f\u00fcr Wanddekoration, M\u00f6belaufh\u00fcbschung, Hobby und DIY-Projekte mit einem raffinierten geometrischen Design.<\/p>","protected":false},"featured_media":4148,"comment_status":"open","ping_status":"closed","template":"","meta":{"bwfblock_default_font":"","_kad_blocks_custom_css":"","_kad_blocks_head_custom_js":"","_kad_blocks_body_custom_js":"","_kad_blocks_footer_custom_js":"","_kadence_starter_templates_imported_post":false,"_kad_post_transparent":"default","_kad_post_title":"","_kad_post_layout":"default","_kad_post_sidebar_id":"","_kad_post_content_style":"default","_kad_post_vertical_padding":"default","_kad_post_feature":"","_kad_post_feature_position":"","_kad_post_header":false,"_kad_post_footer":false,"_kad_post_classname":""},"product_brand":[1415],"product_cat":[241],"product_tag":[676,232,675,521,333,1428,1256],"class_list":{"0":"post-4138","1":"product","2":"type-product","3":"status-publish","4":"has-post-thumbnail","6":"product_brand-mes-pochoirs","7":"product_cat-pochoirs-geometriques","8":"product_tag-contemporain","9":"product_tag-geometrique","10":"product_tag-moderne","11":"product_tag-motif","12":"product_tag-pop-art","13":"product_tag-tissage","14":"product_tag-zen","16":"first","17":"instock","18":"taxable","19":"shipping-taxable","20":"purchasable","21":"product-type-variable","22":"has-default-attributes","23":"entry","24":"content-bg","25":"loop-entry"},"taxonomy_info":{"product_brand":[{"value":1415,"label":"Mes Pochoirs"}],"product_cat":[{"value":241,"label":"G\u00e9om\u00e9triques"}],"product_tag":[{"value":676,"label":"contemporain"},{"value":232,"label":"g\u00e9om\u00e9trique"},{"value":675,"label":"moderne"},{"value":521,"label":"motif"},{"value":333,"label":"pop art"},{"value":1428,"label":"tissage"},{"value":1256,"label":"zen"}]},"featured_image_src_large":["https:\/\/mes-pochoirs.com\/wp-content\/uploads\/2021\/11\/G0019-pochoir-geometrique-mes-pochoirs-com-858x1030.jpg",858,1030,true],"author_info":[],"comment_info":0,"_links":{"self":[{"href":"https:\/\/mes-pochoirs.com\/de\/wp-json\/wp\/v2\/product\/4138","targetHints":{"allow":["GET"]}}],"collection":[{"href":"https:\/\/mes-pochoirs.com\/de\/wp-json\/wp\/v2\/product"}],"about":[{"href":"https:\/\/mes-pochoirs.com\/de\/wp-json\/wp\/v2\/types\/product"}],"replies":[{"embeddable":true,"href":"https:\/\/mes-pochoirs.com\/de\/wp-json\/wp\/v2\/comments?post=4138"}],"wp:featuredmedia":[{"embeddable":true,"href":"https:\/\/mes-pochoirs.com\/de\/wp-json\/wp\/v2\/media\/4148"}],"wp:attachment":[{"href":"https:\/\/mes-pochoirs.com\/de\/wp-json\/wp\/v2\/media?parent=4138"}],"wp:term":[{"taxonomy":"product_brand","embeddable":true,"href":"https:\/\/mes-pochoirs.com\/de\/wp-json\/wp\/v2\/product_brand?post=4138"},{"taxonomy":"product_cat","embeddable":true,"href":"https:\/\/mes-pochoirs.com\/de\/wp-json\/wp\/v2\/product_cat?post=4138"},{"taxonomy":"product_tag","embeddable":true,"href":"https:\/\/mes-pochoirs.com\/de\/wp-json\/wp\/v2\/product_tag?post=4138"}],"curies":[{"name":"wp","href":"https:\/\/api.w.org\/{rel}","templated":true}]}}