{"id":4171,"date":"2021-11-25T14:47:23","date_gmt":"2021-11-25T14:47:23","guid":{"rendered":"https:\/\/mes-pochoirs.com\/?post_type=product&#038;p=4171"},"modified":"2026-01-27T15:57:20","modified_gmt":"2026-01-27T14:57:20","slug":"schablone-raster-g0022","status":"publish","type":"product","link":"https:\/\/mes-pochoirs.com\/de\/produit\/pochoir-quadrillage-g0022","title":{"rendered":"Schablone Raster - G0022"},"content":{"rendered":"<h2>Schablone Raster<\/h2>\n<p>Verleihen Sie all Ihren Kreationen Struktur und Eleganz mit unserem <strong>Schablone Raster<\/strong>Das zeitlose geometrische Design der Schablone ist von klassischen Gittermustern und minimalistischer \u00c4sthetik inspiriert. Diese Schablone besteht aus perfekt aneinandergereihten Quadraten, die ein harmonisches Gitter bilden, das Ihren Arbeiten Rhythmus und Gleichgewicht verleiht.<\/p>\n<p>Die Regelm\u00e4\u00dfigkeit und Pr\u00e4zision dieses Musters machen es zu einer \u00e4u\u00dferst vielseitigen Schablone. Sie ist ideal f\u00fcr eine Vielzahl von kreativen Anwendungen: Innendekoration, Wandgestaltung, M\u00f6belaufwertung, Hobby, Papierwaren, Scrapbooking oder auch k\u00fcnstlerische Kompositionen. Mit seinen klaren Linien lassen sich Hintergr\u00fcnde, Texturen oder grafische Elemente kreieren, die sich sowohl in moderne und industrielle Dekorationen als auch in ein schlichteres oder Boho-Ambiente einf\u00fcgen.<\/p>\n<p>Diese Schablone ist einfach zu positionieren und wiederverwendbar. Sie ist so konzipiert, dass sie sowohl f\u00fcr Anf\u00e4nger als auch f\u00fcr erfahrene Kreative geeignet ist. Ihre geometrische Einfachheit bietet unendlich viele M\u00f6glichkeiten: Sie k\u00f6nnen sie allein f\u00fcr einen strukturierten grafischen Effekt verwenden oder sie mit anderen Mustern und Techniken kombinieren, um komplexere und originellere Kreationen zu entwerfen. Wenn Sie mit Ausrichtungen, \u00dcberlagerungen oder Ma\u00dfst\u00e4ben spielen, erhalten Sie eine breite Palette an visuellen Effekten, die Ihren Projekten Tiefe und Charakter verleihen.<\/p>\n<p>Diese Schablone eignet sich perfekt zum Dekorieren zahlreicher Oberfl\u00e4chen wie W\u00e4nde, M\u00f6bel, Leinw\u00e4nde, Papier, Stoffe oder Alltagsgegenst\u00e4nde und wird schnell zu einem unverzichtbaren Werkzeug in Ihrer kreativen Welt werden. Egal, ob Sie einen Innenraum individuell gestalten, einzigartige k\u00fcnstlerische Werke schaffen oder Gegenst\u00e4nde versch\u00f6nern m\u00f6chten, die <strong>Schablone Raster<\/strong> erm\u00f6glicht es Ihnen, ein ordentliches, pr\u00e4zises und immer elegantes Ergebnis zu erzielen.<\/p>\n<p><strong>Wichtige Pr\u00e4zisierung :<\/strong><\/p>\n<p>Le nombre de carr\u00e9s reste identique, quelle que soit la taille du pochoir.<br \/>\nLa taille des carr\u00e9s s\u2019ajuste proportionnellement : plus le pochoir est grand, plus les carr\u00e9s sont grands.<\/p>\n<p><strong>Punktgr\u00f6\u00dfe je nach Schablonenformat :<\/strong><\/p>\n<p>\u2022 Pochoir 10 \u00d7 10 cm \u2192 1 carr\u00e9 = 0,4 cm<br \/>\n\u2022 Pochoir 15 \u00d7 15 cm \u2192 1 carr\u00e9 = 0,6 cm<br \/>\n\u2022 Pochoir 20 \u00d7 20 cm \u2192 1 carr\u00e9 = 0,8 cm<br \/>\n\u2022 Pochoir 30 \u00d7 30 cm \u2192 1 carr\u00e9 = 1,2 cm<br \/>\n\u2022 Pochoir 40 \u00d7 40 cm \u2192 1 carr\u00e9 = 1,6 cm<br \/>\n\u2022 Pochoir 50 \u00d7 50 cm \u2192 1 carr\u00e9 = 2 cm<br \/>\n\u2022 Pochoir 60 \u00d7 60 cm \u2192 1 carr\u00e9 = 2,4 cm<br \/>\n\u2022 Pochoir 70 \u00d7 70 cm \u2192 1 carr\u00e9 = 2,8 cm<br \/>\n\u2022 Pochoir 80 \u00d7 80 cm \u2192 1 carr\u00e9 = 3,2 cm<br \/>\n\u2022 Pochoir 90 \u00d7 90 cm \u2192 1 carr\u00e9 = 3,6 cm<br \/>\n\u2022 Pochoir 100 \u00d7 100 cm \u2192 1 carr\u00e9 = 4 cm<\/p>","protected":false},"excerpt":{"rendered":"<p><strong>Schablone Gitternetz<\/strong> um Ihre Bilder, Gegenst\u00e4nde oder W\u00e4nde zu sublimieren. Wiederverwendbar, hohe Qualit\u00e4t und in verschiedenen Gr\u00f6\u00dfen erh\u00e4ltlich.<\/p>","protected":false},"featured_media":4181,"comment_status":"open","ping_status":"closed","template":"","meta":{"bwfblock_default_font":"","_kad_blocks_custom_css":"","_kad_blocks_head_custom_js":"","_kad_blocks_body_custom_js":"","_kad_blocks_footer_custom_js":"","_kadence_starter_templates_imported_post":false,"_kad_post_transparent":"default","_kad_post_title":"","_kad_post_layout":"default","_kad_post_sidebar_id":"","_kad_post_content_style":"default","_kad_post_vertical_padding":"default","_kad_post_feature":"","_kad_post_feature_position":"","_kad_post_header":false,"_kad_post_footer":false,"_kad_post_classname":""},"product_brand":[1415],"product_cat":[241],"product_tag":[676,232,675,521,333,1428,1256],"class_list":{"0":"post-4171","1":"product","2":"type-product","3":"status-publish","4":"has-post-thumbnail","6":"product_brand-mes-pochoirs","7":"product_cat-pochoirs-geometriques","8":"product_tag-contemporain","9":"product_tag-geometrique","10":"product_tag-moderne","11":"product_tag-motif","12":"product_tag-pop-art","13":"product_tag-tissage","14":"product_tag-zen","16":"first","17":"instock","18":"taxable","19":"shipping-taxable","20":"purchasable","21":"product-type-variable","22":"entry","23":"content-bg","24":"loop-entry"},"taxonomy_info":{"product_brand":[{"value":1415,"label":"Mes Pochoirs"}],"product_cat":[{"value":241,"label":"G\u00e9om\u00e9triques"}],"product_tag":[{"value":676,"label":"contemporain"},{"value":232,"label":"g\u00e9om\u00e9trique"},{"value":675,"label":"moderne"},{"value":521,"label":"motif"},{"value":333,"label":"pop art"},{"value":1428,"label":"tissage"},{"value":1256,"label":"zen"}]},"featured_image_src_large":["https:\/\/mes-pochoirs.com\/wp-content\/uploads\/2021\/11\/G0022-pochoir-geometrique-mes-pochoirs-com-858x1030.jpg",858,1030,true],"author_info":[],"comment_info":0,"_links":{"self":[{"href":"https:\/\/mes-pochoirs.com\/de\/wp-json\/wp\/v2\/product\/4171","targetHints":{"allow":["GET"]}}],"collection":[{"href":"https:\/\/mes-pochoirs.com\/de\/wp-json\/wp\/v2\/product"}],"about":[{"href":"https:\/\/mes-pochoirs.com\/de\/wp-json\/wp\/v2\/types\/product"}],"replies":[{"embeddable":true,"href":"https:\/\/mes-pochoirs.com\/de\/wp-json\/wp\/v2\/comments?post=4171"}],"wp:featuredmedia":[{"embeddable":true,"href":"https:\/\/mes-pochoirs.com\/de\/wp-json\/wp\/v2\/media\/4181"}],"wp:attachment":[{"href":"https:\/\/mes-pochoirs.com\/de\/wp-json\/wp\/v2\/media?parent=4171"}],"wp:term":[{"taxonomy":"product_brand","embeddable":true,"href":"https:\/\/mes-pochoirs.com\/de\/wp-json\/wp\/v2\/product_brand?post=4171"},{"taxonomy":"product_cat","embeddable":true,"href":"https:\/\/mes-pochoirs.com\/de\/wp-json\/wp\/v2\/product_cat?post=4171"},{"taxonomy":"product_tag","embeddable":true,"href":"https:\/\/mes-pochoirs.com\/de\/wp-json\/wp\/v2\/product_tag?post=4171"}],"curies":[{"name":"wp","href":"https:\/\/api.w.org\/{rel}","templated":true}]}}