{"id":4758,"date":"2022-07-27T07:58:05","date_gmt":"2022-07-27T07:58:05","guid":{"rendered":"https:\/\/mes-pochoirs.com\/?post_type=product&#038;p=4758"},"modified":"2025-10-31T11:42:27","modified_gmt":"2025-10-31T10:42:27","slug":"schablone-ziegel-u0002","status":"publish","type":"product","link":"https:\/\/mes-pochoirs.com\/de\/produit\/pochoir-briques-u0002","title":{"rendered":"Schablone Ziegelsteine - U0002"},"content":{"rendered":"<h2>Schablone Ziegelsteine<\/h2>\n<p><strong>Schablone Ziegelsteine<\/strong> k\u00f6nnen Sie das authentische Aussehen einer gealterten Ziegelwand mit Patina nachbilden. Mit ihrem regelm\u00e4\u00dfigen, aber dezent abgenutzten Muster erinnert diese Schablone an die Backsteinw\u00e4nde von Industrie-Lofts, Stadtgassen oder Streetart-Szenen. Sie ist ideal, um Ihren Bildern, M\u00f6beln, W\u00e4nden oder Deko-Objekten einen strukturierten Hintergrund zu verleihen. Das Motiv ist einfach und stark zugleich und suggeriert Solidit\u00e4t, Charakter und Geschichte.<\/p>\n<p>Dank dieser <strong>Schablone Ziegelsteine<\/strong>k\u00f6nnen Sie einen einfachen Untergrund in ein Kunstwerk verwandeln, das mit Leben und Authentizit\u00e4t gef\u00fcllt zu sein scheint. Er eignet sich perfekt, um ein industrielles oder Vintage-Ambiente zu schaffen oder um Ihren Mal- oder Innendekorationsprojekten einen urbanen Touch zu verleihen. Er ist einfach zu verwenden, passt sich einer Vielzahl von Untergr\u00fcnden an und l\u00e4sst Ihrer Fantasie freien Lauf.<\/p>\n<h3>Ein industrieller, urbaner und vielseitiger Stil<\/h3>\n<p><strong>Schablone Ziegelsteine<\/strong> ist von den \u00e4sthetischen Codes des Industriedesigns und der Street Art inspiriert. Sein regelm\u00e4\u00dfiges Raster aus destrukturierten Ziegeln sorgt f\u00fcr eine trendige Optik und ist perfekt f\u00fcr K\u00fcnstler, die auf der Suche nach originellen Texturen sind. Sie passt sowohl in eine rohe Welt im Stil eines New Yorker Lofts als auch in modernere Kreativprojekte oder sogar Retroprojekte. Sie kann als Hintergrund f\u00fcr Graffiti-Schriftz\u00fcge, Banksy-Portr\u00e4ts oder abstraktere Werke dienen.<\/p>\n<p>Diese <strong>Schablone Ziegelsteine<\/strong> wird in hoher Qualit\u00e4t hergestellt, ist wiederverwendbar und in verschiedenen Gr\u00f6\u00dfen erh\u00e4ltlich, um all Ihren kreativen Bed\u00fcrfnissen gerecht zu werden. Sie ist ein idealer Verb\u00fcndeter f\u00fcr Maler, K\u00fcnstler, Heimwerker oder Dekorateure, die ihren Werken eine einzigartige und zeitlose Note verleihen m\u00f6chten. Mit dieser Schablone wird jede Kreation zu einer Wand, die neu erfunden werden kann, zu einem Raum f\u00fcr grenzenlosen Ausdruck.<\/p>","protected":false},"excerpt":{"rendered":"<p><strong data-start=\"1567\" data-end=\"1691\">Schablone Ziegelsteine <\/strong>Wiederverwendbar f\u00fcr Malerei, M\u00f6bel und Wanddekoration. Hohe Qualit\u00e4t, verschiedene Gr\u00f6\u00dfen, urbanes Industrial-Muster.<\/p>","protected":false},"featured_media":4768,"comment_status":"open","ping_status":"closed","template":"","meta":{"bwfblock_default_font":"","_kad_blocks_custom_css":"","_kad_blocks_head_custom_js":"","_kad_blocks_body_custom_js":"","_kad_blocks_footer_custom_js":"","_kadence_starter_templates_imported_post":false,"_kad_post_transparent":"default","_kad_post_title":"","_kad_post_layout":"default","_kad_post_sidebar_id":"","_kad_post_content_style":"default","_kad_post_vertical_padding":"default","_kad_post_feature":"","_kad_post_feature_position":"","_kad_post_header":false,"_kad_post_footer":false,"_kad_post_classname":""},"product_brand":[1415],"product_cat":[273,328],"product_tag":[435,433,434,327,286],"class_list":{"0":"post-4758","1":"product","2":"type-product","3":"status-publish","4":"has-post-thumbnail","6":"product_brand-mes-pochoirs","7":"product_cat-pochoirs-urbains","8":"product_cat-pochoirs-street-art","9":"product_tag-briques","10":"product_tag-mur","11":"product_tag-mural","12":"product_tag-street-art","13":"product_tag-urbain","15":"first","16":"instock","17":"taxable","18":"shipping-taxable","19":"purchasable","20":"product-type-variable","21":"has-default-attributes","22":"entry","23":"content-bg","24":"loop-entry"},"taxonomy_info":{"product_brand":[{"value":1415,"label":"Mes Pochoirs"}],"product_cat":[{"value":273,"label":"Urbains"},{"value":328,"label":"Street Art"}],"product_tag":[{"value":435,"label":"briques"},{"value":433,"label":"mur"},{"value":434,"label":"mural"},{"value":327,"label":"street art"},{"value":286,"label":"urbain"}]},"featured_image_src_large":["https:\/\/mes-pochoirs.com\/wp-content\/uploads\/2022\/07\/U0002-pochoir-mur-briques-mes-pochoirs-com-858x1030.jpg",858,1030,true],"author_info":[],"comment_info":6,"_links":{"self":[{"href":"https:\/\/mes-pochoirs.com\/de\/wp-json\/wp\/v2\/product\/4758","targetHints":{"allow":["GET"]}}],"collection":[{"href":"https:\/\/mes-pochoirs.com\/de\/wp-json\/wp\/v2\/product"}],"about":[{"href":"https:\/\/mes-pochoirs.com\/de\/wp-json\/wp\/v2\/types\/product"}],"replies":[{"embeddable":true,"href":"https:\/\/mes-pochoirs.com\/de\/wp-json\/wp\/v2\/comments?post=4758"}],"wp:featuredmedia":[{"embeddable":true,"href":"https:\/\/mes-pochoirs.com\/de\/wp-json\/wp\/v2\/media\/4768"}],"wp:attachment":[{"href":"https:\/\/mes-pochoirs.com\/de\/wp-json\/wp\/v2\/media?parent=4758"}],"wp:term":[{"taxonomy":"product_brand","embeddable":true,"href":"https:\/\/mes-pochoirs.com\/de\/wp-json\/wp\/v2\/product_brand?post=4758"},{"taxonomy":"product_cat","embeddable":true,"href":"https:\/\/mes-pochoirs.com\/de\/wp-json\/wp\/v2\/product_cat?post=4758"},{"taxonomy":"product_tag","embeddable":true,"href":"https:\/\/mes-pochoirs.com\/de\/wp-json\/wp\/v2\/product_tag?post=4758"}],"curies":[{"name":"wp","href":"https:\/\/api.w.org\/{rel}","templated":true}]}}