{"id":4770,"date":"2022-07-27T08:02:16","date_gmt":"2022-07-27T08:02:16","guid":{"rendered":"https:\/\/mes-pochoirs.com\/?post_type=product&#038;p=4770"},"modified":"2025-10-31T11:42:29","modified_gmt":"2025-10-31T10:42:29","slug":"schablone-ziegelmauer-u0003","status":"publish","type":"product","link":"https:\/\/mes-pochoirs.com\/de\/produit\/pochoir-mur-de-briques-u0003","title":{"rendered":"Schablone Ziegelmauer - U0003"},"content":{"rendered":"<h2>Schablone Ziegelmauer<\/h2>\n<p><strong>Schablone Ziegelmauer<\/strong> versetzt Sie mit einem gealterten, leicht br\u00f6ckelnden Ziegelsteinmuster in das Herz urbaner Gassen und Industriekulissen. Diese Schablone reproduziert realistisch die Abnutzung der Zeit und bietet einen strukturierten visuellen Effekt, der an patinierte Fassaden, New Yorker Loftw\u00e4nde oder Streetart-Szenen erinnert. Sie ist ideal, um charaktervolle Stimmungen auf Ihren Bildern, W\u00e4nden, M\u00f6beln oder kreativen Objekten zu erzeugen.<\/p>\n<p>Mit dem <strong>Schablone Ziegelmauer<\/strong>Jeder Pinselstrich wird zu einer Einladung, eine raue und authentische Welt zu erkunden. Stellen Sie sich Ihre Kunstwerke mit diesem Hintergrund aus besch\u00e4digten Ziegeln vor, der perfekt ist, um Graffiti-Schriftz\u00fcge, Silhouetten oder abstraktere Kunstwerke zu veredeln. Diese Schablone ist ein echter Trumpf, um Ihre DIY-Deko zu bereichern oder einzigartige Kunstprojekte zum Leben zu erwecken.<\/p>\n<h3>Ein industrieller, gealterter und konsequent urbaner Stil<\/h3>\n<p><strong>Schablone Ziegelmauer<\/strong> ist von der \u00c4sthetik der Industrie und der Street Art inspiriert und bietet eine ausdrucksstarke visuelle Textur. Sein Muster aus unregelm\u00e4\u00dfigen, verwitterten Ziegeln erinnert an alte Backsteinmauern, verlassene Lagerh\u00e4user oder auch an urbane Filmkulissen. Diese Schablone passt perfekt zu Kreationen im rohen, Vintage-, Grunge- oder zeitgen\u00f6ssischen Stil.<\/p>\n<p>Vielseitig, dieser <strong>Schablone Ziegelmauer<\/strong> wird in hoher Qualit\u00e4t hergestellt, ist wiederverwendbar, beidseitig verwendbar und in verschiedenen Gr\u00f6\u00dfen erh\u00e4ltlich, um sich an alle Ihre Untergr\u00fcnde anzupassen: Leinw\u00e4nde, W\u00e4nde, M\u00f6bel oder Accessoires. Ob Sie nun Maler, Dekorationsliebhaber oder DIY-Fan sind, mit dieser Schablone k\u00f6nnen Sie Ihre Projekte ganz einfach in einzigartige Werke voller Relief und Authentizit\u00e4t verwandeln.<\/p>","protected":false},"excerpt":{"rendered":"<p>Diese urbane Schablone Ziegelmauer wird in unserem Atelier in Frankreich hergestellt.<br \/>\nSie k\u00f6nnen die gew\u00fcnschte Gr\u00f6\u00dfe aus dem Dropdown-Men\u00fc ausw\u00e4hlen.<\/p>","protected":false},"featured_media":4769,"comment_status":"open","ping_status":"closed","template":"","meta":{"bwfblock_default_font":"","_kad_blocks_custom_css":"","_kad_blocks_head_custom_js":"","_kad_blocks_body_custom_js":"","_kad_blocks_footer_custom_js":"","_kadence_starter_templates_imported_post":false,"_kad_post_transparent":"default","_kad_post_title":"","_kad_post_layout":"default","_kad_post_sidebar_id":"","_kad_post_content_style":"default","_kad_post_vertical_padding":"default","_kad_post_feature":"","_kad_post_feature_position":"","_kad_post_header":false,"_kad_post_footer":false,"_kad_post_classname":""},"product_brand":[1415],"product_cat":[273,328],"product_tag":[435,433,434,327,286],"class_list":{"0":"post-4770","1":"product","2":"type-product","3":"status-publish","4":"has-post-thumbnail","6":"product_brand-mes-pochoirs","7":"product_cat-pochoirs-urbains","8":"product_cat-pochoirs-street-art","9":"product_tag-briques","10":"product_tag-mur","11":"product_tag-mural","12":"product_tag-street-art","13":"product_tag-urbain","15":"first","16":"instock","17":"taxable","18":"shipping-taxable","19":"purchasable","20":"product-type-variable","21":"has-default-attributes","22":"entry","23":"content-bg","24":"loop-entry"},"taxonomy_info":{"product_brand":[{"value":1415,"label":"Mes Pochoirs"}],"product_cat":[{"value":273,"label":"Urbains"},{"value":328,"label":"Street Art"}],"product_tag":[{"value":435,"label":"briques"},{"value":433,"label":"mur"},{"value":434,"label":"mural"},{"value":327,"label":"street art"},{"value":286,"label":"urbain"}]},"featured_image_src_large":["https:\/\/mes-pochoirs.com\/wp-content\/uploads\/2022\/07\/U0003-pochoir-mur-briques-mes-pochoirs-com-858x1030.jpg",858,1030,true],"author_info":[],"comment_info":2,"_links":{"self":[{"href":"https:\/\/mes-pochoirs.com\/de\/wp-json\/wp\/v2\/product\/4770","targetHints":{"allow":["GET"]}}],"collection":[{"href":"https:\/\/mes-pochoirs.com\/de\/wp-json\/wp\/v2\/product"}],"about":[{"href":"https:\/\/mes-pochoirs.com\/de\/wp-json\/wp\/v2\/types\/product"}],"replies":[{"embeddable":true,"href":"https:\/\/mes-pochoirs.com\/de\/wp-json\/wp\/v2\/comments?post=4770"}],"wp:featuredmedia":[{"embeddable":true,"href":"https:\/\/mes-pochoirs.com\/de\/wp-json\/wp\/v2\/media\/4769"}],"wp:attachment":[{"href":"https:\/\/mes-pochoirs.com\/de\/wp-json\/wp\/v2\/media?parent=4770"}],"wp:term":[{"taxonomy":"product_brand","embeddable":true,"href":"https:\/\/mes-pochoirs.com\/de\/wp-json\/wp\/v2\/product_brand?post=4770"},{"taxonomy":"product_cat","embeddable":true,"href":"https:\/\/mes-pochoirs.com\/de\/wp-json\/wp\/v2\/product_cat?post=4770"},{"taxonomy":"product_tag","embeddable":true,"href":"https:\/\/mes-pochoirs.com\/de\/wp-json\/wp\/v2\/product_tag?post=4770"}],"curies":[{"name":"wp","href":"https:\/\/api.w.org\/{rel}","templated":true}]}}