{"id":4821,"date":"2022-09-07T08:03:11","date_gmt":"2022-09-07T08:03:11","guid":{"rendered":"https:\/\/mes-pochoirs.com\/?post_type=product&#038;p=4821"},"modified":"2025-10-31T11:42:31","modified_gmt":"2025-10-31T10:42:31","slug":"schablone-freiheitsstatue-ny0003","status":"publish","type":"product","link":"https:\/\/mes-pochoirs.com\/de\/produit\/pochoir-statue-de-la-liberte-ny0003","title":{"rendered":"Schablone Freiheitsstatue - NY0003"},"content":{"rendered":"<h2>Schablone Freiheitsstatue<\/h2>\n<p><strong>Schablone Freiheitsstatue<\/strong> bringt Sie mit diesem symboltr\u00e4chtigen Motiv, das voller Bedeutung und Geschichte steckt, direkt ins Herz von New York. Die Freiheitsstatue ist eine universelle Ikone und verk\u00f6rpert Freiheit, Hoffnung und Weltoffenheit. Mit dieser Schablone verleihen Sie Ihren Kreationen eine starke und zeitlose Botschaft, eine Einladung zu Reisen und Entdeckungen. Ob auf einem Gem\u00e4lde, einer Wand, einem M\u00f6belst\u00fcck oder einem DIY-Kunstwerk, diese Schablone zieht den Blick auf sich und weckt vertr\u00e4umte Geister.<\/p>\n<p>Mit dem <strong>Schablone Freiheitsstatue<\/strong>Wenn Sie einen Raum mit amerikanischem Akzent einrichten, k\u00f6nnen Sie eine urbane und kosmopolitische Atmosph\u00e4re schaffen. Er erinnert sowohl an die Gr\u00f6\u00dfe von New York als auch an die Werte von Freiheit und grenzenloser Kreativit\u00e4t. Ein perfekter Hintergrund f\u00fcr pers\u00f6nliche oder professionelle Kunstprojekte, die eine Geschichte erz\u00e4hlen m\u00f6chten.<\/p>\n<h3>Ein von New York inspirierter urbaner und grafischer Stil<\/h3>\n<p><strong>Schablone Freiheitsstatue<\/strong> hat einen klaren und ausdrucksstarken Grafikstil, der eine Mischung aus amerikanischem Vintage und zeitgen\u00f6ssischer Street Art darstellt. Das Schablonendesign hebt die legend\u00e4re Silhouette von Lady Liberty hervor, die von einem Sternenkreis und den Schriftz\u00fcgen \"USA\" und \"NEW YORK\" umgeben ist - eine Anspielung auf die Embleme der amerikanischen Kultur. Diese starke und elegante visuelle Komposition l\u00e4sst sich leicht in verschiedene kreative Welten integrieren: Wandmalerei, Innendekoration, moderne Gem\u00e4lde oder selbst gestaltete Objekte.<\/p>\n<p>Diese <strong>Schablone Freiheitsstatue<\/strong> ist hochwertig verarbeitet, wiederverwendbar, beidseitig verwendbar und in verschiedenen Gr\u00f6\u00dfen erh\u00e4ltlich, um sich all Ihren kreativen W\u00fcnschen anzupassen. Sie erm\u00f6glicht es Malern, Deko-Fans oder DIY-Enthusiasten, originelle, inspirierende und charakterstarke Kunstwerke zum Leben zu erwecken. Ein einzigartiger amerikanischer Touch, um Ihren Medien eine pers\u00f6nliche Note zu verleihen und Ihren Stil zu unterstreichen.<\/p>\n<h3><\/h3>","protected":false},"excerpt":{"rendered":"<p>Diese Schablone Freiheitsstatue wird in unserem Atelier in Frankreich hergestellt.<br \/>\nSie k\u00f6nnen die gew\u00fcnschte Gr\u00f6\u00dfe aus dem Dropdown-Men\u00fc ausw\u00e4hlen.<\/p>","protected":false},"featured_media":4811,"comment_status":"open","ping_status":"closed","template":"","meta":{"bwfblock_default_font":"","_kad_blocks_custom_css":"","_kad_blocks_head_custom_js":"","_kad_blocks_body_custom_js":"","_kad_blocks_footer_custom_js":"","_kadence_starter_templates_imported_post":false,"_kad_post_transparent":"default","_kad_post_title":"","_kad_post_layout":"default","_kad_post_sidebar_id":"","_kad_post_content_style":"default","_kad_post_vertical_padding":"default","_kad_post_feature":"","_kad_post_feature_position":"","_kad_post_header":false,"_kad_post_footer":false,"_kad_post_classname":""},"product_brand":[1415],"product_cat":[291,732,315,290],"product_tag":[292,294,293,276],"class_list":{"0":"post-4821","1":"product","2":"type-product","3":"status-publish","4":"has-post-thumbnail","6":"product_brand-mes-pochoirs","7":"product_cat-pochoirs-new-york","8":"product_cat-pochoirs-icones-celebrites","9":"product_cat-pochoirs-symboles","10":"product_cat-pochoirs-villes","11":"product_tag-new-york","12":"product_tag-statue-liberte","13":"product_tag-usa","14":"product_tag-ville","16":"first","17":"instock","18":"taxable","19":"shipping-taxable","20":"purchasable","21":"product-type-variable","22":"has-default-attributes","23":"entry","24":"content-bg","25":"loop-entry"},"taxonomy_info":{"product_brand":[{"value":1415,"label":"Mes Pochoirs"}],"product_cat":[{"value":291,"label":"New York"},{"value":732,"label":"Ic\u00f4nes &amp; C\u00e9l\u00e9brit\u00e9s"},{"value":315,"label":"Symboles"},{"value":290,"label":"Villes"}],"product_tag":[{"value":292,"label":"New York"},{"value":294,"label":"Statue Libert\u00e9"},{"value":293,"label":"USA"},{"value":276,"label":"ville"}]},"featured_image_src_large":["https:\/\/mes-pochoirs.com\/wp-content\/uploads\/2022\/09\/NY0003-pochoir-statue-liberte-mes-pochoirs-com-copy-858x1030.jpg",858,1030,true],"author_info":[],"comment_info":1,"_links":{"self":[{"href":"https:\/\/mes-pochoirs.com\/de\/wp-json\/wp\/v2\/product\/4821","targetHints":{"allow":["GET"]}}],"collection":[{"href":"https:\/\/mes-pochoirs.com\/de\/wp-json\/wp\/v2\/product"}],"about":[{"href":"https:\/\/mes-pochoirs.com\/de\/wp-json\/wp\/v2\/types\/product"}],"replies":[{"embeddable":true,"href":"https:\/\/mes-pochoirs.com\/de\/wp-json\/wp\/v2\/comments?post=4821"}],"wp:featuredmedia":[{"embeddable":true,"href":"https:\/\/mes-pochoirs.com\/de\/wp-json\/wp\/v2\/media\/4811"}],"wp:attachment":[{"href":"https:\/\/mes-pochoirs.com\/de\/wp-json\/wp\/v2\/media?parent=4821"}],"wp:term":[{"taxonomy":"product_brand","embeddable":true,"href":"https:\/\/mes-pochoirs.com\/de\/wp-json\/wp\/v2\/product_brand?post=4821"},{"taxonomy":"product_cat","embeddable":true,"href":"https:\/\/mes-pochoirs.com\/de\/wp-json\/wp\/v2\/product_cat?post=4821"},{"taxonomy":"product_tag","embeddable":true,"href":"https:\/\/mes-pochoirs.com\/de\/wp-json\/wp\/v2\/product_tag?post=4821"}],"curies":[{"name":"wp","href":"https:\/\/api.w.org\/{rel}","templated":true}]}}