{"id":5605,"date":"2022-09-30T14:09:19","date_gmt":"2022-09-30T14:09:19","guid":{"rendered":"https:\/\/mes-pochoirs.com\/?post_type=product&#038;p=5605"},"modified":"2025-10-31T11:46:33","modified_gmt":"2025-10-31T10:46:33","slug":"schablone-hippie-blume-f0036","status":"publish","type":"product","link":"https:\/\/mes-pochoirs.com\/de\/produit\/pochoir-fleur-hippie-f0036","title":{"rendered":"Schablone Hippie-Blume - F0036"},"content":{"rendered":"<h2>Schablone Hippie-Blume<\/h2>\n<p>Die <strong>Schablone Hippie-Blume<\/strong> verk\u00f6rpert auf wunderbare Weise den fr\u00f6hlichen und unbeschwerten Geist der 70er Jahre. Als universelles Symbol f\u00fcr Frieden, Liebe und Freiheit erinnert diese Blume mit ihrem gro\u00dfz\u00fcgigen, abgerundeten Design sofort an die Lebensfreude und die positiven Schwingungen der Hippie-Bewegung. Jedes Bl\u00fctenblatt entfaltet eine poetische Schlichtheit, die zu ungezwungener Kreativit\u00e4t einl\u00e4dt, in einem Schwung von Spontanit\u00e4t und Leichtigkeit.<\/p>\n<p>Ideal zum Dekorieren von Bildern, W\u00e4nden, M\u00f6beln oder Alltagsgegenst\u00e4nden ist die <strong>Schablone Hippie-Blume<\/strong> transportiert Ihre Werke in eine bunte, inspirierende Boh\u00e8me-Welt. Ob Sie nun eine warme Inneneinrichtung zum Leben erwecken oder einem kreativen Projekt eine pers\u00f6nliche Note verleihen wollen, diese Schablone wird all Ihren Werken eine einzigartige und fr\u00f6hliche Note verleihen.<\/p>\n<h3>Ein einfacher, ausdrucksstarker Grafikstil f\u00fcr grenzenlose Kreativit\u00e4t<\/h3>\n<p>Die <strong>Schablone Hippie-Blume<\/strong> besticht durch sein schlichtes Design und seine runden Grafiken, die perfekt sind, um einer freien Kreativit\u00e4t Ausdruck zu verleihen, die f\u00fcr alle zug\u00e4nglich ist. Seine klare und harmonische Linienf\u00fchrung erleichtert das Auftragen auf einer Vielzahl von Untergr\u00fcnden: Wandmalerei, M\u00f6bel, Leinwand oder Textilien. Dieses zeitlose Motiv eignet sich sowohl f\u00fcr minimalistische Kompositionen als auch f\u00fcr farbenfrohe und energiegeladene Werke.<\/p>\n<p>Wiederverwendbar, beidseitig verwendbar und in verschiedenen Gr\u00f6\u00dfen erh\u00e4ltlich, ist der <strong>Schablone Hippie-Blume<\/strong> wurde f\u00fcr Maler, Heimwerker und Dekorationsliebhaber entwickelt, die ihre Pers\u00f6nlichkeit durch einzigartige Kreationen zum Ausdruck bringen m\u00f6chten. Seine hohe Qualit\u00e4t garantiert eine perfekte Verarbeitung und sorgt f\u00fcr ein gepflegtes k\u00fcnstlerisches Ergebnis, das gute Laune und den Geist der Boh\u00e8me verspr\u00fcht.<\/p>","protected":false},"excerpt":{"rendered":"<p><strong>Schablone Hippie-Blume<\/strong> f\u00fcr Gem\u00e4lde, Bilder oder Boho-Dekoration. Hohe Qualit\u00e4t, wiederverwendbar, beidseitig verwendbar, mehrere Gr\u00f6\u00dfen zur Auswahl.<\/p>","protected":false},"featured_media":5615,"comment_status":"open","ping_status":"closed","template":"","meta":{"bwfblock_default_font":"","_kad_blocks_custom_css":"","_kad_blocks_head_custom_js":"","_kad_blocks_body_custom_js":"","_kad_blocks_footer_custom_js":"","_kadence_starter_templates_imported_post":false,"_kad_post_transparent":"default","_kad_post_title":"","_kad_post_layout":"default","_kad_post_sidebar_id":"","_kad_post_content_style":"default","_kad_post_vertical_padding":"default","_kad_post_feature":"","_kad_post_feature_position":"","_kad_post_header":false,"_kad_post_footer":false,"_kad_post_classname":""},"product_brand":[1415],"product_cat":[51],"product_tag":[50,317,318],"class_list":{"0":"post-5605","1":"product","2":"type-product","3":"status-publish","4":"has-post-thumbnail","6":"product_brand-mes-pochoirs","7":"product_cat-pochoirs-fleurs","8":"product_tag-fleur","9":"product_tag-hippie","10":"product_tag-hippy","12":"first","13":"instock","14":"taxable","15":"shipping-taxable","16":"purchasable","17":"product-type-variable","18":"has-default-attributes","19":"entry","20":"content-bg","21":"loop-entry"},"taxonomy_info":{"product_brand":[{"value":1415,"label":"Mes Pochoirs"}],"product_cat":[{"value":51,"label":"Fleurs"}],"product_tag":[{"value":50,"label":"fleur"},{"value":317,"label":"hippie"},{"value":318,"label":"hippy"}]},"featured_image_src_large":["https:\/\/mes-pochoirs.com\/wp-content\/uploads\/2022\/09\/pochoir-fleur-hippie-mes-pochoirs-com-858x1030.jpg",858,1030,true],"author_info":[],"comment_info":0,"_links":{"self":[{"href":"https:\/\/mes-pochoirs.com\/de\/wp-json\/wp\/v2\/product\/5605","targetHints":{"allow":["GET"]}}],"collection":[{"href":"https:\/\/mes-pochoirs.com\/de\/wp-json\/wp\/v2\/product"}],"about":[{"href":"https:\/\/mes-pochoirs.com\/de\/wp-json\/wp\/v2\/types\/product"}],"replies":[{"embeddable":true,"href":"https:\/\/mes-pochoirs.com\/de\/wp-json\/wp\/v2\/comments?post=5605"}],"wp:featuredmedia":[{"embeddable":true,"href":"https:\/\/mes-pochoirs.com\/de\/wp-json\/wp\/v2\/media\/5615"}],"wp:attachment":[{"href":"https:\/\/mes-pochoirs.com\/de\/wp-json\/wp\/v2\/media?parent=5605"}],"wp:term":[{"taxonomy":"product_brand","embeddable":true,"href":"https:\/\/mes-pochoirs.com\/de\/wp-json\/wp\/v2\/product_brand?post=5605"},{"taxonomy":"product_cat","embeddable":true,"href":"https:\/\/mes-pochoirs.com\/de\/wp-json\/wp\/v2\/product_cat?post=5605"},{"taxonomy":"product_tag","embeddable":true,"href":"https:\/\/mes-pochoirs.com\/de\/wp-json\/wp\/v2\/product_tag?post=5605"}],"curies":[{"name":"wp","href":"https:\/\/api.w.org\/{rel}","templated":true}]}}