{"id":5651,"date":"2022-09-30T14:42:32","date_gmt":"2022-09-30T14:42:32","guid":{"rendered":"https:\/\/mes-pochoirs.com\/?post_type=product&#038;p=5651"},"modified":"2025-10-31T11:46:40","modified_gmt":"2025-10-31T10:46:40","slug":"schablone-peace-love-s0003","status":"publish","type":"product","link":"https:\/\/mes-pochoirs.com\/de\/produit\/pochoir-peace-love-s0003","title":{"rendered":"Schablone Peace &amp; Love - S0003"},"content":{"rendered":"<h2>Schablone Peace &amp; Love<\/h2>\n<p><strong>Schablone Peace &amp; Love<\/strong> Dieses symboltr\u00e4chtige Motiv \u00fcberdauert Generationen und Kulturen. Hier enth\u00fcllt sich das ber\u00fchmte Friedenssymbol in einer schlagkr\u00e4ftigen Version, die von Farbverl\u00e4ufen unterstrichen wird, die an einen spontanen, fast militanten Ausdruck erinnern. Diese Schablone erinnert gleichzeitig an Gewaltlosigkeit, Freiheit und das Engagement f\u00fcr eine gerechtere Welt. Sie verk\u00f6rpert einen einfachen und direkten visuellen Schrei nach Frieden, den man sich auf einer Wand, einer Leinwand oder einer alten, \u00fcberarbeiteten Jeans vorstellen kann... Es ist ein Motiv, das niemanden gleichg\u00fcltig l\u00e4sst.<\/p>\n<h3>Ein roher und ausdrucksstarker Streetart-Stil<\/h3>\n<p><strong>Schablone Peace &amp; Love<\/strong> Das Design dieser Schablone ist ganz im Stil der Street Art gehalten, mit den typischen Rinnsalen einer frisch aufgetragenen Spraydose. Der \"Dripping\"-Effekt verleiht dem Ganzen einen lebendigen und energiegeladenen Charakter - perfekt f\u00fcr alle, die einen urbanen und engagierten Touch in ihre Kreationen einflie\u00dfen lassen m\u00f6chten. Diese hochwertige Schablone ist wiederverwendbar und in verschiedenen Gr\u00f6\u00dfen erh\u00e4ltlich, sodass sie sich ideal zum Dekorieren von Bildern, M\u00f6beln oder zum Erstellen eines kraftvollen Wandkunstwerks eignet. Sie eignet sich f\u00fcr K\u00fcnstler, Dekorateure und DIY-Fans, die mit Stil und \u00dcberzeugung ein Zeichen setzen wollen.<\/p>\n<h3><\/h3>","protected":false},"excerpt":{"rendered":"<p><strong data-start=\"1576\" data-end=\"1608\">Schablone Peace &amp; Love<\/strong>Die Farbe ist perfekt f\u00fcr Wandmalereien, Wandarbeiten oder Leinw\u00e4nde. Hohe Qualit\u00e4t, wiederverwendbar und beidseitig verwendbar.<\/p>","protected":false},"featured_media":5580,"comment_status":"open","ping_status":"closed","template":"","meta":{"bwfblock_default_font":"","_kad_blocks_custom_css":"","_kad_blocks_head_custom_js":"","_kad_blocks_body_custom_js":"","_kad_blocks_footer_custom_js":"","_kadence_starter_templates_imported_post":false,"_kad_post_transparent":"default","_kad_post_title":"","_kad_post_layout":"default","_kad_post_sidebar_id":"","_kad_post_content_style":"default","_kad_post_vertical_padding":"default","_kad_post_feature":"","_kad_post_feature_position":"","_kad_post_header":false,"_kad_post_footer":false,"_kad_post_classname":""},"product_brand":[1415],"product_cat":[315,1138],"product_tag":[285,296,321,324,287,286],"class_list":{"0":"post-5651","1":"product","2":"type-product","3":"status-publish","4":"has-post-thumbnail","6":"product_brand-mes-pochoirs","7":"product_cat-pochoirs-symboles","8":"product_cat-pochoirs-saint-valentin","9":"product_tag-graffiti","10":"product_tag-love","11":"product_tag-peace","12":"product_tag-symbole","13":"product_tag-tag","14":"product_tag-urbain","16":"first","17":"instock","18":"taxable","19":"shipping-taxable","20":"purchasable","21":"product-type-variable","22":"has-default-attributes","23":"entry","24":"content-bg","25":"loop-entry"},"taxonomy_info":{"product_brand":[{"value":1415,"label":"Mes Pochoirs"}],"product_cat":[{"value":315,"label":"Symboles"},{"value":1138,"label":"Saint-Valentin"}],"product_tag":[{"value":285,"label":"graffiti"},{"value":296,"label":"Love"},{"value":321,"label":"peace"},{"value":324,"label":"symbole"},{"value":287,"label":"tag"},{"value":286,"label":"urbain"}]},"featured_image_src_large":["https:\/\/mes-pochoirs.com\/wp-content\/uploads\/2022\/09\/S0003-pochoir-peace-and-love-grand-mes-pochoirs-com-858x1030.jpg",858,1030,true],"author_info":[],"comment_info":5,"_links":{"self":[{"href":"https:\/\/mes-pochoirs.com\/de\/wp-json\/wp\/v2\/product\/5651","targetHints":{"allow":["GET"]}}],"collection":[{"href":"https:\/\/mes-pochoirs.com\/de\/wp-json\/wp\/v2\/product"}],"about":[{"href":"https:\/\/mes-pochoirs.com\/de\/wp-json\/wp\/v2\/types\/product"}],"replies":[{"embeddable":true,"href":"https:\/\/mes-pochoirs.com\/de\/wp-json\/wp\/v2\/comments?post=5651"}],"wp:featuredmedia":[{"embeddable":true,"href":"https:\/\/mes-pochoirs.com\/de\/wp-json\/wp\/v2\/media\/5580"}],"wp:attachment":[{"href":"https:\/\/mes-pochoirs.com\/de\/wp-json\/wp\/v2\/media?parent=5651"}],"wp:term":[{"taxonomy":"product_brand","embeddable":true,"href":"https:\/\/mes-pochoirs.com\/de\/wp-json\/wp\/v2\/product_brand?post=5651"},{"taxonomy":"product_cat","embeddable":true,"href":"https:\/\/mes-pochoirs.com\/de\/wp-json\/wp\/v2\/product_cat?post=5651"},{"taxonomy":"product_tag","embeddable":true,"href":"https:\/\/mes-pochoirs.com\/de\/wp-json\/wp\/v2\/product_tag?post=5651"}],"curies":[{"name":"wp","href":"https:\/\/api.w.org\/{rel}","templated":true}]}}