{"id":9407,"date":"2023-07-13T12:28:58","date_gmt":"2023-07-13T10:28:58","guid":{"rendered":"https:\/\/mes-pochoirs.com\/?post_type=product&#038;p=9407"},"modified":"2025-10-31T11:56:43","modified_gmt":"2025-10-31T10:56:43","slug":"schablone-fuchskopf-a0004","status":"publish","type":"product","link":"https:\/\/mes-pochoirs.com\/de\/produit\/pochoir-tete-de-renard-a0004","title":{"rendered":"Schablone Fuchskopf - A0004"},"content":{"rendered":"<h2>Schablone Fuchskopf<\/h2>\n<p><strong>Schablone Fuchskopf<\/strong> Diese Schablone verk\u00f6rpert die ganze Subtilit\u00e4t des Fuchses, eines Tieres, das ebenso schlau wie elegant ist. Sein scharfer und direkter Blick schafft eine magnetische Pr\u00e4senz, die sofort die Aufmerksamkeit auf sich zieht. Als Symbol f\u00fcr Intelligenz, Finesse und Gewandtheit fasziniert der Fuchs seit jeher durch seine Diskretion und seinen listigen Geist. Dieses Motiv erinnert an eine ruhige Form der Wachsamkeit, an ein tierisches Bewusstsein, das bereit ist zu springen.<\/p>\n<p>Diese Schablone ist ideal f\u00fcr alle, die eine wilde, aber raffinierte Note in ihr Kunstwerk einbringen wollen. Sie richtet sich an Designer, die auf der Suche nach ausdrucksstarken Symbolen, Charakter und Geheimnis sind. Der Fuchs hier ist nicht nur ein Tier, sondern ein stiller Bote mit einem lebhaften Herzen.<\/p>\n<h3>Pr\u00e4zises, fl\u00fcssiges und ausdrucksstarkes Grafikdesign<\/h3>\n<p><strong>Schablone Fuchskopf<\/strong> Der Stil dieser Schablone beruht auf einer feinen, kontrollierten Komposition, bei der jeder Ausschnitt sowohl die Struktur des Fells als auch die Lebendigkeit des Strichs andeutet. Die flie\u00dfenden und kantigen Linien erzeugen einen dynamischen und eleganten visuellen Effekt, der sich ideal f\u00fcr Kreationen auf Leinwand, Wand, Holz oder Stoff eignet. Seine \u00c4sthetik ist eine Kreuzung aus stilisiertem Tattoo und zeitgen\u00f6ssischer urbaner Kunst.<\/p>\n<p>Diese <strong>Schablone Fuchskopf<\/strong> ist aus hochwertigem Material gefertigt, wiederverwendbar, beidseitig verwendbar und in verschiedenen Gr\u00f6\u00dfen erh\u00e4ltlich, sodass sie sich f\u00fcr jedes Kunstprojekt eignet. Perfekt, um Ihrer Malerei oder Dekoration einen lebhaften, raffinierten und wilden grafischen Touch zu verleihen, wird diese Schablone zu einem ebenso kreativen wie effektiven Gestaltungsmittel.<\/p>","protected":false},"excerpt":{"rendered":"<p><strong>Schablone Fuchskopf<\/strong> zum Erstellen von stilisierten Gem\u00e4lden. Wiederverwendbar, beidseitig verwendbar, in verschiedenen Gr\u00f6\u00dfen. Hochwertiges Werkzeug.<\/p>","protected":false},"featured_media":9326,"comment_status":"open","ping_status":"closed","template":"","meta":{"bwfblock_default_font":"","_kad_blocks_custom_css":"","_kad_blocks_head_custom_js":"","_kad_blocks_body_custom_js":"","_kad_blocks_footer_custom_js":"","_kadence_starter_templates_imported_post":false,"_kad_post_transparent":"default","_kad_post_title":"","_kad_post_layout":"default","_kad_post_sidebar_id":"","_kad_post_content_style":"default","_kad_post_vertical_padding":"default","_kad_post_feature":"","_kad_post_feature_position":"","_kad_post_header":false,"_kad_post_footer":false,"_kad_post_classname":""},"product_brand":[1415],"product_cat":[364],"product_tag":[367,366,405,406],"class_list":{"0":"post-9407","1":"product","2":"type-product","3":"status-publish","4":"has-post-thumbnail","6":"product_brand-mes-pochoirs","7":"product_cat-pochoirs-animaux","8":"product_tag-animal","9":"product_tag-animaux","10":"product_tag-renard","11":"product_tag-tete-renard","13":"first","14":"instock","15":"taxable","16":"shipping-taxable","17":"purchasable","18":"product-type-variable","19":"has-default-attributes","20":"entry","21":"content-bg","22":"loop-entry"},"taxonomy_info":{"product_brand":[{"value":1415,"label":"Mes Pochoirs"}],"product_cat":[{"value":364,"label":"Animaux"}],"product_tag":[{"value":367,"label":"animal"},{"value":366,"label":"animaux"},{"value":405,"label":"renard"},{"value":406,"label":"t\u00eate renard"}]},"featured_image_src_large":["https:\/\/mes-pochoirs.com\/wp-content\/uploads\/2023\/07\/A0004-FR-pochoir-tete-renard-copyright-mes-pochoirs-858x1030.jpg",858,1030,true],"author_info":[],"comment_info":0,"_links":{"self":[{"href":"https:\/\/mes-pochoirs.com\/de\/wp-json\/wp\/v2\/product\/9407","targetHints":{"allow":["GET"]}}],"collection":[{"href":"https:\/\/mes-pochoirs.com\/de\/wp-json\/wp\/v2\/product"}],"about":[{"href":"https:\/\/mes-pochoirs.com\/de\/wp-json\/wp\/v2\/types\/product"}],"replies":[{"embeddable":true,"href":"https:\/\/mes-pochoirs.com\/de\/wp-json\/wp\/v2\/comments?post=9407"}],"wp:featuredmedia":[{"embeddable":true,"href":"https:\/\/mes-pochoirs.com\/de\/wp-json\/wp\/v2\/media\/9326"}],"wp:attachment":[{"href":"https:\/\/mes-pochoirs.com\/de\/wp-json\/wp\/v2\/media?parent=9407"}],"wp:term":[{"taxonomy":"product_brand","embeddable":true,"href":"https:\/\/mes-pochoirs.com\/de\/wp-json\/wp\/v2\/product_brand?post=9407"},{"taxonomy":"product_cat","embeddable":true,"href":"https:\/\/mes-pochoirs.com\/de\/wp-json\/wp\/v2\/product_cat?post=9407"},{"taxonomy":"product_tag","embeddable":true,"href":"https:\/\/mes-pochoirs.com\/de\/wp-json\/wp\/v2\/product_tag?post=9407"}],"curies":[{"name":"wp","href":"https:\/\/api.w.org\/{rel}","templated":true}]}}