{"id":9901,"date":"2023-08-30T14:39:03","date_gmt":"2023-08-30T12:39:03","guid":{"rendered":"https:\/\/mes-pochoirs.com\/?post_type=product&#038;p=9901"},"modified":"2026-03-25T14:58:38","modified_gmt":"2026-03-25T13:58:38","slug":"schablone-portrat-frau-brille-dutt-pa0008","status":"publish","type":"product","link":"https:\/\/mes-pochoirs.com\/de\/produit\/pochoir-portrait-femme-lunettes-chignon-pa0008","title":{"rendered":"Schablone Portr\u00e4t Frau Brille &amp; Dutt - PA0008"},"content":{"rendered":"<h2>Schablone Portr\u00e4t Frau Brille &amp; Dutt<\/h2>\n<p><strong>Schablone Portr\u00e4t Frau Brille &amp; Dutt<\/strong> f\u00e4ngt mit K\u00fchnheit eine ausgesprochen modische und zeitgen\u00f6ssische Haltung ein. Das Gesicht einer Frau, die stolz eine gro\u00dfe Brille und einen hohen Dutt tr\u00e4gt, l\u00e4sst uns in die Welt der urbanen Eleganz eintauchen. Ihre halb ge\u00f6ffneten Lippen und ihr maskenhafter, aber ausdrucksstarker Blick bilden ein starkes Bild, das von Stil, Selbstbewusstsein und Unabh\u00e4ngigkeit gepr\u00e4gt ist.<\/p>\n<p>Dieses glamour\u00f6se und charismatische Portr\u00e4t erinnert an eine moderne, selbstbewusste Frau, die man sich auf den Stra\u00dfen einer Gro\u00dfstadt oder im Scheinwerferlicht eines Fotostudios vorstellen kann. Diese Schablone verleiht jeder Malerei, jedem Gem\u00e4lde oder jeder Wandgestaltung sofort einen markanten und ikonischen Touch.<\/p>\n<h3>Ein minimalistischer und wirkungsvoller Grafikstil<\/h3>\n<p><strong>Schablone Portr\u00e4t Frau Brille &amp; Dutt<\/strong> besticht durch seine schlagkr\u00e4ftige visuelle Komposition, die gekonnt mit Kontrasten und klaren Linien spielt. Die \u00c4sthetik der Pop Art wird hier mit einem Hauch von Street Chic vermischt: pr\u00e4zise Konturen, geschickt geschnittene Licht- und Schattenbereiche und ein vertikales Layout, das der Szene mehr H\u00f6he verleiht.<\/p>\n<p>Diese Schablone ist ein ideales Kreativwerkzeug f\u00fcr K\u00fcnstler auf der Suche nach einem starken visuellen Ausdruck. Sie ist wiederverwendbar, beidseitig verwendbar und in verschiedenen Gr\u00f6\u00dfen erh\u00e4ltlich. Sie eignet sich perfekt f\u00fcr moderne Malprojekte, Grafikdekorationen oder die individuelle Gestaltung von Textilien. Ein echter Trumpf, um Ihren Kompositionen Charakter zu verleihen.<\/p>","protected":false},"excerpt":{"rendered":"<p><strong>Schablone Portr\u00e4t Frau Brille &amp; Dutt<\/strong> mit schickem Aussehen. Wiederverwendbar, Profi-Qualit\u00e4t, verschiedene Gr\u00f6\u00dfen f\u00fcr Kunstwerke oder Wanddekorationen.<\/p>","protected":false},"featured_media":9912,"comment_status":"open","ping_status":"closed","template":"","meta":{"bwfblock_default_font":"","_kad_blocks_custom_css":"","_kad_blocks_head_custom_js":"","_kad_blocks_body_custom_js":"","_kad_blocks_footer_custom_js":"","_kadence_starter_templates_imported_post":false,"_kad_post_transparent":"default","_kad_post_title":"","_kad_post_layout":"default","_kad_post_sidebar_id":"","_kad_post_content_style":"default","_kad_post_vertical_padding":"default","_kad_post_feature":"","_kad_post_feature_position":"","_kad_post_header":false,"_kad_post_footer":false,"_kad_post_classname":""},"product_brand":[1415],"product_cat":[332,36],"product_tag":[419,431,359,418,430,333,390],"class_list":{"0":"post-9901","1":"product","2":"type-product","3":"status-publish","4":"has-post-thumbnail","6":"product_brand-mes-pochoirs","7":"product_cat-pochoirs-pop-art","8":"product_cat-pochoirs-portraits-visages","9":"product_tag-belle-femme","10":"product_tag-chignon","11":"product_tag-femme","12":"product_tag-jeune-femme","13":"product_tag-lunettes","14":"product_tag-pop-art","15":"product_tag-portrait","17":"first","18":"instock","19":"taxable","20":"shipping-taxable","21":"purchasable","22":"product-type-variable","23":"entry","24":"content-bg","25":"loop-entry"},"taxonomy_info":{"product_brand":[{"value":1415,"label":"Mes Pochoirs"}],"product_cat":[{"value":332,"label":"Pop Art"},{"value":36,"label":"Portraits &amp; Visages"}],"product_tag":[{"value":419,"label":"belle femme"},{"value":431,"label":"chignon"},{"value":359,"label":"femme"},{"value":418,"label":"jeune femme"},{"value":430,"label":"lunettes"},{"value":333,"label":"pop art"},{"value":390,"label":"portrait"}]},"featured_image_src_large":["https:\/\/mes-pochoirs.com\/wp-content\/uploads\/2023\/08\/PA0008-FR-pochoir-portrait-femme-lunette-chignon-copyright-mes-pochoirs-858x1030.jpg",858,1030,true],"author_info":[],"comment_info":30,"_links":{"self":[{"href":"https:\/\/mes-pochoirs.com\/de\/wp-json\/wp\/v2\/product\/9901","targetHints":{"allow":["GET"]}}],"collection":[{"href":"https:\/\/mes-pochoirs.com\/de\/wp-json\/wp\/v2\/product"}],"about":[{"href":"https:\/\/mes-pochoirs.com\/de\/wp-json\/wp\/v2\/types\/product"}],"replies":[{"embeddable":true,"href":"https:\/\/mes-pochoirs.com\/de\/wp-json\/wp\/v2\/comments?post=9901"}],"wp:featuredmedia":[{"embeddable":true,"href":"https:\/\/mes-pochoirs.com\/de\/wp-json\/wp\/v2\/media\/9912"}],"wp:attachment":[{"href":"https:\/\/mes-pochoirs.com\/de\/wp-json\/wp\/v2\/media?parent=9901"}],"wp:term":[{"taxonomy":"product_brand","embeddable":true,"href":"https:\/\/mes-pochoirs.com\/de\/wp-json\/wp\/v2\/product_brand?post=9901"},{"taxonomy":"product_cat","embeddable":true,"href":"https:\/\/mes-pochoirs.com\/de\/wp-json\/wp\/v2\/product_cat?post=9901"},{"taxonomy":"product_tag","embeddable":true,"href":"https:\/\/mes-pochoirs.com\/de\/wp-json\/wp\/v2\/product_tag?post=9901"}],"curies":[{"name":"wp","href":"https:\/\/api.w.org\/{rel}","templated":true}]}}