{"id":10537,"date":"2023-10-09T15:19:37","date_gmt":"2023-10-09T13:19:37","guid":{"rendered":"https:\/\/mes-pochoirs.com\/?post_type=product&#038;p=10537"},"modified":"2025-10-31T11:58:44","modified_gmt":"2025-10-31T10:58:44","slug":"graffiti-heart-stencil-s0013","status":"publish","type":"product","link":"https:\/\/mes-pochoirs.com\/en\/produit\/pochoir-coeur-graffiti-s0013","title":{"rendered":"Graffiti Heart Stencil - S0013"},"content":{"rendered":"<h2>Graffiti Heart Stencil<\/h2>\n<p><strong>Graffiti Heart Stencil<\/strong> evokes both tenderness and rebellion. With its deformed heart that seems to flow like a tear, it speaks of raw feelings, lost love or a passionate message shouted high on the city's walls. This strong, contrasting motif will add a unique emotional dimension to any mural, canvas or urban support. It's eye-catching, thought-provoking, and leaves no one indifferent.<\/p>\n<h3>A powerful urban aesthetic<\/h3>\n<p><strong>Graffiti Heart Stencil<\/strong> is pure street art, with its expressive drips and irregular lines. Inspired by crude graffiti and protest street art, this stencil offers a modern, striking graphic touch. Ideal for artists who want to add a strong symbolism to their painting, decoration or textile design projects. Made of high quality, reusable, reversible and available in several sizes, it will become an essential tool for your visual compositions.<\/p>","protected":false},"excerpt":{"rendered":"<p><strong>Graffiti Heart Stencil<\/strong> with a striking dripping style, perfect for painting or frescoes. Reusable, high quality, various sizes.<\/p>","protected":false},"featured_media":10493,"comment_status":"open","ping_status":"closed","template":"","meta":{"bwfblock_default_font":"","_kad_blocks_custom_css":"","_kad_blocks_head_custom_js":"","_kad_blocks_body_custom_js":"","_kad_blocks_footer_custom_js":"","_kadence_starter_templates_imported_post":false,"_kad_post_transparent":"default","_kad_post_title":"","_kad_post_layout":"default","_kad_post_sidebar_id":"","_kad_post_content_style":"default","_kad_post_vertical_padding":"default","_kad_post_feature":"","_kad_post_feature_position":"","_kad_post_header":false,"_kad_post_footer":false,"_kad_post_classname":""},"product_brand":[1415],"product_cat":[315,950,1138,273],"product_tag":[325,236,285,296,324,287,286],"class_list":{"0":"post-10537","1":"product","2":"type-product","3":"status-publish","4":"has-post-thumbnail","6":"product_brand-mes-pochoirs","7":"product_cat-pochoirs-symboles","8":"product_cat-pochoirs-fetes-evenements","9":"product_cat-pochoirs-saint-valentin","10":"product_cat-pochoirs-urbains","11":"product_tag-amour","12":"product_tag-coeur","13":"product_tag-graffiti","14":"product_tag-love","15":"product_tag-symbole","16":"product_tag-tag","17":"product_tag-urbain","19":"first","20":"instock","21":"taxable","22":"shipping-taxable","23":"purchasable","24":"product-type-variable","25":"entry","26":"content-bg","27":"loop-entry"},"taxonomy_info":{"product_brand":[{"value":1415,"label":"Mes Pochoirs"}],"product_cat":[{"value":315,"label":"Symboles"},{"value":950,"label":"F\u00eates &amp; \u00c9v\u00e9nements"},{"value":1138,"label":"Saint-Valentin"},{"value":273,"label":"Urbains"}],"product_tag":[{"value":325,"label":"amour"},{"value":236,"label":"coeur"},{"value":285,"label":"graffiti"},{"value":296,"label":"Love"},{"value":324,"label":"symbole"},{"value":287,"label":"tag"},{"value":286,"label":"urbain"}]},"featured_image_src_large":["https:\/\/mes-pochoirs.com\/wp-content\/uploads\/2023\/10\/S0013-FR-pochoir-coeur-copyright-mes-pochoirs-com-858x1030.jpg",858,1030,true],"author_info":[],"comment_info":0,"_links":{"self":[{"href":"https:\/\/mes-pochoirs.com\/en\/wp-json\/wp\/v2\/product\/10537","targetHints":{"allow":["GET"]}}],"collection":[{"href":"https:\/\/mes-pochoirs.com\/en\/wp-json\/wp\/v2\/product"}],"about":[{"href":"https:\/\/mes-pochoirs.com\/en\/wp-json\/wp\/v2\/types\/product"}],"replies":[{"embeddable":true,"href":"https:\/\/mes-pochoirs.com\/en\/wp-json\/wp\/v2\/comments?post=10537"}],"wp:featuredmedia":[{"embeddable":true,"href":"https:\/\/mes-pochoirs.com\/en\/wp-json\/wp\/v2\/media\/10493"}],"wp:attachment":[{"href":"https:\/\/mes-pochoirs.com\/en\/wp-json\/wp\/v2\/media?parent=10537"}],"wp:term":[{"taxonomy":"product_brand","embeddable":true,"href":"https:\/\/mes-pochoirs.com\/en\/wp-json\/wp\/v2\/product_brand?post=10537"},{"taxonomy":"product_cat","embeddable":true,"href":"https:\/\/mes-pochoirs.com\/en\/wp-json\/wp\/v2\/product_cat?post=10537"},{"taxonomy":"product_tag","embeddable":true,"href":"https:\/\/mes-pochoirs.com\/en\/wp-json\/wp\/v2\/product_tag?post=10537"}],"curies":[{"name":"wp","href":"https:\/\/api.w.org\/{rel}","templated":true}]}}