{"id":10640,"date":"2023-10-13T11:25:13","date_gmt":"2023-10-13T09:25:13","guid":{"rendered":"https:\/\/mes-pochoirs.com\/?post_type=product&#038;p=10640"},"modified":"2026-02-16T10:46:21","modified_gmt":"2026-02-16T09:46:21","slug":"portrait-stencil-mona-lisa-pa0009","status":"publish","type":"product","link":"https:\/\/mes-pochoirs.com\/en\/produit\/pochoir-portrait-mona-lisa-pa0009","title":{"rendered":"Mona Lisa Portrait Stencil - PA0009"},"content":{"rendered":"<h2>Mona Lisa Portrait Stencil<\/h2>\n<p><strong>Mona Lisa Portrait Stencil<\/strong> \u2014 Ce pochoir rend hommage \u00e0 l\u2019un des portraits les plus c\u00e9l\u00e8bres au monde\u202f: <em>Mona Lisa<\/em> de L\u00e9onard de Vinci. Son regard myst\u00e9rieux, son sourire \u00e9nigmatique et sa posture l\u00e9gendaire sont ici r\u00e9interpr\u00e9t\u00e9s en version stencil pour devenir accessibles \u00e0 tous les cr\u00e9ateurs. Gr\u00e2ce \u00e0 cette silhouette fid\u00e8lement stylis\u00e9e, l\u2019artiste peut capturer l\u2019essence de ce chef-d\u2019\u0153uvre tout en y apportant sa touche personnelle. Ce pochoir \u00e9voque \u00e0 la fois l\u2019\u00e9l\u00e9gance classique et la puissance du symbole, parfait pour sublimer une toile, un mur, un meuble ou tout support artistique.<\/p>\n<h3>Un style hybride entre classicisme et street art<\/h3>\n<p><strong>Mona Lisa Portrait Stencil<\/strong> \u2014 Avec ses contrastes nets, ses contours ma\u00eetris\u00e9s et son rendu graphique, ce pochoir propose une version contemporaine de la Mona Lisa. Son d\u00e9coupage pr\u00e9cis permet un jeu subtil entre ombres et lumi\u00e8res, id\u00e9al pour des effets percutants en peinture, a\u00e9rosol, encre ou pastel. Il se marie aussi bien avec un fond textur\u00e9 qu\u2019un mur brut, pour un rendu \u00e0 la crois\u00e9e du pop art et du street art. <strong>Reusable<\/strong>, <strong>reversible<\/strong> and available in <strong>several sizes<\/strong>, ce pochoir de haute qualit\u00e9 est un excellent outil pour les artistes peintres, d\u00e9corateurs et amateurs de d\u00e9tournement visuel iconique.<\/p>","protected":false},"excerpt":{"rendered":"<p><strong>Mona Lisa Portrait Stencil<\/strong>A striking rendering for a picture or wall. Reusable, high quality, available in several sizes.<\/p>","protected":false},"featured_media":10652,"comment_status":"open","ping_status":"closed","template":"","meta":{"bwfblock_default_font":"","_kad_blocks_custom_css":"","_kad_blocks_head_custom_js":"","_kad_blocks_body_custom_js":"","_kad_blocks_footer_custom_js":"","_kadence_starter_templates_imported_post":false,"_kad_post_transparent":"default","_kad_post_title":"","_kad_post_layout":"default","_kad_post_sidebar_id":"","_kad_post_content_style":"default","_kad_post_vertical_padding":"default","_kad_post_feature":"","_kad_post_feature_position":"","_kad_post_header":false,"_kad_post_footer":false,"_kad_post_classname":""},"product_brand":[1415],"product_cat":[332,732,36],"product_tag":[439,469,340,466,471,470,465,468,467,333,390],"class_list":{"0":"post-10640","1":"product","2":"type-product","3":"status-publish","4":"has-post-thumbnail","6":"product_brand-mes-pochoirs","7":"product_cat-pochoirs-pop-art","8":"product_cat-pochoirs-icones-celebrites","9":"product_cat-pochoirs-portraits-visages","10":"product_tag-art","11":"product_tag-celebre","12":"product_tag-celebrite","13":"product_tag-davinci","14":"product_tag-icone","15":"product_tag-joconde","16":"product_tag-mona-lisa","17":"product_tag-peintre","18":"product_tag-peinture","19":"product_tag-pop-art","20":"product_tag-portrait","22":"first","23":"instock","24":"taxable","25":"shipping-taxable","26":"purchasable","27":"product-type-variable","28":"entry","29":"content-bg","30":"loop-entry"},"taxonomy_info":{"product_brand":[{"value":1415,"label":"Mes Pochoirs"}],"product_cat":[{"value":332,"label":"Pop Art"},{"value":732,"label":"Ic\u00f4nes &amp; C\u00e9l\u00e9brit\u00e9s"},{"value":36,"label":"Portraits &amp; Visages"}],"product_tag":[{"value":439,"label":"art"},{"value":469,"label":"c\u00e9l\u00e8bre"},{"value":340,"label":"c\u00e9l\u00e9brit\u00e9"},{"value":466,"label":"DaVinci"},{"value":471,"label":"icone"},{"value":470,"label":"Joconde"},{"value":465,"label":"Mona Lisa"},{"value":468,"label":"peintre"},{"value":467,"label":"peinture"},{"value":333,"label":"pop art"},{"value":390,"label":"portrait"}]},"featured_image_src_large":["https:\/\/mes-pochoirs.com\/wp-content\/uploads\/2023\/10\/PA0009-FR-pochoir-portrait-mona-lisa-copyright-mes-pochoirs-com-858x1030.jpg",858,1030,true],"author_info":[],"comment_info":7,"_links":{"self":[{"href":"https:\/\/mes-pochoirs.com\/en\/wp-json\/wp\/v2\/product\/10640","targetHints":{"allow":["GET"]}}],"collection":[{"href":"https:\/\/mes-pochoirs.com\/en\/wp-json\/wp\/v2\/product"}],"about":[{"href":"https:\/\/mes-pochoirs.com\/en\/wp-json\/wp\/v2\/types\/product"}],"replies":[{"embeddable":true,"href":"https:\/\/mes-pochoirs.com\/en\/wp-json\/wp\/v2\/comments?post=10640"}],"wp:featuredmedia":[{"embeddable":true,"href":"https:\/\/mes-pochoirs.com\/en\/wp-json\/wp\/v2\/media\/10652"}],"wp:attachment":[{"href":"https:\/\/mes-pochoirs.com\/en\/wp-json\/wp\/v2\/media?parent=10640"}],"wp:term":[{"taxonomy":"product_brand","embeddable":true,"href":"https:\/\/mes-pochoirs.com\/en\/wp-json\/wp\/v2\/product_brand?post=10640"},{"taxonomy":"product_cat","embeddable":true,"href":"https:\/\/mes-pochoirs.com\/en\/wp-json\/wp\/v2\/product_cat?post=10640"},{"taxonomy":"product_tag","embeddable":true,"href":"https:\/\/mes-pochoirs.com\/en\/wp-json\/wp\/v2\/product_tag?post=10640"}],"curies":[{"name":"wp","href":"https:\/\/api.w.org\/{rel}","templated":true}]}}